{"id":38023,"date":"2024-04-19T11:34:37","date_gmt":"2024-04-19T15:34:37","guid":{"rendered":"https:\/\/cpa.ca\/insurance\/business\/pli-resources\/"},"modified":"2024-07-10T14:36:12","modified_gmt":"2024-07-10T18:36:12","slug":"pli-resources","status":"publish","type":"page","link":"https:\/\/cpa.ca\/fr\/insurance\/business\/pli-resources\/","title":{"rendered":"Ressources sur l\u2019assurance responsabilit\u00e9 professionnelle"},"content":{"rendered":"<p><img decoding=\"async\" style=\"text-align: center;\" src=\"https:\/\/cpa.ca\/docs\/File\/Insurance\/BMS_masthead.png\" alt=\"BMS, CPA, CPAP logos\" \/><br \/>\n<!----\n\n<h2>Ressources<\/h2>\n\n\n[cptui cptui_posttype=\"post\" cptui_shortcode=\"default_shortcode\" cptui_shortcode_id=\"378\" title=\"\" order_by=\"date\" order=\"DESC\" taxonomy-category=\"cpap-fr\"][\/cptui]--------------><\/p>\n<div class=\"textwrapright\" style=\"border:thin maroon solid; max-width:450px;padding:5px;\">Des ressources suppl\u00e9mentaires pour les membres peuvent \u00eatre trouv\u00e9es sur le <a href=\"https:\/\/secure.cpa.ca\/Apps\/frPages\/Webinaires-BMS\" target=\"_blank\" rel=\"noopener\">Page Ressources BMS<\/a> dans le portail des membres.<\/p>\n<li>Webinaires BMS sur l&#8217;assurance responsabilit\u00e9 professionnelle<\/li>\n<li>BMS &#8211; Beazley Cyber Risk Mitigation Strategies<\/li>\n<\/div>\n<h2>Ressources publiques<\/h2>\n<div id=\"cptui\" class=\"cptui-shortcode default-shortcode cptui-shortcode-378\">\n\t\n\t\t<div id=\"cptui-37945\" class=\"cptui-entry post-37945 post type-post status-publish format-standard hentry category-cpap-fr category-assurance category-pli-public-fr category-spotlight-fr\">\n\n\t\t\t\n\t\t\t<div class=\"cptui-entry-header\">\n\n\t\t\t\t\n\t\t\t\t<h4 class=\"cptui-entry-title\"><a class=\"cptui-link\" href=\"https:\/\/cpa.ca\/fr\/why-the-cpa-cpap-bms-insurance-liability-program-is-right-for-you\/\">Pourquoi le programme d\u2019assurance responsabilit\u00e9 professionnelle de la SCP\/CSPP est fait pour vous<\/a><\/h4>\n\n\t\t\t\t\n\t\t\t<\/div><!-- .cptui-entry-header -->\n\n\t\t\t<div class=\"cptui-entry-summary\">\n\n\t\t\t\t\n\t\t\t\t<p><img decoding=\"async\" class=\"textwrapright\" style=\"max-width: 300px;\" src=\"https:\/\/cpa.ca\/docs\/File\/Insurance\/BMS_masthead.png\" alt=\"BMS, CPA, CPAP logos\" \/>Le programme d&#8217;assurance responsabilit\u00e9 professionnelle et d&#8217;assurance responsabilit\u00e9 civile des entreprises de la SCP\/CSPP, dont le courtier est BMS Canada Risk Services Ltd. (BMS), est le plus important programme du genre pour les praticiens de la psychologie au Canada, avec plus de 12 000 participants. Depuis plus de 30 ans, le programme prot\u00e8ge les membres de la SCP\/CSPP au moyen d&#8217;une assurance responsabilit\u00e9 civile sp\u00e9cialis\u00e9e, qu&#8217;il s&#8217;agisse de sa couverture de premier plan sur le march\u00e9, du soutien des courtiers ou de la d\u00e9fense des int\u00e9r\u00eats des associations. Pour en savoir plus, <a href=\"https:\/\/cpa.ca\/fr\/insurance\/business\/\">cliquez ici<\/a>.<\/p>\n<p>Pour souscrire une couverture, veuillez consulter le site <a href=\"http:\/\/www.psychology.bmsgroup.com\" target=\"_blank\" rel=\"noopener\">www.psychology.bmsgroup.com<\/a>, \u00a0ou contacter un courtier BMS au 1-855-318-6038 ou par courriel \u00e0 <a href=\"mailto:psy.insurance@bmsgroup.com\">psy.insurance@bmsgroup.com<\/a>.<\/p>\n<ul>\n<li><a href=\"https:\/\/cpa.ca\/docs\/File\/Insurance\/CPACPAP_ProgramHighlights_2025_FR.pdf\" target=\"_blank\" rel=\"noopener\">Pourquoi le programme d\u2019assurance responsabilit\u00e9 professionnelle de la SCP\/CSPP est fait pour vous<\/a> (PDF)<\/li>\n<li><a href=\"https:\/\/cpa.ca\/docs\/File\/Insurance\/CPACPAP_PLIChecklist_2025_FR.pdf\" target=\"_blank\" rel=\"noopener\">Comparaison des polices d&#8217;assurance responsabilit\u00e9 professionnelle <\/a> (PDF)<\/li>\n<li><a href=\"https:\/\/cpa.ca\/docs\/File\/Insurance\/CPACPAP_FAQs_2025_FR.pdf\" target=\"_blank\" rel=\"noopener\">Questions fr\u00e9quemment pos\u00e9es sur le programme de la SCP\/CSPP<\/a> (PDF)<\/li>\n<li><a href=\"https:\/\/cpa.ca\/docs\/File\/Insurance\/CPACPAP_ClaimResponse_2025_FR.pdf\" target=\"_blank\" rel=\"noopener\">Que faire en cas de sinistre?<\/a> (PDF)<\/li>\n<li><a href=\"https:\/\/youtu.be\/f7qV920Dj2I\" target=\"_blank\" rel=\"noopener\">Vid\u00e9o sur la couverture de la responsabilit\u00e9 professionnelle et de la responsabilit\u00e9 civile g\u00e9n\u00e9rale <\/a><\/li>\n<\/ul>\n<p>Pour plus d&#8217;informations sur votre courtier d&#8217;assurance, le BMS et les principes de conduite de la r\u00e9glementation des assurances, veuillez \u00a0<a href=\"https:\/\/www.bmsgroup.com\/regulation\" target=\"_blank\" rel=\"noopener\">cliquer ici<\/a>.<br \/>\n<!---------------------------\n\n<img decoding=\"async\" class=\"textwrapright\" style=\"max-width: 300px;\" src=\"https:\/\/cpa.ca\/docs\/File\/Insurance\/BMS_masthead.png\" alt=\"BMS, CPA, CPAP logos\" \/>Le programme d\u2019assurance responsabilit\u00e9 professionnelle de BMS est le plus important programme du genre pour les psychologues praticiens au Canada. Depuis plus de 30 ans, le programme prot\u00e8ge les membres de la SCP\/CSPP au moyen d\u2019une assurance responsabilit\u00e9 professionnelle sp\u00e9cialis\u00e9e, en offrant une protection de premier plan sur le march\u00e9, le soutien des courtiers et la d\u00e9fense des int\u00e9r\u00eats de l\u2019association. En savoir plus <strong><a href=\"https:\/\/cpa.ca\/fr\/insurance\/business\/\">ici<\/a><\/strong>.\n\n<a href=\"https:\/\/cpa.ca\/docs\/File\/Insurance\/CPACPAP_ProgramHighlights_2024_FR.pdf\" target=\"_blank\" rel=\"noopener\">Points saillants du programme<\/a>\n----------------><\/p>\n<hr \/>\n\n\t\t\t\t\n\t\t\t<\/div><!-- .cptui-entry-summary -->\n\n\t\t<\/div><!-- #cptui-xxxxx .cptui-entry -->\n\n\t\t\n\t\t<div id=\"cptui-39046\" class=\"cptui-entry post-39046 post type-post status-publish format-standard hentry category-pli-public-fr\">\n\n\t\t\t\n\t\t\t<div class=\"cptui-entry-header\">\n\n\t\t\t\t\n\t\t\t\t<h4 class=\"cptui-entry-title\"><a class=\"cptui-link\" href=\"https:\/\/cpa.ca\/fr\/overview-newsletter-content\/\">DID YOU KNOW?<\/a><\/h4>\n\n\t\t\t\t\n\t\t\t<\/div><!-- .cptui-entry-header -->\n\n\t\t\t<div class=\"cptui-entry-summary\">\n\n\t\t\t\t\n\t\t\t\t<p>The CPA\/CPAP Liability Insurance program is the largest of its kind for psychological practitioners in the country, covering more than 11,000 participating members. Are you with us?<\/p>\n<p>Members have exclusive access to a range of comprehensive insurance products designed for the profession, including:<\/p>\n<ul>\n<li> $10M Professional Liability Insurance, including Regulatory Legal Expense cover<\/li>\n<li> Commercial General Liability<\/li>\n<li> Business Package \/ Property, Crime &amp; Business Interruption<\/li>\n<li> $1M Cyber Security &amp; Privacy Liability<\/li>\n<li> Employment Practices Liability<\/li>\n<li> Legal Expense Insurance &amp; Legal Services Package<\/li>\n<\/ul>\n<p>With expert service and support on your side, empirical-based risk management resources, and best-in-class legal defence, the CPA\/CPAP program is designed to suit your professional needs. For more information, please visit <a target=\"\" href=\"https:\/\/www.psychology.bmsgroup.com\/\" rel=\"noopener\">www.psychology.bmsgroup.com<\/a>.<\/p>\n<hr \/>\n\n\t\t\t\t\n\t\t\t<\/div><!-- .cptui-entry-summary -->\n\n\t\t<\/div><!-- #cptui-xxxxx .cptui-entry -->\n\n\t\t\n\t\t<div id=\"cptui-39035\" class=\"cptui-entry post-39035 post type-post status-publish format-standard hentry category-pli-public-fr\">\n\n\t\t\t\n\t\t\t<div class=\"cptui-entry-header\">\n\n\t\t\t\t\n\t\t\t\t<h4 class=\"cptui-entry-title\"><a class=\"cptui-link\" href=\"https:\/\/cpa.ca\/fr\/overview-video\/\">Responsabilit\u00e9 professionnelle du psychologue &#8211; Vid\u00e9o de pr\u00e9sentation<\/a><\/h4>\n\n\t\t\t\t\n\t\t\t<\/div><!-- .cptui-entry-header -->\n\n\t\t\t<div class=\"cptui-entry-summary\">\n\n\t\t\t\t\n\t\t\t\t<p>Responsabilit&eacute; professionnelle du psychologue &#8211; Que savez-vous des risques et des responsabilit&eacute;s associ&eacute;s &agrave; votre travail comme psychologue? BMS Canada Service de Risques (BMS) examinera la couverture d&#8217;assurance responsabilit&eacute; professionnelle disponible exclusivement par le biais du programme d&#8217;assurance SCP\/CSPP et comment cela r&eacute;pond pour vous prot&eacute;ger.<\/p>\n<div><iframe loading=\"lazy\" title=\"Cpa Cpap French Webinar 2022\" src=\"https:\/\/cdn.jwplayer.com\/players\/utsgldxT-jbBSkZ0M.html\" width=\"640\" height=\"360\" frameborder=\"0\" scrolling=\"auto\" allowfullscreen=\"\"><\/iframe><\/div>\n<hr \/>\n\n\t\t\t\t\n\t\t\t<\/div><!-- .cptui-entry-summary -->\n\n\t\t<\/div><!-- #cptui-xxxxx .cptui-entry -->\n\n\t\t\n\t\t<div id=\"cptui-39055\" class=\"cptui-entry post-39055 post type-post status-publish format-standard hentry category-pli-public-fr\">\n\n\t\t\t\n\t\t\t<div class=\"cptui-entry-header\">\n\n\t\t\t\t\n\t\t\t\t<h4 class=\"cptui-entry-title\"><a class=\"cptui-link\" href=\"https:\/\/cpa.ca\/fr\/what-coverage-do-i-need-a-quick-guide-to-deciding-what-insurance-is-recommended-for-your-practice\/\">Quels sont mes besoins d\u2019assurance ? Un petit guide pour d\u00e9terminer quelle assurance est recommand\u00e9e en fonction de vos activit\u00e9s professionnelles<\/a><\/h4>\n\n\t\t\t\t\n\t\t\t<\/div><!-- .cptui-entry-header -->\n\n\t\t\t<div class=\"cptui-entry-summary\">\n\n\t\t\t\t\n\t\t\t\t<p><a target=\"_blank\" href=\"https:\/\/cpa.ca\/docs\/File\/CPAP\/repository\/5 PSY_What coverage do I need_2023_FR.pdf\" rel=\"noopener\">Quels sont mes besoins d\u2019assurance ? Un petit guide pour d\u00e9terminer quelle assurance est recommand\u00e9e en fonction de vos activit\u00e9s professionnelles<\/a> (PDF)<\/p>\n<hr \/>\n\n\t\t\t\t\n\t\t\t<\/div><!-- .cptui-entry-summary -->\n\n\t\t<\/div><!-- #cptui-xxxxx .cptui-entry -->\n\n\t\t\n\t\t<div id=\"cptui-39064\" class=\"cptui-entry post-39064 post type-post status-publish format-standard hentry category-pli-public-fr\">\n\n\t\t\t\n\t\t\t<div class=\"cptui-entry-header\">\n\n\t\t\t\t\n\t\t\t\t<h4 class=\"cptui-entry-title\"><a class=\"cptui-link\" href=\"https:\/\/cpa.ca\/fr\/bms-beazley-cyber-risk-mitigation-strategies\/\">BMS &#8211; Strat\u00e9gies d\u2019att\u00e9nuation des cyberrisques recommand\u00e9es par Beazley<\/a><\/h4>\n\n\t\t\t\t\n\t\t\t<\/div><!-- .cptui-entry-header -->\n\n\t\t\t<div class=\"cptui-entry-summary\">\n\n\t\t\t\t\n\t\t\t\t<div><iframe loading=\"lazy\" title=\"BMS - Strat\u00e9gies d\u2019att\u00e9nuation des cyberrisques recommand\u00e9es par Beazley\" src=\"https:\/\/cdn.jwplayer.com\/players\/qlJglARr-pmxFPgVs.html\" width=\"640\" height=\"360\" frameborder=\"0\" scrolling=\"auto\" allowfullscreen=\"allowfullscreen\"><\/iframe><\/div>\n<h3><a href=\"https:\/\/cpa.ca\/docs\/File\/Insurance\/Cyber Risk Mitigation Strategies_2023_FR.pdf\" target=\"_blank\" rel=\"noopener\">Strat\u00e9gies d\u2019att\u00e9nuation des cyberrisques<\/a> (PDF)<\/h3>\n<hr \/>\n\n\t\t\t\t\n\t\t\t<\/div><!-- .cptui-entry-summary -->\n\n\t\t<\/div><!-- #cptui-xxxxx .cptui-entry -->\n\n\t\t\n\t\t<div id=\"cptui-39068\" class=\"cptui-entry post-39068 post type-post status-publish format-standard hentry category-pli-public-fr\">\n\n\t\t\t\n\t\t\t<div class=\"cptui-entry-header\">\n\n\t\t\t\t\n\t\t\t\t<h4 class=\"cptui-entry-title\"><a class=\"cptui-link\" href=\"https:\/\/cpa.ca\/fr\/bms-employment-practices-liability\/\">BMS &#8211; Responsailit\u00e9 li\u00e9e aux pratiques d&#8217;emploi<\/a><\/h4>\n\n\t\t\t\t\n\t\t\t<\/div><!-- .cptui-entry-header -->\n\n\t\t\t<div class=\"cptui-entry-summary\">\n\n\t\t\t\t\n\t\t\t\t<div><iframe loading=\"lazy\" title=\"Responsailit\u00e9 li\u00e9e aux pratiques d'emploi - BMS\" src=\"https:\/\/cdn.jwplayer.com\/players\/BEX0obqh-pmxFPgVs.html\" width=\"640\" height=\"360\" frameborder=\"0\" scrolling=\"auto\" allowfullscreen=\"allowfullscreen\"><\/iframe><\/div>\n<hr \/>\n\n\t\t\t\t\n\t\t\t<\/div><!-- .cptui-entry-summary -->\n\n\t\t<\/div><!-- #cptui-xxxxx .cptui-entry -->\n\n\t\t\n\t\t<div id=\"cptui-39078\" class=\"cptui-entry post-39078 post type-post status-publish format-standard hentry category-pli-public-fr\">\n\n\t\t\t\n\t\t\t<div class=\"cptui-entry-header\">\n\n\t\t\t\t\n\t\t\t\t<h4 class=\"cptui-entry-title\"><a class=\"cptui-link\" href=\"https:\/\/cpa.ca\/fr\/program-highlights\/\">Faits saillants du programme<\/a><\/h4>\n\n\t\t\t\t\n\t\t\t<\/div><!-- .cptui-entry-header -->\n\n\t\t\t<div class=\"cptui-entry-summary\">\n\n\t\t\t\t\n\t\t\t\t<p><a href=\"https:\/\/cpa.ca\/docs\/File\/CPAP\/repository\/11 CPACPAP_ProgramHighlights_2024_FR.pdf\" target=\"_blank\" rel=\"noopener\">Faits saillants du programme<\/a> (PDF) <\/p>\n<p>Pourquoi le programme d\u2019assurance de la SCP\/CSPP est fait pour vous &#8211; 1 page<\/p>\n<hr \/>\n\n\t\t\t\t\n\t\t\t<\/div><!-- .cptui-entry-summary -->\n\n\t\t<\/div><!-- #cptui-xxxxx .cptui-entry -->\n\n\t\t\n\t\t<div id=\"cptui-39079\" class=\"cptui-entry post-39079 post type-post status-publish format-standard hentry category-pli-public-fr\">\n\n\t\t\t\n\t\t\t<div class=\"cptui-entry-header\">\n\n\t\t\t\t\n\t\t\t\t<h4 class=\"cptui-entry-title\"><a class=\"cptui-link\" href=\"https:\/\/cpa.ca\/fr\/what-coverage-do-i-need\/\">De quelle protection ai-je besoin?<\/a><\/h4>\n\n\t\t\t\t\n\t\t\t<\/div><!-- .cptui-entry-header -->\n\n\t\t\t<div class=\"cptui-entry-summary\">\n\n\t\t\t\t\n\t\t\t\t<p><a href=\"https:\/\/cpa.ca\/docs\/File\/CPAP\/repository\/12 CPACPAP_WhatCoverageDoINeed_2024_FR.pdf\" target=\"_blank\" rel=\"noopener\">De quelle protection ai-je besoin?<\/a> (PDF)<\/p>\n<p>Un petit guide pour d\u00e9terminer quelle assurance est recommand\u00e9e pour vos activit\u00e9s professionnelles<\/p>\n<hr \/>\n\n\t\t\t\t\n\t\t\t<\/div><!-- .cptui-entry-summary -->\n\n\t\t<\/div><!-- #cptui-xxxxx .cptui-entry -->\n\n\t\t\n\t\t<div id=\"cptui-39082\" class=\"cptui-entry post-39082 post type-post status-publish format-standard hentry category-pli-public-fr\">\n\n\t\t\t\n\t\t\t<div class=\"cptui-entry-header\">\n\n\t\t\t\t\n\t\t\t\t<h4 class=\"cptui-entry-title\"><a class=\"cptui-link\" href=\"https:\/\/cpa.ca\/fr\/professional-liability-insurance-checklist\/\">Aide-m\u00e9moire sur l\u2019assurance responsabilit\u00e9 professionnelle<\/a><\/h4>\n\n\t\t\t\t\n\t\t\t<\/div><!-- .cptui-entry-header -->\n\n\t\t\t<div class=\"cptui-entry-summary\">\n\n\t\t\t\t\n\t\t\t\t<p><a href=\"https:\/\/cpa.ca\/docs\/File\/CPAP\/repository\/13 CPACPAP_ComparisonChart_FAQs_2024_FR.pdf\" target=\"_blank\" rel=\"noopener\">Aide-m\u00e9moire sur l\u2019assurance responsabilit\u00e9 professionnelle<\/a> (PDF)<\/p>\n<hr \/>\n\n\t\t\t\t\n\t\t\t<\/div><!-- .cptui-entry-summary -->\n\n\t\t<\/div><!-- #cptui-xxxxx .cptui-entry -->\n\n\t\t<\/div>\n<p><!---\n\n\n<h2>Member Resources<\/h2>\n\n\n---><\/p>\n","protected":false},"excerpt":{"rendered":"<p><!--more--><\/p>\n","protected":false},"author":2,"featured_media":0,"parent":2951,"menu_order":0,"comment_status":"closed","ping_status":"closed","template":"templates\/no-sidebar.php","meta":{"_acf_changed":false,"_monsterinsights_skip_tracking":false,"_monsterinsights_sitenote_active":false,"_monsterinsights_sitenote_note":"","_monsterinsights_sitenote_category":0,"footnotes":""},"class_list":["post-38023","page","type-page","status-publish","hentry"],"acf":[],"aioseo_notices":[],"publishpress_future_workflow_manual_trigger":{"enabledWorkflows":[]},"_links":{"self":[{"href":"https:\/\/cpa.ca\/fr\/wp-json\/wp\/v2\/pages\/38023","targetHints":{"allow":["GET"]}}],"collection":[{"href":"https:\/\/cpa.ca\/fr\/wp-json\/wp\/v2\/pages"}],"about":[{"href":"https:\/\/cpa.ca\/fr\/wp-json\/wp\/v2\/types\/page"}],"author":[{"embeddable":true,"href":"https:\/\/cpa.ca\/fr\/wp-json\/wp\/v2\/users\/2"}],"replies":[{"embeddable":true,"href":"https:\/\/cpa.ca\/fr\/wp-json\/wp\/v2\/comments?post=38023"}],"version-history":[{"count":6,"href":"https:\/\/cpa.ca\/fr\/wp-json\/wp\/v2\/pages\/38023\/revisions"}],"predecessor-version":[{"id":39043,"href":"https:\/\/cpa.ca\/fr\/wp-json\/wp\/v2\/pages\/38023\/revisions\/39043"}],"up":[{"embeddable":true,"href":"https:\/\/cpa.ca\/fr\/wp-json\/wp\/v2\/pages\/2951"}],"wp:attachment":[{"href":"https:\/\/cpa.ca\/fr\/wp-json\/wp\/v2\/media?parent=38023"}],"curies":[{"name":"wp","href":"https:\/\/api.w.org\/{rel}","templated":true}]}}