{"id":3996,"date":"2015-10-02T13:19:58","date_gmt":"2015-10-02T17:19:58","guid":{"rendered":"https:\/\/cpa.ca\/sections\/socialandpersonality\/executive\/"},"modified":"2025-10-28T14:07:54","modified_gmt":"2025-10-28T18:07:54","slug":"executive","status":"publish","type":"page","link":"https:\/\/cpa.ca\/fr\/sections\/socialandpersonality\/executive\/","title":{"rendered":"Social and Personality Section Executive"},"content":{"rendered":"<h3 style=\"display: inline-block;\">The section is currently looking for a new chair! <\/h3>\n<p><!--- For 2025, we will continue to have the student awards, social and personality psychology content at the convention, and an invited speaker at the main convention. Unfortunately, we are NOT hosting a pre-conference in 2025.----><\/p>\n<p>Please contact <a href=\"mailto:Sections@cpa.ca\">Sections@cpa.ca<\/a> if you are interested in getting involved.<\/p>\n<hr \/>\n<h2>2023-2024<\/h2>\n<p>The Social &amp; Personality Executive assists with the planning of the student awards and with the selection of the winners (blind review facilitated by the administrator). Thank you very much for your time, guidance, and feedback!<\/p>\n<p>Dr. Hilary Bergsieker, University of Waterloo<br \/>\nDr. Justin Friesen, University of Winnipeg<\/p>\n<p>As well, a special thanks to the reviewers for the 2023-2024 abstract submissions for the Social &amp; Personality section:<\/p>\n<article style=\"-webkit-column-width: 450px; -moz-column-width: 450px; column-width: 450px;\">\n<div style=\"margin-top:-10px;\">\n<div style=\"-webkit-column-break-inside: avoid; page-break-inside: avoid; break-inside: avoid;\">\n<strong>Faculty<\/strong><br \/>\nCJ Bishop, Memorial University<br \/>\nCaroline Erentzen, Toronto Metropolitan University<br \/>\nBenjamin Giguere, University of Guelph<br \/>\nReeshma Haji, Laurentian University<br \/>\nAlexandra Sanderson, Ambrose University<br \/>\nSteven Smith, Saint Mary\u2019s University<\/p>\n<\/div>\n<div style=\"-webkit-column-break-inside: avoid; page-break-inside: avoid; break-inside: avoid;\">\n<strong>Student Representatives<\/strong><br \/>\nAtara Lonn, Carleton University<br \/>\nErik Allen, York University<br \/>\nJennifer McWilliams, University of New Brunswick<\/p>\n<p><strong>Past-Chair of Section<\/strong><br \/>\nCheryl Harasymchuk, Carleton University\n<\/div>\n<\/div>\n<\/article>\n<hr \/>\n<h2>2022-2023<\/h2>\n<p>The Social &amp; Personality Executive assists with the planning of the student awards and with the selection of the winners (blind review facilitated by the administrator). Thank you very much for your time, guidance, and feedback!<\/p>\n<p>Ian Newby-Clark, University of Guelph<br \/>\nSusan Boon, University of Calgary<br \/>\nJustin Friesen, University of Winnipeg<\/p>\n<p>As well, a special thanks to the reviewers for the 2022-2023 abstract submissions for the Social &amp; Personality section:<\/p>\n<article style=\"-webkit-column-width: 450px; -moz-column-width: 450px; column-width: 450px;\">\n<div style=\"margin-top:-10px;\">\n<div style=\"-webkit-column-break-inside: avoid; page-break-inside: avoid; break-inside: avoid;\">\n<strong>Faculty<\/strong><br \/>\nJessica Cameron, University of Manitoba<br \/>\nGordon Hodson, Brock University<br \/>\nJustin Friesen, University of Winnipeg<br \/>\nSusan Boon, University of Calgary<br \/>\nIan Newby-Clark, University of Guelph<br \/>\nDonald Sharpe, University of Regina<br \/>\nDavid Bourgeois, Saint Mary\u2019s University<\/p>\n<\/div>\n<div style=\"-webkit-column-break-inside: avoid; page-break-inside: avoid; break-inside: avoid;\">\n<strong>Student Representatives<\/strong><br \/>\nMaya Amestoy, University of Toronto<br \/>\nNaomi Phung, York University<\/p>\n<p><strong>Chair of Section<\/strong><br \/>\nCheryl Harasymchuk, Carleton University\n<\/div>\n<\/div>\n<\/article>\n<hr \/>\n<h2>2021-2022<\/h2>\n<p>A special thanks to the reviewers for the 2021-2022 abstract submissions for the Social &amp; Personality section:<\/p>\n<article style=\"-webkit-column-width: 450px; -moz-column-width: 450px; column-width: 450px;\">\n<div style=\"margin-top:-10px;\">\n<div style=\"-webkit-column-break-inside: avoid; page-break-inside: avoid; break-inside: avoid;\">\n<strong>Faculty<\/strong><br \/>\nCynthia Fekken, Queen\u2019s University<br \/>\nSean Mackinnon, Dalhousie University<br \/>\nDan Bailis, University of Manitoba<br \/>\nMichael Conway, Concordia University<br \/>\nDonald Sharpe, University of Regina<br \/>\nDavid Bourgeois, Saint Mary\u2019s University<br \/>\nNo\u00e9mie Carbonneau, Universit\u00e9 du Qu\u00e9bec \u00e0 Trois-Rivi\u00e8res<\/p>\n<\/div>\n<div style=\"-webkit-column-break-inside: avoid; page-break-inside: avoid; break-inside: avoid;\">\n<strong>Student Reviewers<\/strong><br \/>\nJessica Desrochers, Carleton University<br \/>\nIloradanon Efimoff, University of Manitoba\n<\/div>\n<\/div>\n<\/article>\n<p>As well, a special thanks to Ian R. Newby-Clark and Iloradanon Efimoff (our section\u2019s student representative) for stepping in on short notice to assist with the modified student awards this year.<\/p>\n<h4>Student Representative<\/h4>\n<p>(2021-2022) Iloradanon Efimoff, University of Manitoba<\/p>\n<p><!----------  2014 -----------------------------\n\n\n<h4>Section Chair<\/h4>\n\n\nDr.\u00a0Leanne Son Hing\nDepartment of Psychology\nUniversity of Guelph\nMacKinnon Extension, Room 3016\nGuelph, ON, N1G2W1\nPhone: (519) 824-4120 ext. 54475\nemail:\u00a0SonHing@psy.uoguelph.ca\n\n\n<h4>Chair Elect<\/h4>\n\n\nDr. Frederick Grouzet\nDepartment of Psychology\nUniversity of Victoria\nCornett Building A253, 3800 Finnerty Road (Ring Rd)\nVictoria, BC,\u00a0V8P5C2\nPhone: (250)\u00a0721-7537\nE-mail:\u00a0fgrouzet@uvic.ca\n\n\n<h4>Past Chair<\/h4>\n\n\nDr. Kerry Kawakami\nDepartment of Psychology\nYork University\n4700 Keele Street\nToronto, ON, M3J 1P3\nPhone: (416) 736-2100 ext. 40563\nE-mail:\u00a0kawakami@yorku.ca\n\n\n<h4>Secretary\/Treasurer<\/h4>\n\n\nDr. Jim Cameron\nDepartment of Psychology\nSaint Mary's University\n923 Robie Street\nHalifax, NS, B3H 3C3\nPhone: (902) 491-8653\nE-mail:\u00a0jcameron@smu.ca\n\n\n<h4>Review Coordinator<\/h4>\n\n\nDr. Susan Boon\nDepartment of Psychology\nUniversity of Calgary\n2500 University Dr NW\nCalgary, AB, T2N 1T4\nPhone: (403) 220-5564\nE-mail:\u00a0sdboon@ucalgary.ca\nSection Programme Coordinator\nDr. Leanne Song Hing (see above)\n\n\n<h4>Student Representative<\/h4>\n\n\nSana Rizvi\nDepartment of Psychology\nUniversity of Waterloo\n200 University Avenue West\nWaterloo, ON, N2L 3G1\nEmail:\u00a0s5rizvi@uwaterloo.ca\n\n\n<h4>Awards Coordinator<\/h4>\n\n\nDr. Tara Burke\nDepartment of Psychology\nRyerson University\n3050 Victoria Street\nToronto, ON, M5B 2K3\nPhone: (416) 979-5000 ext. 6519\n\n\n<h4>Listserv<\/h4>\n\n\nDr. John Ellard\nDepartment of Psychology\nUniversity of Calgary\n2500 University Dr. NW\nCalgary, AB, T2N 1N4\nPhone: (403) 220-4960\nE-mail:\u00a0ellard@ucalgary.ca\n\n\n<h4>Website<\/h4>\n\n\nSana Rizvi\nDepartment of Psychology\nUniversity of Waterloo\n200 University Avenue West\nWaterloo, ON, N2L 3G1\nEmail:\u00a0s5rizvi@uwaterloo.ca\n\n\n<h3>Previous Section Chairs<\/h3>\n\n\n\n\n<ul>\n2013-2014: Leanne Son Hing\n2012-2013: Elizabeth Page-Gould, University of Toronto\n2011-2012: Geoff MacDonald, University of Toronto\n2010-2011: Jessica Cameron, University of Manitoba\n2008-2010: Sean Moore, University of Alberta\n2007-2008: Katherine Starzyk, University of Manitoba\n2006-2007: Michael Wohl, Carleton University\n2004-2005: Steven Smith, Saint Mary's University\n2003-2004: Lisa Sinclair, University of Winnipeg\n2002-2003: Lisa Sinclair, University of Winnipeg\n2001-2002: Ian Newby-Clark, University of Windsor\n2000-2001: Bob Sinclair, University of Alberta\n1999-2000: Tara MacDonald, Queen's University\n1998-1999: Vicki Esses, University of Western Ontario\n1997-1998: John Tivendell, University of Moncton\n1996-1997: Mark Baldwin, University of Winnipeg\n1995-1996: Richard Lalonde, York University\n1994-1995: Nancy DeCourville, Brock University\n1993-1994: Connie Kristiansen, Carleton University\n1991-1992: Jim Olson, University of Western Ontario\n1990-1991: Richard Bourhis, Universit\u00e9 du Qu\u00e9bec a Montr\u00e9al\n1988-1990: Kenneth Dion, University of Toronto\n1987-1988: Robert Vallerand, Universit\u00e9 du Qu\u00e9bec a Montr\u00e9al\n1986-1987: James Alcock, York University<\/ul>\n\n\n--><\/p>\n","protected":false},"excerpt":{"rendered":"<p><!--more--><\/p>\n","protected":false},"author":2,"featured_media":0,"parent":3811,"menu_order":0,"comment_status":"closed","ping_status":"closed","template":"templates\/no-sidebar.php","meta":{"_acf_changed":false,"_monsterinsights_skip_tracking":false,"_monsterinsights_sitenote_active":false,"_monsterinsights_sitenote_note":"","_monsterinsights_sitenote_category":0,"footnotes":""},"class_list":["post-3996","page","type-page","status-publish","hentry"],"acf":[],"aioseo_notices":[],"publishpress_future_workflow_manual_trigger":{"enabledWorkflows":[]},"_links":{"self":[{"href":"https:\/\/cpa.ca\/fr\/wp-json\/wp\/v2\/pages\/3996","targetHints":{"allow":["GET"]}}],"collection":[{"href":"https:\/\/cpa.ca\/fr\/wp-json\/wp\/v2\/pages"}],"about":[{"href":"https:\/\/cpa.ca\/fr\/wp-json\/wp\/v2\/types\/page"}],"author":[{"embeddable":true,"href":"https:\/\/cpa.ca\/fr\/wp-json\/wp\/v2\/users\/2"}],"replies":[{"embeddable":true,"href":"https:\/\/cpa.ca\/fr\/wp-json\/wp\/v2\/comments?post=3996"}],"version-history":[{"count":6,"href":"https:\/\/cpa.ca\/fr\/wp-json\/wp\/v2\/pages\/3996\/revisions"}],"predecessor-version":[{"id":44881,"href":"https:\/\/cpa.ca\/fr\/wp-json\/wp\/v2\/pages\/3996\/revisions\/44881"}],"up":[{"embeddable":true,"href":"https:\/\/cpa.ca\/fr\/wp-json\/wp\/v2\/pages\/3811"}],"wp:attachment":[{"href":"https:\/\/cpa.ca\/fr\/wp-json\/wp\/v2\/media?parent=3996"}],"curies":[{"name":"wp","href":"https:\/\/api.w.org\/{rel}","templated":true}]}}