{"id":4197,"date":"2018-07-06T15:25:57","date_gmt":"2018-07-06T19:25:57","guid":{"rendered":"https:\/\/cpa.ca\/sections\/traumaticstress\/"},"modified":"2025-06-23T10:05:25","modified_gmt":"2025-06-23T14:05:25","slug":"traumaticstress","status":"publish","type":"page","link":"https:\/\/cpa.ca\/fr\/sections\/traumaticstress\/","title":{"rendered":"Section du stress traumatique"},"content":{"rendered":"<p><img decoding=\"async\" class=\"textwrapleft\" style=\"max-height: 130px;\" src=\"\/docs\/File\/Sections\/TraumaticStress\/MainPage.jpg\" alt=\"Traumatic Stress Section\" height=\"130\" \/><\/p>\n<p><strong>Pr\u00e9sidente 2025-2026 :<\/strong> D<sup>re<\/sup> Marie-Eve Daspe<\/p>\n<h4 style=\"display: inline-block;\">Bienvenue\u2009!<\/h4>\n<p>Bienvenue sur la section sur le Stress Traumatique du site Internet de la SCP. Notre site a \u00e9t\u00e9 con\u00e7u dans le but de fournir des informations utiles aux psychologues, chercheurs, autres professionnels et toute personne du grand public \u00e0 propos de la science et de la pratique clinique entourant la psychotraumatologie.<\/p>\n<p>Nous accueillons votre participation au sein de notre mission et de nos buts sp\u00e9cifiques tels qu\u2019ils sont d\u00e9crits ci-dessous. Nous vous prions \u00e9galement de nous faire part de vos actualit\u00e9s, \u00e9v\u00e9nements \u00e0 venir, offres d\u2019emploi et publications r\u00e9centes.<\/p>\n<p>[The Canadian Psychological Association Traumatic Stress Section has partnered with the International Society for Traumatic Stress Studies (ISTSS) for a <a href=\"https:\/\/cpa.ca\/fr\/sections\/traumaticstress\/globalcollaboration\/\">Global Collaboration<\/a> project.]<\/p>\n<p>Nous reconnaissons et appr\u00e9cions le fait qu\u2019il y ait ici des visiteurs qui font face \u00e0 des cons\u00e9quences li\u00e9es \u00e0 des \u00e9v\u00e9nements de vie traumatisants, incluant notamment des incidents de guerre et d\u2019efforts de maintien de la paix, des accidents tragiques associ\u00e9s au milieu de travail ou \u00e0 la conduite automobile, des catastrophes naturelles et humaines, des violences interpersonnelles et domestiques telles que la maltraitance infantile, entre autres. Nous vous encourageons \u00e0 faire l\u2019usage des renseignements fournis sur notre site Internet ainsi qu\u2019\u00e0 chercher le soutien de votre entourage ou, au besoin, obtenir de l\u2019aide d\u2019un professionnel.<\/p>\n<p>En cas de besoin, n\u2019h\u00e9sitez surtout pas \u00e0 entrer en contact avec toute personne membre du comit\u00e9 ex\u00e9cutif de la SCP-SST. Nous nous engageons \u00e0 r\u00e9pondre \u00e0 vos besoins et int\u00e9r\u00eats et nous vous remercions de visiter notre site Internet.<\/p>\n<hr \/>\n<h4>Nouvelles :<\/h4>\n<div id=\"cptui\" class=\"cptui-shortcode default-shortcode cptui-shortcode-378\">\n\t<\/div>\n<hr \/>\n<h4>Mission :<\/h4>\n<p>La section sur le stress traumatique a d\u2019abord pour but de promouvoir l\u2019\u00e9valuation et le traitement de la sant\u00e9 mentale bas\u00e9 sur des donn\u00e9es probantes et de sensibiliser le public \u00e0 l\u2019importance de la recherche et du traitement adapt\u00e9 du stress traumatique. Son but est \u00e9galement d\u2019encourager activement l\u2019implication et la participation d\u2019institutions appropri\u00e9es dans les secteurs publics et priv\u00e9s pour le d\u00e9veloppement de programmes et de proc\u00e9dures efficaces visant \u00e0 att\u00e9nuer les effets psychologiques du stress traumatique sur la population canadienne.<\/p>\n<p>Les objectifs sp\u00e9cifiques de cette section sont de :<\/p>\n<ul>\n<li>Promouvoir les soins en sant\u00e9 mentale pour les victimes de traumatismes bas\u00e9s sur des donn\u00e9es probantes\u2009;<\/li>\n<li>Promouvoir les meilleures pratiques en mati\u00e8re de protocoles d\u2019\u00e9valuation pour les victimes de traumatismes\u2009;<\/li>\n<li>Plaider pour le financement de la recherche sur les cons\u00e9quences psychosociales li\u00e9es aux catastrophes, \u00e0 la violence interpersonnelle, aux accidents li\u00e9s au travail et au transport, aux traumatismes m\u00e9dicaux, au travail en contexte d\u2019urgence, au service militaire ou autres types de traumatismes auxquels le public canadien est expos\u00e9\u2009;<\/li>\n<li>Soutenir les populations particuli\u00e8rement vuln\u00e9rables au stress traumatique compte tenu de leur statut ou de leur histoire de vie, comme par exemple les Premi\u00e8res Nations, les personnes r\u00e9fugi\u00e9es, les nouveaux immigrants, etc.\u2009;<\/li>\n<li>Faire valoir une couverture plus inclusive des interventions efficaces sur les cons\u00e9quences psychologiques du stress traumatique aupr\u00e8s du gouvernement et autres assureurs priv\u00e9s\u2009;<\/li>\n<li>Informer la population canadienne sur la pr\u00e9valence, les effets \u00e9conomiques et la science psychologique pertinente au stress traumatique\u2009;<\/li>\n<li>\u00c9tablir un lien d\u2019\u00e9change et de partage d\u2019informations avec d\u2019autres associations nationales et internationales impliqu\u00e9es dans les probl\u00e9matiques de stress traumatique.<\/li>\n<\/ul>\n<h4>Avantages et b\u00e9n\u00e9fices d\u2019adh\u00e9rer \u00e0 la Section du Stress Traumatique :<\/h4>\n<p>En vous inscrivant \u00e0 la Section du Stress Traumatique, vous aurez acc\u00e8s \u00e0 :<\/p>\n<ul>\n<li>Des infolettres trimestrielles\u2009;<\/li>\n<li>Des opportunit\u00e9s de r\u00e9seautage pour les \u00e9tudiants, chercheurs et professionnels de carri\u00e8re\u2009;<\/li>\n<li>Une r\u00e9duction des cotisations pour les membres de la Soci\u00e9t\u00e9 internationale pour les \u00e9tudes sur le stress traumatique (ISTSS)\u2009;<\/li>\n<li>Une r\u00e9duction des tarifs pour les conf\u00e9rences de l\u2019ISTSS\u2009;<\/li>\n<li>Et plus\u2009!<\/li>\n<\/ul>\n<h4>Comment vous inscrire\u2009?<\/h4>\n<p>Contactez le bureau de la SCP (<a href=\"mailto:membership@cpa.ca\">membership@cpa.ca<\/a> ou composez le 1-888-472-0657)<\/p>\n","protected":false},"excerpt":{"rendered":"<p>CPA&#8217;s Section on Traumatic Stress. This portion of the website has been designed to provide useful information to psychologists, other professionals, and the broader public pertaining to the science and clinical practice of psychotraumatology.<\/p>\n","protected":false},"author":2,"featured_media":0,"parent":2692,"menu_order":0,"comment_status":"closed","ping_status":"closed","template":"","meta":{"_acf_changed":false,"_monsterinsights_skip_tracking":false,"_monsterinsights_sitenote_active":false,"_monsterinsights_sitenote_note":"","_monsterinsights_sitenote_category":0,"footnotes":""},"class_list":["post-4197","page","type-page","status-publish","hentry"],"acf":[],"aioseo_notices":[],"publishpress_future_workflow_manual_trigger":{"enabledWorkflows":[]},"_links":{"self":[{"href":"https:\/\/cpa.ca\/fr\/wp-json\/wp\/v2\/pages\/4197","targetHints":{"allow":["GET"]}}],"collection":[{"href":"https:\/\/cpa.ca\/fr\/wp-json\/wp\/v2\/pages"}],"about":[{"href":"https:\/\/cpa.ca\/fr\/wp-json\/wp\/v2\/types\/page"}],"author":[{"embeddable":true,"href":"https:\/\/cpa.ca\/fr\/wp-json\/wp\/v2\/users\/2"}],"replies":[{"embeddable":true,"href":"https:\/\/cpa.ca\/fr\/wp-json\/wp\/v2\/comments?post=4197"}],"version-history":[{"count":6,"href":"https:\/\/cpa.ca\/fr\/wp-json\/wp\/v2\/pages\/4197\/revisions"}],"predecessor-version":[{"id":43342,"href":"https:\/\/cpa.ca\/fr\/wp-json\/wp\/v2\/pages\/4197\/revisions\/43342"}],"up":[{"embeddable":true,"href":"https:\/\/cpa.ca\/fr\/wp-json\/wp\/v2\/pages\/2692"}],"wp:attachment":[{"href":"https:\/\/cpa.ca\/fr\/wp-json\/wp\/v2\/media?parent=4197"}],"curies":[{"name":"wp","href":"https:\/\/api.w.org\/{rel}","templated":true}]}}