{"id":4202,"date":"2010-02-08T15:35:14","date_gmt":"2010-02-08T20:35:14","guid":{"rendered":"https:\/\/cpa.ca\/sections\/traumaticstress\/executive\/"},"modified":"2025-06-23T10:11:15","modified_gmt":"2025-06-23T14:11:15","slug":"executive","status":"publish","type":"page","link":"https:\/\/cpa.ca\/fr\/sections\/traumaticstress\/executive\/","title":{"rendered":"Comit\u00e9 ex\u00e9cutif de la section du stress traumatique"},"content":{"rendered":"<h3>Membres ex\u00e9cutifs 2025 &#8211; 2026<\/h3>\n<article style=\"-webkit-column-width: 300px; -moz-column-width: 300px; column-width: 300px;\">\n<div style=\"margin-top: -10px;\">\n<div style=\"-webkit-column-break-inside: avoid; page-break-inside: avoid; break-inside: avoid;\">\n<p><strong>Pr\u00e9sident<\/strong><br \/>\nD<sup>re<\/sup> Marie-Eve Daspe<\/p>\n<\/div>\n<div style=\"-webkit-column-break-inside: avoid; page-break-inside: avoid; break-inside: avoid;\">\n<p><strong>Pr\u00e9sident(e) sortant(e)<\/strong><br \/>\nD<sup>re<\/sup> Alina Protopopescu<\/p>\n<\/div>\n<div style=\"-webkit-column-break-inside: avoid; page-break-inside: avoid; break-inside: avoid;\">\n<p><strong>Pr\u00e9sident d\u00e9sign\u00e9<\/strong><br \/>\nD<sup>re<\/sup> Michelle Lonergan<\/p>\n<\/div>\n<div style=\"-webkit-column-break-inside: avoid; page-break-inside: avoid; break-inside: avoid;\">\n<p><strong>Repr\u00e9sentante des \u00e9tudiants<\/strong><br \/>\nSophie Beaudette<\/p>\n<\/div>\n<div style=\"-webkit-column-break-inside: avoid; page-break-inside: avoid; break-inside: avoid;\">\n<p><strong>Tr\u00e9sori\u00e8re<\/strong><br \/>\nD<sup>re<\/sup> Isabelle Lessard<\/p>\n<p>&nbsp;<\/p>\n<\/div>\n<\/div>\n<div style=\"margin-top: -10px;\">\n<div style=\"-webkit-column-break-inside: avoid; page-break-inside: avoid; break-inside: avoid;\">\n<h3>Ad hoc Members<\/h3>\n<p><strong>Membres ad hoc<\/strong><br \/>\nD<sup>re<\/sup> Dr. Sarah Chaulk<br \/>\nD<sup>re<\/sup>\u00a0Jacinthe Dion<br \/>\nD<sup>re<\/sup> Eva Monson<br \/>\nSophia Gran-Ruaz<br \/>\nFlorence Sansoucy<\/p>\n<\/div>\n<\/div>\n<\/article>\n<p>&nbsp;<\/p>\n<div>S&#8217;il vous pla\u00eet, voir \u00e9galement les <a href=\"\/docs\/File\/Sections\/TraumaticStress\/Bylaws-CPA%20Traumatic%20Stress%20Section.pdf\" target=\"_blank\" rel=\"noopener noreferrer\">R\u00e8glements de la Section du Stress Traumatique<\/a> (anglais seulement)<br \/>\nS&#8217;il vous pla\u00eet, voir \u00e9galement les <a href=\"\/fr\/aproposdelascp\/reglementsgeneraux\/\">R\u00e8glements administratifs<\/a><\/div>\n<p>&nbsp;<\/p>\n","protected":false},"excerpt":{"rendered":"<p><!--more--><\/p>\n","protected":false},"author":2,"featured_media":0,"parent":4197,"menu_order":0,"comment_status":"closed","ping_status":"closed","template":"templates\/no-sidebar.php","meta":{"_acf_changed":false,"_monsterinsights_skip_tracking":false,"_monsterinsights_sitenote_active":false,"_monsterinsights_sitenote_note":"","_monsterinsights_sitenote_category":0,"footnotes":""},"class_list":["post-4202","page","type-page","status-publish","hentry"],"acf":[],"aioseo_notices":[],"publishpress_future_workflow_manual_trigger":{"enabledWorkflows":[]},"_links":{"self":[{"href":"https:\/\/cpa.ca\/fr\/wp-json\/wp\/v2\/pages\/4202","targetHints":{"allow":["GET"]}}],"collection":[{"href":"https:\/\/cpa.ca\/fr\/wp-json\/wp\/v2\/pages"}],"about":[{"href":"https:\/\/cpa.ca\/fr\/wp-json\/wp\/v2\/types\/page"}],"author":[{"embeddable":true,"href":"https:\/\/cpa.ca\/fr\/wp-json\/wp\/v2\/users\/2"}],"replies":[{"embeddable":true,"href":"https:\/\/cpa.ca\/fr\/wp-json\/wp\/v2\/comments?post=4202"}],"version-history":[{"count":6,"href":"https:\/\/cpa.ca\/fr\/wp-json\/wp\/v2\/pages\/4202\/revisions"}],"predecessor-version":[{"id":43345,"href":"https:\/\/cpa.ca\/fr\/wp-json\/wp\/v2\/pages\/4202\/revisions\/43345"}],"up":[{"embeddable":true,"href":"https:\/\/cpa.ca\/fr\/wp-json\/wp\/v2\/pages\/4197"}],"wp:attachment":[{"href":"https:\/\/cpa.ca\/fr\/wp-json\/wp\/v2\/media?parent=4202"}],"curies":[{"name":"wp","href":"https:\/\/api.w.org\/{rel}","templated":true}]}}