{"id":4210,"date":"2017-04-28T15:42:27","date_gmt":"2017-04-28T19:42:27","guid":{"rendered":"https:\/\/cpa.ca\/sections\/traumaticstress\/simplefacts\/"},"modified":"2024-10-18T16:13:10","modified_gmt":"2024-10-18T20:13:10","slug":"simplefacts","status":"publish","type":"page","link":"https:\/\/cpa.ca\/fr\/sections\/traumaticstress\/simplefacts\/","title":{"rendered":"Section du stress traumatique : Information de base sur le trouble de stress post-traumatique (TSPT)"},"content":{"rendered":"<div lang=\"FR-CA\" style=\"mso-ansi-language: FR-CA;\">\n<h3>Faits \u00e0 propos du Stress Traumatique et TSPT<\/h3>\n<h3><\/h3>\n<h4>1. Qu\u2019est-ce qu\u2019un \u00e9v\u00e9nement traumatisant\u2009?<\/h4>\n<p>Un \u00e9v\u00e9nement est consid\u00e9r\u00e9 traumatisant si la personne a v\u00e9cu, a \u00e9t\u00e9 t\u00e9moin ou a \u00e9t\u00e9 confront\u00e9e \u00e0 un ou des \u00e9v\u00e9nements impliquant la mort ou des menaces de mort, des blessures graves ou de la violence sexuelle (American Psychiatric Association [APA], 2013).<\/p>\n<h4>2. Qu\u2019est-ce que le Trouble de Stress Post-Traumatique (TSPT)\u2009?<\/h4>\n<p>Le trouble de stress post-traumatique, tel que diagnostiqu\u00e9 par un psychologue agr\u00e9\u00e9, est une r\u00e9action psychologique qui peut se manifester \u00e0 la suite d\u2019un \u00e9v\u00e9nement traumatisant. Les sympt\u00f4mes doivent \u00eatre pr\u00e9sents pendant plus de 30 jours pour qu\u2019un diagnostic de TSPT soit consid\u00e9r\u00e9.<\/p>\n<p>Une personne d\u00e9veloppant un TSPT doit pr\u00e9senter quatre types de sympt\u00f4mes :<\/p>\n<ol>\n<li>Les intrusions, incluant le fait de revivre continuellement l\u2019\u00e9v\u00e9nement par le biais de pens\u00e9es intrusives ou de r\u00eaves ind\u00e9sirables.<\/li>\n<li>\u00c9viter les stimuli li\u00e9s \u00e0 l\u2019\u00e9v\u00e9nement traumatisant, soit de fa\u00e7on consciente ou inconsciente.<\/li>\n<li>Pens\u00e9es ou humeurs n\u00e9gatives li\u00e9es \u00e0 soi-m\u00eame, aux autres ou au monde qui nous entoure.<\/li>\n<li>Hyperexcitation, incluant l\u2019irritabilit\u00e9, avoir de la difficult\u00e9 \u00e0 dormir, de se sentir constamment sur ses gardes.<\/li>\n<\/ol>\n<h4>3. Est-il courant de vivre une exp\u00e9rience traumatisante\u2009?<\/h4>\n<p>On estime que 76 % des Canadiens rapportent avoir v\u00e9cu un \u00e9v\u00e9nement traumatisant au cours de leur vie (Ameringen, Mancini et Boyle, 2008). Les \u00e9v\u00e9nements couramment rapport\u00e9s incluent notamment le d\u00e9c\u00e8s inattendu d\u2019un proche, une agression sexuelle ou le fait de voir quelqu\u2019un gravement bless\u00e9 ou tu\u00e9, entre autres (Ameringen, Mancini et Boyle, 2008).<\/p>\n<h4>4. Est-il courant de d\u00e9velopper un TSPT apr\u00e8s avoir v\u00e9cu un \u00e9v\u00e9nement traumatisant\u2009?<\/h4>\n<p>On estime qu\u2019environ 8 % des Canadiens ayant v\u00e9cu un \u00e9v\u00e9nement traumatisant d\u00e9veloppent un TSPT (Association canadienne pour la sant\u00e9 mentale, 2013). Au Canada, le taux pr\u00e9valence \u00e0 vie du TSPT est estim\u00e9 \u00e0 9,2 % (Ameringen, Mancini, Patterson et Boyle, 2008). Il est \u00e9galement consid\u00e9r\u00e9 que la proportion varie grandement selon le type d\u2019\u00e9v\u00e9nement v\u00e9cu et l\u2019individu. Bien que les hommes aient tendance \u00e0 \u00eatre plus souvent victimes d\u2019\u00e9v\u00e9nements potentiellement traumatisants que les femmes, celles-ci sont plus susceptibles de r\u00e9pondre aux crit\u00e8res du TSPT (Tolin &amp; Foa, 2006).<\/p>\n<h4>5. Quelle est la dur\u00e9e des sympt\u00f4mes\u2009?<\/h4>\n<p>L\u2019intensit\u00e9 du TSPT varie grandement, au m\u00eame titre que sa dur\u00e9e, allant de quelques mois \u00e0 plusieurs ann\u00e9es.\u00a0 <ins>(Arnberg<\/ins> <ins>et<\/ins> <ins>al<\/ins>.<ins>,<\/ins> <ins>2013)<\/ins>.<\/p>\n<p>Si vous pr\u00e9sentez des sympt\u00f4mes pendant 3 mois ou plus, il est fortement recommand\u00e9 de consulter un th\u00e9rapeute (voir la rubrique <em>O\u00f9 obtenir de l\u2019aide<\/em>\u2009?). Bien qu&#8217;un diagnostic de SSPT n\u00e9cessite que les sympt\u00f4mes soient pr\u00e9sents depuis au moins un mois, vous pouvez demander de l&#8217;aide plus t\u00f4t si vos sympt\u00f4mes ont un impact sur votre vie quotidienne. Dans certains cas, les personnes peuvent \u00e9galement avoir des r\u00e9actions retard\u00e9es et les sympt\u00f4mes peuvent ne pas se manifester avant six mois ou plus.<\/p>\n<\/div>\n<p>6. Quels autres probl\u00e8mes les personnes peuvent-elles d\u00e9velopper apr\u00e8s un \u00e9v\u00e9nement traumatisant\u2009?<\/p>\n<div lang=\"FR-CA\" style=\"mso-ansi-language: FR-CA;\">\n<p>La d\u00e9pression majeure est un probl\u00e8me qui se d\u00e9veloppe couramment apr\u00e8s avoir \u00e9t\u00e9 expos\u00e9 \u00e0 un traumatisme. Ce probl\u00e8me se caract\u00e9rise, parmi d\u2019autres sympt\u00f4mes, par une humeur constamment d\u00e9prim\u00e9e et une perte d\u2019int\u00e9r\u00eats envers les activit\u00e9s quotidiennes.\u00a0 Ces sympt\u00f4mes se distinguent des <em>\u00ab\u2009blues\u2009\u00bb<\/em> typiques que tout le monde ressent \u00e0 un moment ou un autre. Environ 50 % des personnes pr\u00e9sentant un TSPT souffriront \u00e9galement de d\u00e9pression (Rytwinski, Scur, Feeny et Youngstrom, 2013). D\u2019autres troubles comorbides peuvent notamment survenir : troubles anxieux, troubles li\u00e9s \u00e0 l\u2019usage abusif de substances et d\u2019autres probl\u00e8mes de sant\u00e9, par exemple (Brady, Killeen, Brewerton et Lucerini, 2000).<\/p>\n<h4>7. Est-il possible de d\u00e9velopper des sympt\u00f4mes de stress post-traumatique longtemps apr\u00e8s les \u00e9v\u00e9nements\u2009?<\/h4>\n<p>Une personne ayant v\u00e9cu un \u00e9v\u00e9nement traumatisant peut d\u00e9velopper des sympt\u00f4mes du TSPT plusieurs mois, voire des ann\u00e9es plus tard. Le d\u00e9veloppement de nouveaux sympt\u00f4mes peut notamment \u00eatre d\u00e9clench\u00e9 par un \u00e9v\u00e9nement subs\u00e9quent (tel que l\u2019anniversaire de l\u2019\u00e9v\u00e9nement en question, les transitions de vie comme la naissance d\u2019un enfant ou la retraite, etc.).<\/p>\n<h4>8. Qu\u2019est-ce que la r\u00e9silience\u2009?<\/h4>\n<p>La r\u00e9silience ne se r\u00e9sume pas seulement \u00e0 l\u2019absence de sympt\u00f4mes de stress post-traumatique apr\u00e8s une exp\u00e9rience traumatisante, mais \u00e9galement \u00e0 la capacit\u00e9 de faire face \u00e0 l\u2019adversit\u00e9 et aux d\u00e9fis de la vie (Herrman et al., 2011). Une personne peut faire preuve de r\u00e9silience face \u00e0 un \u00e9v\u00e9nement traumatisant tout en d\u00e9veloppant des sympt\u00f4mes de stress post-traumatique lors d\u2019un autre \u00e9v\u00e9nement (Yehuda, 2004).<\/p>\n<h4>Ces informations proviennent de :<\/h4>\n<p>American Psychiatric Association. (2013). Diagnostic and Statistical Manual of Mental Disorders (5th ed.). Washington, DC.<\/p>\n<p>Ameringen, M., Mancini. C., Patterson, B., &amp; Boyle, M. H. (2008). Posttraumatic stress disorder in Canada. CNS Neuroscience &amp; Therapeutics, 14, 171-181. doi: 10.1111\/j.1755-5949.2008.00049.x.<\/p>\n<p>Arnberg, F. K., Johannesson, K. B., &amp; Michel, P. O. (2013). Prevalence and duration of PTSD in survivors 6 years after a natural disaster. Journal of anxiety disorders, 27(3), 347-352.<\/p>\n<p>Brady, K. T., Killeen, T. K., Brewerton, T., &amp; Lucerini, S. (2000). Comorbidity of psychiatric disorders and posttraumatic stress disorder. Journal of Clinical Psychiatry, 61(7), 22-32.<\/p>\n<p>Canadian Mental Health Association. (2013). Posttraumatic stress disorder. Retrieved October 6, 2018, from\u00a0<a href=\"https:\/\/cmha.bc.ca\/documents\/post-traumatic-stress-disorder-2\/\" target=\"_blank\" rel=\"noopener\">https:\/\/cmha.bc.ca\/documents\/post-traumatic-stress-disorder-2\/<\/a><\/p>\n<p>Herrman, H., Stewart, D. E., Diaz-Granados, N., Berger, E. L., Jackson, B., &amp; Yuen, T. (2011). What is Resilience? <em>The Canadian Journal of Psychiatry<\/em>. <a href=\"https:\/\/doi.org\/10.1177\/070674371105600504\" target=\"_blank\" rel=\"noopener\">https:\/\/doi.org\/10.1177\/070674371105600504<\/a><\/p>\n<p>Rytwinski, N. K., Scur, M. D., Feeny, N. C., &amp; Youngstrom, E. A. (2013). The co-occurrence of major depressive disorder among individuals with posttraumatic stress disorder: a meta-analysis.\u00a0<em>Journal of Traumatic Stress<\/em>, 26, 299\u2013309. doi: 10.1002\/jts.21814.<\/p>\n<p>Tolin, D., &amp; Foa, E. (2006). Sex differences in trauma and posttraumatic stress disorder: A quantitative review of 25 years of research.\u00a0<em>Psychological Bulletin<\/em>, 132, 959-992.<br \/>\ndoi: 10.1037\/0033-2909.132.6.959<\/p>\n<p>Yehuda, R. (2004). Risk and resilience in posttraumatic stress disorder. Journal of Clinical Psychiatry, 65, 29-36.<\/p>\n<\/div>\n<p><!--\n\n<i><span lang=\"FR-CA\" style=\" mso-ansi-language: FR-CA;\">Ces informations sont issues du site Internet <\/span><\/i><span style=\" mso-fareast-language: EN-CA\"><a target=\"_blank\" href=\"http:\/\/www.info-trauma.org\/\" rel=\"noopener noreferrer\"><i><span lang=\"FR-CA\" style=\"mso-ansi-language: FR-CA\">www.info-trauma.org<\/span><\/i><\/a><\/span><i><span lang=\"FR-CA\" style=\" mso-ansi-language: FR-CA;\"> (Institut universitaire en sant&eacute; mentale Douglas, Universit&eacute; McGill)<\/span><\/i>\n\n<b><span lang=\"FR-CA\" style=\" mso-ansi-language: FR-CA;\">1\/ Qu&rsquo;est-ce qu&rsquo;un &eacute;v&eacute;nement traumatique? <\/span><\/b>\n\n<span lang=\"FR-CA\" style=\" mso-ansi-language: FR-CA;\">Un &eacute;v&eacute;nement est dit &laquo; traumatique &raquo; lorsqu&rsquo;une personne est confront&eacute;e &agrave; la mort, &agrave; la peur de mourir ou lorsque son int&eacute;grit&eacute; physique ou celle d&rsquo;une autre personne a pu &ecirc;tre menac&eacute;e. Cet &eacute;v&eacute;nement doit &eacute;galement provoquer une peur intense, un sentiment d&rsquo;impuissance ou un sentiment d'horreur (American Psychiatric Association, 1994).<\/span>\n\n<b><span lang=\"FR-CA\" style=\" mso-ansi-language: FR-CA;\">2\/ Qu&rsquo;est-ce qu&rsquo;un trouble de stress post-traumatique (TSPT)? <\/span><\/b>\n\n<span lang=\"FR-CA\" style=\" mso-ansi-language: FR-CA;\">Il s&rsquo;agit d&rsquo;un trouble r&eacute;actionnel qui peut appara&icirc;tre &agrave; la suite d&rsquo;un &eacute;v&eacute;nement traumatique.<\/span>\n\n<span lang=\"FR-CA\" style=\" mso-ansi-language: FR-CA;\">Une personne qui d&eacute;veloppe un trouble de stress post-traumatique pr&eacute;sente trois grandes classes de sympt&ocirc;mes:<\/span>\n\n\n<ul type=\"disc\">\n \t\n\n<li> <span lang=\"FR-CA\" style=\" mso-ansi-language: FR-CA;\">Elle revit continuellement la sc&egrave;ne traumatique en pens&eacute;e ou en cauchemars (sympt&ocirc;mes de reviviscence).<\/span><\/li>\n\n\n \t\n\n<li> <span lang=\"FR-CA\" style=\" mso-ansi-language: FR-CA;\">Elle cherche &agrave; &eacute;viter - volontairement ou involontairement - tout ce qui pourrait lui rappeler de pr&egrave;s ou de loin le trauma (sympt&ocirc;mes d&rsquo;&eacute;vitement et d&rsquo;engourdissement &eacute;motionnel).<\/span><\/li>\n\n\n \t\n\n<li> <span lang=\"FR-CA\" style=\" mso-ansi-language: FR-CA;\">Elle est fr&eacute;quemment aux aguets et en &eacute;tat d&rsquo;hypervigilance (sympt&ocirc;mes d'hyper&eacute;veil) malgr&eacute; l&rsquo;absence de danger imminent.<\/span><\/li>\n\n\n<\/ul>\n\n\n<b><span lang=\"FR-CA\" style=\" mso-ansi-language: FR-CA;\">3\/ Est-ce courant de vivre un &eacute;v&eacute;nement traumatique? <\/span><\/b>\n\n<span lang=\"FR-CA\" style=\" mso-ansi-language: FR-CA;\">Pr&egrave;s de 90 % des am&eacute;ricains (Breslau et al., 1998) ont v&eacute;cu un &eacute;v&eacute;nement traumatique au cours de leur vie (accident de voiture, agression physique ou sexuelle, hold-up, prise d&rsquo;otages, accident de travail, d&eacute;sastre naturel, etc.). Les taux dans les autres pays occidentaux sont en g&eacute;n&eacute;ral plus bas.<\/span>\n\n<b><span lang=\"FR-CA\" style=\" mso-ansi-language: FR-CA;\">4\/ Est-ce courant de d&eacute;velopper un trouble de stress post-traumatique apr&egrave;s avoir v&eacute;cu un &eacute;v&eacute;nement traumatique? <\/span><\/b>\n\n<span lang=\"FR-CA\" style=\" mso-ansi-language: FR-CA;\">Chez les personnes expos&eacute;es &agrave; un &eacute;v&eacute;nement traumatique, 9% ont d&eacute;velopp&eacute; un trouble de stress post-traumatique (Breslau et al., 1998). Les taux peuvent varier en fonction du type d&rsquo;&eacute;v&eacute;nement et des caract&eacute;ristiques de la personne expos&eacute;e. Les femmes pr&eacute;sentent un risque environ deux fois plus important de d&eacute;velopper un trouble de stress post-traumatique (Creamer Burgess, McFarlane, 2001; Kessler et al., 1999; Breslau et al., 1991). Au Canada, environ 872 979 canadiens souffrent actuellement du trouble de stress post-traumatique (Van Ameringen et al., 2008).\/p&gt;<\/span>\n\n<b><span lang=\"FR-CA\" style=\" mso-ansi-language: FR-CA;\">5\/ Quelle est la dur&eacute;e des sympt&ocirc;mes? <\/span><\/b>\n\n<span lang=\"FR-CA\" style=\" mso-ansi-language: FR-CA;\">L&rsquo;intensit&eacute; et la dur&eacute;e du trouble post-traumatique est tr&egrave;s variable, allant de quelques semaines &agrave; plusieurs ann&eacute;es. Environ la moiti&eacute; des personnes qui pr&eacute;sentent des sympt&ocirc;mes de stress post-traumatique s&rsquo;en remettent spontan&eacute;ment en l&rsquo;espace d&rsquo;un an ou deux (Breslau et al., 1998). Chez d&rsquo;autres, le trouble de stress post-traumatique se chronicise.<\/span>\n\n<span lang=\"FR-CA\" style=\" mso-ansi-language: FR-CA;\">Si vos difficult&eacute;s persistent apr&egrave;s plus de 6 mois, il est vivement conseill&eacute; de consulter un psychologue. D&rsquo;autres pr&eacute;f&eacute;reront consulter avant ce d&eacute;lai. Le trouble de stress post-traumatique est d&eacute;fini par la pr&eacute;sence de sympt&ocirc;mes d&eacute;passant un mois. Si les sympt&ocirc;mes persistent au-del&agrave; de 3 mois, il s&rsquo;agit alors d&rsquo;un trouble de stress post-traumatique chronique. Certaines personnes peuvent avoir des r&eacute;actions et des sympt&ocirc;mes diff&eacute;r&eacute;s et ne pr&eacute;sentent aucuns sympt&ocirc;mes pour 6 mois ou plus.<\/span>\n\n<b><span lang=\"FR-CA\" style=\" mso-ansi-language: FR-CA;\">6\/ Quels sont les autres troubles qui peuvent survenir apr&egrave;s un &eacute;v&eacute;nement traumatique? <\/span><\/b>\n\n<span lang=\"FR-CA\" style=\" mso-ansi-language: FR-CA;\">Un trouble fr&eacute;quent est la d&eacute;pression majeure. Elle se ressent par une lassitude extr&ecirc;me, une fatigue, un d&eacute;sint&eacute;r&ecirc;t pour ce qui vous entoure, etc. De 30 &agrave; 80 % des personnes pr&eacute;sentant un trouble de stress post-traumatiques pr&eacute;sentent ou pr&eacute;senteront un &eacute;pisode d&eacute;pressif majeur (Ducrocq et al., 2004). Les autres troubles qui peuvent appara&icirc;tre sont les troubles anxieux, les probl&egrave;mes de sant&eacute; (fibromyalgie, douleurs chroniques, etc.), les troubles de la sexualit&eacute;, ou encore l'abus des drogues, d'alcool ou de m&eacute;dicaments (Daligand, 2001).<\/span>\n\n<b><span lang=\"FR-CA\" style=\" mso-ansi-language: FR-CA;\">7\/ Est-il possible de pr&eacute;senter un trouble de stress post-traumatique longtemps apr&egrave;s l&rsquo;&eacute;v&eacute;nement? <\/span><\/b>\n\n<span lang=\"FR-CA\" style=\" mso-ansi-language: FR-CA;\">Une personne qui a v&eacute;cu un &eacute;v&eacute;nement traumatique peut pr&eacute;senter un trouble de stress post-traumatique plusieurs mois, voire plusieurs ann&eacute;es plus tard. L&rsquo;apparition diff&eacute;r&eacute;e des sympt&ocirc;mes peut faire suite &agrave; un &eacute;v&eacute;nement d&eacute;clencheur (anniversaire de l&rsquo;&eacute;v&eacute;nement, mise &agrave; la retraite, etc.).<\/span>\n\n<b><span lang=\"FR-CA\" style=\" mso-ansi-language: FR-CA;\">8\/ Qu&rsquo;est-ce que la r&eacute;silience? <\/span><\/b>\n\n<span lang=\"FR-CA\" style=\" mso-ansi-language: FR-CA;\">La r&eacute;silience exprime non seulement l&rsquo;absence de trouble apr&egrave;s un &eacute;v&eacute;nement traumatog&egrave;ne mais &eacute;galement la capacit&eacute; de l&rsquo;individu &agrave; tirer profit de l&rsquo;adversit&eacute; (Cyrulnik, 2003). Toutefois, une m&ecirc;me personne peut ne pas d&eacute;clencher de troubles de stress post-traumatique &agrave; un &eacute;v&eacute;nement mais pr&eacute;senter des sympt&ocirc;mes &agrave; un autre (Damiani &amp; Vaillant, 2003).<\/span>\n\n&nbsp;\n\n--><\/p>\n","protected":false},"excerpt":{"rendered":"<p><!--more--><\/p>\n","protected":false},"author":2,"featured_media":0,"parent":4197,"menu_order":0,"comment_status":"closed","ping_status":"closed","template":"","meta":{"_acf_changed":false,"_monsterinsights_skip_tracking":false,"_monsterinsights_sitenote_active":false,"_monsterinsights_sitenote_note":"","_monsterinsights_sitenote_category":0,"footnotes":""},"class_list":["post-4210","page","type-page","status-publish","hentry"],"acf":[],"aioseo_notices":[],"publishpress_future_workflow_manual_trigger":{"enabledWorkflows":[]},"_links":{"self":[{"href":"https:\/\/cpa.ca\/fr\/wp-json\/wp\/v2\/pages\/4210","targetHints":{"allow":["GET"]}}],"collection":[{"href":"https:\/\/cpa.ca\/fr\/wp-json\/wp\/v2\/pages"}],"about":[{"href":"https:\/\/cpa.ca\/fr\/wp-json\/wp\/v2\/types\/page"}],"author":[{"embeddable":true,"href":"https:\/\/cpa.ca\/fr\/wp-json\/wp\/v2\/users\/2"}],"replies":[{"embeddable":true,"href":"https:\/\/cpa.ca\/fr\/wp-json\/wp\/v2\/comments?post=4210"}],"version-history":[{"count":6,"href":"https:\/\/cpa.ca\/fr\/wp-json\/wp\/v2\/pages\/4210\/revisions"}],"predecessor-version":[{"id":4213,"href":"https:\/\/cpa.ca\/fr\/wp-json\/wp\/v2\/pages\/4210\/revisions\/4213"}],"up":[{"embeddable":true,"href":"https:\/\/cpa.ca\/fr\/wp-json\/wp\/v2\/pages\/4197"}],"wp:attachment":[{"href":"https:\/\/cpa.ca\/fr\/wp-json\/wp\/v2\/media?parent=4210"}],"curies":[{"name":"wp","href":"https:\/\/api.w.org\/{rel}","templated":true}]}}