{"id":42280,"date":"2025-04-07T13:25:30","date_gmt":"2025-04-07T17:25:30","guid":{"rendered":"https:\/\/cpa.ca\/call-for-members-to-serve-on-cpa-committee-on-ethics\/"},"modified":"2025-04-07T14:49:45","modified_gmt":"2025-04-07T18:49:45","slug":"call-for-members-to-serve-on-cpa-committee-on-ethics","status":"publish","type":"page","link":"https:\/\/cpa.ca\/fr\/call-for-members-to-serve-on-cpa-committee-on-ethics\/","title":{"rendered":"Invitation \u00e0 si\u00e9ger au Comit\u00e9 d\u2019\u00c9thique"},"content":{"rendered":"<h2 style=\"text-align: center;\"><strong>COMIT\u00c9 D\u2019\u00c9THIQUE<\/strong><\/h2>\n<h3 style=\"text-align: center;\">Invitation \u00e0 si\u00e9ger au Comit\u00e9 d\u2019\u00c9thique<\/h3>\n<p><strong>Date limite de d\u00e9p\u00f4t des documents\u00a0: 2 mai 2025 <\/strong><\/p>\n<p>Le <a href=\"https:\/\/cpa.ca\/fr\/aproposdelascp\/comites\/ethics\/\">Comit\u00e9 d\u2019\u00c9thique<\/a> a pour mission d\u2019organiser des discussions approfondies et de prendre des d\u00e9cisions et des avis \u00e9clair\u00e9s, gr\u00e2ce \u00e0 une composition inclusive qui repr\u00e9sente la diversit\u00e9 de la population canadienne. Conform\u00e9ment \u00e0 cette mission, le Comit\u00e9 d\u2019\u00c9thique est \u00e0 la recherche de candidates ou candidats qualifi\u00e9s, qui partagent son engagement \u00e0 l\u2019\u00e9gard de l\u2019\u00e9quit\u00e9, la diversit\u00e9 et l\u2019inclusion, et qui souhaitent se joindre au comit\u00e9. En outre, bien que toute personne qualifi\u00e9e soit invit\u00e9e \u00e0 poser sa candidature pour devenir membre du comit\u00e9, le Comit\u00e9 d\u2019\u00c9thique encourage tout particuli\u00e8rement les personnes issues des groupes m\u00e9ritant l&#8217;\u00e9quit\u00e9 suivants \u00e0 pr\u00e9senter leur candidature\u00a0: peuples autochtones, membres de groupes racis\u00e9s, personnes handicap\u00e9es, membres de la communaut\u00e9\u00a0LGBTQ2+ et femmes.<\/p>\n<ol>\n<li><strong> Qualifications minimales <\/strong>\n<ol type=\"a\">\n<li>) Membres ou affili\u00e9s en r\u00e8gle<a href=\"#_ftn1\" name=\"_ftnref1\">[1]<\/a> de la Soci\u00e9t\u00e9 canadienne de psychologie (SCP).<\/li>\n<li>) \u00catre titulaire d\u2019une ma\u00eetrise ou d\u2019un doctorat en psychologie, ou d\u2019un dipl\u00f4me universitaire \u00e9quivalent, d\u00e9livr\u00e9 par une \u00e9cole d\u2019\u00e9tudes sup\u00e9rieures reconnue.<\/li>\n<li>) Connaissance du <em>Code canadien d\u2019\u00e9thique pour les psychologues<\/em> et de l\u2019\u00e9thique appliqu\u00e9e, ce qui peut inclure ou non une formation structur\u00e9e en \u00e9thique.<\/li>\n<\/ol>\n<\/li>\n<\/ol>\n<ol start=\"2\">\n<li><strong>Atouts souhaitables <\/strong>\n<ul>\n<li><strong>2.1. Formation et <\/strong><strong>exp\u00e9rience <\/strong>\n<ol type=\"a\">\n<li>) Preuve de son engagement \u00e0 promouvoir des normes \u00e9thiques \u00e9lev\u00e9es, et \u00e0 l\u2019\u00e9gard de l\u2019enseignement et de la formation professionnelle en mati\u00e8re d\u2019\u00e9thique (p. ex., membre d\u2019un comit\u00e9 d\u2019\u00e9thique de la recherche ou d\u2019un autre comit\u00e9 d\u2019\u00e9thique; exp\u00e9rience de la prestation de cours ou d\u2019ateliers d\u2019\u00e9thique; recherche et\/ou publications sur des questions \u00e9thiques).<\/li>\n<li>) Exp\u00e9rience en mati\u00e8re de r\u00e9glementation professionnelle ou de gouvernance organisationnelle.<\/li>\n<li>) Ma\u00eetrise de plus d\u2019une des langues officielles du Canada (c.-\u00e0-d. le fran\u00e7ais et l\u2019anglais).<\/li>\n<\/ol>\n<\/li>\n<\/ul>\n<ul>\n<li><strong>2.2. Aptitudes\/comp\u00e9tences <\/strong>\n<ol type=\"a\">\n<li>) Capacit\u00e9 de comprendre les questions \u00e9thiques importantes et la fa\u00e7on dont elles sont li\u00e9es au <em>Code canadien d\u2019\u00e9thique pour les psychologues<\/em> et aux lois, politiques, proc\u00e9dures et lignes directrices pertinentes.<\/li>\n<li>) Capacit\u00e9 d\u2019\u00e9couter et de comprendre les points de vue d\u2019autrui, et de formuler et d\u2019exprimer une opinion r\u00e9fl\u00e9chie.<\/li>\n<li>) Bonne capacit\u00e9 d\u2019analyse et jugement solide et \u00e9quilibr\u00e9.<\/li>\n<li>) Personne respectueuse, capable de travailler en coll\u00e9gialit\u00e9 et en collaboration.<\/li>\n<li>) Personne cr\u00e9ative, \u00e9nergique et pleine de ressources.<\/li>\n<li>) Personne consciencieuse, fiable, organis\u00e9e et qui a le souci du d\u00e9tail.<\/li>\n<\/ol>\n<\/li>\n<\/ul>\n<ul>\n<li><strong>3.3. Autres atouts <\/strong><br \/>\nLes atouts que le candidat ou la candidate estime pertinents et susceptibles d\u2019\u00eatre utiles au comit\u00e9.<\/li>\n<\/ul>\n<\/li>\n<\/ol>\n<ol start=\"3\">\n<li><strong> Documents \u00e0 pr\u00e9senter par le candidat ou la candidate <\/strong>\n<ol type=\"a\">\n<li>) Lettre de d\u00e9claration d\u2019int\u00e9r\u00eat d\u00e9crivant comment les exp\u00e9riences et les qualit\u00e9s du candidat ou de la candidate enrichiront le Comit\u00e9 d\u2019\u00c9thique et aideront le comit\u00e9 \u00e0 accomplir son travail.<\/li>\n<li>) Curriculum vit\u00e6 \u00e0 jour.<\/li>\n<li>) Les noms de deux personnes, leurs fonctions et leurs coordonn\u00e9es compl\u00e8tes aux fins de v\u00e9rification des r\u00e9f\u00e9rences.<\/li>\n<li>) Tous les documents doivent \u00eatre transmis par courriel (en format PDF) au <a href=\"mailto:Donald.Stewart@umanitoba.ca\">co-pr\u00e9sident du Comit\u00e9 d\u2019\u00c9thique<\/a>.<\/li>\n<li>) Les documents peuvent \u00eatre pr\u00e9sent\u00e9s en fran\u00e7ais ou en anglais.<\/li>\n<li>) Date limite de d\u00e9p\u00f4t des documents\u00a0: <strong>2 mai 2025<\/strong><\/li>\n<\/ol>\n<\/li>\n<\/ol>\n<ol start=\"4\">\n<li><strong> Proc\u00e9dure de r\u00e9vision et s\u00e9lection des candidats<\/strong>\n<ol type=\"a\">\n<li>) Les documents de candidature (c.-\u00e0-d. lettre de motivation, curriculum vit\u00e6 et r\u00e9f\u00e9rences) seront examin\u00e9s par les membres du Comit\u00e9 d\u2019\u00c9thique.<\/li>\n<li>) Les d\u00e9cisions relatives aux candidats \u00e0 inviter \u00e0 rejoindre le comit\u00e9 sont prises par les membres du Comit\u00e9 d\u2019\u00c9thique.<\/li>\n<\/ol>\n<\/li>\n<\/ol>\n<p>Les questions concernant le Comit\u00e9 d\u2019\u00c9thique et les documents de candidature \u00e0 transmettre doivent \u00eatre adress\u00e9es au <a href=\"mailto:Donald.Stewart@umanitoba.ca\">co-pr\u00e9sident du Comit\u00e9 d\u2019\u00c9thique<\/a>.<\/p>\n<p>\u2013 0 \u2013<\/p>\n<p><a href=\"#_ftnref1\" name=\"_ftn1\">[1]<\/a> On entend par \u00ab\u00a0en r\u00e8gle\u00a0\u00bb le fait que les frais d\u2019adh\u00e9sion ont \u00e9t\u00e9 pay\u00e9s ou exempt\u00e9s et que l\u2019adh\u00e9sion n\u2019est soumise \u00e0 aucune condition.<\/p>\n","protected":false},"excerpt":{"rendered":"<p><!--more--><\/p>\n","protected":false},"author":2,"featured_media":0,"parent":0,"menu_order":0,"comment_status":"closed","ping_status":"closed","template":"","meta":{"_acf_changed":false,"_monsterinsights_skip_tracking":false,"_monsterinsights_sitenote_active":false,"_monsterinsights_sitenote_note":"","_monsterinsights_sitenote_category":0,"footnotes":""},"class_list":["post-42280","page","type-page","status-publish","hentry"],"acf":[],"aioseo_notices":[],"publishpress_future_workflow_manual_trigger":{"enabledWorkflows":[]},"_links":{"self":[{"href":"https:\/\/cpa.ca\/fr\/wp-json\/wp\/v2\/pages\/42280","targetHints":{"allow":["GET"]}}],"collection":[{"href":"https:\/\/cpa.ca\/fr\/wp-json\/wp\/v2\/pages"}],"about":[{"href":"https:\/\/cpa.ca\/fr\/wp-json\/wp\/v2\/types\/page"}],"author":[{"embeddable":true,"href":"https:\/\/cpa.ca\/fr\/wp-json\/wp\/v2\/users\/2"}],"replies":[{"embeddable":true,"href":"https:\/\/cpa.ca\/fr\/wp-json\/wp\/v2\/comments?post=42280"}],"version-history":[{"count":5,"href":"https:\/\/cpa.ca\/fr\/wp-json\/wp\/v2\/pages\/42280\/revisions"}],"predecessor-version":[{"id":42287,"href":"https:\/\/cpa.ca\/fr\/wp-json\/wp\/v2\/pages\/42280\/revisions\/42287"}],"wp:attachment":[{"href":"https:\/\/cpa.ca\/fr\/wp-json\/wp\/v2\/media?parent=42280"}],"curies":[{"name":"wp","href":"https:\/\/api.w.org\/{rel}","templated":true}]}}