{"id":42376,"date":"2025-04-09T16:42:10","date_gmt":"2025-04-09T20:42:10","guid":{"rendered":"https:\/\/cpa.ca\/satellite\/satellite-event-accomodations\/"},"modified":"2025-04-23T11:17:37","modified_gmt":"2025-04-23T15:17:37","slug":"accomodations","status":"publish","type":"page","link":"https:\/\/cpa.ca\/fr\/satellite\/accomodations\/","title":{"rendered":"H\u00e9bergement pour la conf\u00e9rence satellite"},"content":{"rendered":"<p>La SCP est fi\u00e8re d\u2019accueillir la conf\u00e9rence satellite de 2025 dans le magnifique Nest de l\u2019Universit\u00e9 de la Colombie-Britannique (UBC). Le Nest est situ\u00e9 \u00e0 quelques pas de la c\u00f4te et \u00e0 seulement 30 minutes du centre-ville de Vancouver.<\/p>\n<p>Les participants auront acc\u00e8s \u00e0 des chambres \u00e0 prix r\u00e9duit \u00e0 l\u2019h\u00f4tel Gage Suites de Vancouver. Le nombre de chambres disponibles \u00e9tant limit\u00e9, il est conseill\u00e9 aux participants de r\u00e9server leur chambre sans tarder!<\/p>\n<p>Pour plus d\u2019informations ou pour r\u00e9server une chambre, veuillez visiter : <a href=\"https:\/\/reserve.suitesatubc.com\/vancouver\/availability.asp?hotelCode=%2A&amp;startDate=11%2F13%2F2025&amp;endDate=11%2F15%2F2025&amp;adults=1&amp;children=&amp;rooms=1&amp;requesttype=invBlockCode&amp;code=+%20G251113B\" target=\"_blank\" rel=\"noopener\">https:\/\/reserve.suitesatubc.com\/vancouver\/availability.asp<\/a><\/p>\n<p>Ou contactez leur bureau de r\u00e9servation\u00a0:<br \/>\nConferences and Accommodation at UBC<br \/>\nT\u00e9l\u00e9phone : 604 822 1000 ou sans frais : 1 888 822 1030<br \/>\nCourriel : <a href=\"mailto:reservations@housing.ubc.ca\">reservations@housing.ubc.ca<\/a><\/p>\n<div style=\"width: 100%; text-align: center;\"><img decoding=\"async\" style=\"padding: 10px; max-height: 250px; display: inline-block;\" src=\"https:\/\/cpa.ca\/docs\/File\/Satellite\/Nest1.jpg\" alt=\"Nest at The University of British Columbia\" \/><img decoding=\"async\" style=\"padding: 10px; max-height: 250px; display: inline-block;\" src=\"https:\/\/cpa.ca\/docs\/File\/Satellite\/Nest2.jpg\" alt=\"Nest at The University of British Columbia\" \/><br \/>\n<img decoding=\"async\" style=\"padding: 10px; max-height: 250px; display: inline-block;\" src=\"https:\/\/cpa.ca\/docs\/File\/Satellite\/Nest4.jpg\" alt=\"Nest at The University of British Columbia\" \/><img decoding=\"async\" style=\"padding: 10px; max-height: 250px; display: inline-block;\" src=\"https:\/\/cpa.ca\/docs\/File\/Satellite\/Nest3.jpg\" alt=\"Nest at The University of British Columbia\" \/><\/div>\n<p>&nbsp;<\/p>\n<p>&nbsp;<\/p>\n","protected":false},"excerpt":{"rendered":"<p><!--more--><\/p>\n","protected":false},"author":2,"featured_media":0,"parent":42133,"menu_order":0,"comment_status":"closed","ping_status":"closed","template":"","meta":{"_acf_changed":false,"_monsterinsights_skip_tracking":false,"_monsterinsights_sitenote_active":false,"_monsterinsights_sitenote_note":"","_monsterinsights_sitenote_category":0,"footnotes":""},"class_list":["post-42376","page","type-page","status-publish","hentry"],"acf":[],"aioseo_notices":[],"publishpress_future_workflow_manual_trigger":{"enabledWorkflows":[]},"_links":{"self":[{"href":"https:\/\/cpa.ca\/fr\/wp-json\/wp\/v2\/pages\/42376","targetHints":{"allow":["GET"]}}],"collection":[{"href":"https:\/\/cpa.ca\/fr\/wp-json\/wp\/v2\/pages"}],"about":[{"href":"https:\/\/cpa.ca\/fr\/wp-json\/wp\/v2\/types\/page"}],"author":[{"embeddable":true,"href":"https:\/\/cpa.ca\/fr\/wp-json\/wp\/v2\/users\/2"}],"replies":[{"embeddable":true,"href":"https:\/\/cpa.ca\/fr\/wp-json\/wp\/v2\/comments?post=42376"}],"version-history":[{"count":6,"href":"https:\/\/cpa.ca\/fr\/wp-json\/wp\/v2\/pages\/42376\/revisions"}],"predecessor-version":[{"id":42651,"href":"https:\/\/cpa.ca\/fr\/wp-json\/wp\/v2\/pages\/42376\/revisions\/42651"}],"up":[{"embeddable":true,"href":"https:\/\/cpa.ca\/fr\/wp-json\/wp\/v2\/pages\/42133"}],"wp:attachment":[{"href":"https:\/\/cpa.ca\/fr\/wp-json\/wp\/v2\/media?parent=42376"}],"curies":[{"name":"wp","href":"https:\/\/api.w.org\/{rel}","templated":true}]}}