{"id":42377,"date":"2025-04-09T16:35:13","date_gmt":"2025-04-09T20:35:13","guid":{"rendered":"https:\/\/cpa.ca\/satellite\/satellite-event-registration\/"},"modified":"2025-04-30T12:14:49","modified_gmt":"2025-04-30T16:14:49","slug":"registration","status":"publish","type":"page","link":"https:\/\/cpa.ca\/fr\/satellite\/registration\/","title":{"rendered":"Inscription \u00e0 la conf\u00e9rence satellite"},"content":{"rendered":"<h3><strong>La p\u00e9riode d\u2019inscription \u00e0 la premi\u00e8re conf\u00e9rence satellite annuelle de la SCP est ouverte : l\u2019IA en psychologie<\/strong><\/h3>\n<p><img decoding=\"async\" class=\"textwrapright\" style=\"max-width: 50%;\" src=\"https:\/\/cpa.ca\/docs\/File\/Satellite\/AI-in-Psychology-Conference-FR.jpg\" alt=\"conf\u00e9rence satellite annuelle de la SCP 2025\" \/><\/p>\n<p>La conf\u00e9rence satellite de la SCP aura lieu les 14 et 15 novembre au Nest, sur le campus de l\u2019Universit\u00e9 de la Colombie-Britannique (UBC), \u00e0 Vancouver, en Colombie-Britannique.<\/p>\n<h2 style=\"padding-left: 50px;\"><a class=\"myButton\" href=\"https:\/\/secure.cpa.ca\/Apps\/frPages\/evenement-details-273386\/273386\" target=\"_blank\" rel=\"noopener\">Inscription<\/a><\/h2>\n<p>Cette ann\u00e9e, la conf\u00e9rence accueillera des conf\u00e9renciers de s\u00e9ance pl\u00e9ni\u00e8re qui aborderont le th\u00e8me de l\u2019IA dans la science, la pratique et l\u2019enseignement. Rejoignez-nous pour participer \u00e0 des tables rondes, des ateliers et des pr\u00e9sentations d\u2019experts qui innovent et repoussent les limites de ce \u00e0 quoi ressemblera la psychologie de demain dans le contexte de l\u2019IA. Il s\u2019agit d\u2019une occasion unique d\u2019\u00e9changer des id\u00e9es avec d\u2019autres psychologues, chercheurs et \u00e9tudiants.<\/p>\n<p>Inscrivez-vous avant le 20\u00a0juin pour profiter des tarifs de pr\u00e9inscription. Le 21 juin, les prix augmenteront, alors ne tardez pas!<\/p>\n<p><strong>Frais d\u2019inscription\u00a0:<\/strong><\/p>\n<table width=\"95%\">\n<tbody>\n<tr>\n<td><strong>Type d\u2019inscription<\/strong><\/td>\n<td><strong>Pr\u00e9inscription<\/strong><\/p>\n<p>(Jusqu\u2019au\u00a0 31 juillet 2025 23 h 59 HAE)<\/td>\n<td><strong>Regular<\/strong><\/p>\n<p>(Du 1<sup>er<\/sup> ao\u00fbt 1 au 13 novembre 2025 23 h 59 HAE)<\/td>\n<td><strong>Sur place<\/strong><\/p>\n<p>(14 et 15 november 2025)<\/td>\n<\/tr>\n<tr>\n<td><strong>Membres*<\/strong><\/td>\n<td>150 $ +tax<\/td>\n<td>225 $ +tax<\/td>\n<td>300 $ +tax<\/td>\n<\/tr>\n<tr>\n<td><strong>\u00c9tudiants affili\u00e9s**<\/strong><\/td>\n<td>75 $ +tax<\/td>\n<td>125 $ +tax<\/td>\n<td>175 $ +tax<\/td>\n<\/tr>\n<tr>\n<td><strong>Associ\u00e9s d\u2019une section***<\/strong><\/td>\n<td>200 $ +tax<\/td>\n<td>275 $ +tax<\/td>\n<td>325 $ +tax<\/td>\n<\/tr>\n<tr>\n<td><strong>Non-membres<\/strong><\/td>\n<td>295 $ +tax<\/td>\n<td>365 $ +tax<\/td>\n<td>440 $ +tax<\/td>\n<\/tr>\n<tr>\n<td><strong>\u00c9tudiants non affili\u00e9s<\/strong><\/td>\n<td>100 $ +tax<\/td>\n<td>150 $ +tax<\/td>\n<td>200 $ +tax<\/td>\n<\/tr>\n<\/tbody>\n<\/table>\n<p><strong>*<\/strong>Comprend les membres \u00e0 part enti\u00e8re, les membres en d\u00e9but de carri\u00e8re (1<sup>re<\/sup>\u00a0ann\u00e9e et 2<sup>e<\/sup>\u00a0ann\u00e9e), les membres en cong\u00e9 parental, les Fellows\/membres conjoints SCP-APA<\/p>\n<p><strong>**<\/strong>Comprend les affili\u00e9s \u00e9tudiants internationaux<\/p>\n<p><strong>***<\/strong> Associ\u00e9s d\u2019une section et affili\u00e9s (affili\u00e9s sp\u00e9ciaux, affili\u00e9s internationaux, bacheliers en ann\u00e9e sabbatique)<\/p>\n<p>&nbsp;<\/p>\n","protected":false},"excerpt":{"rendered":"<p><!--more--><\/p>\n","protected":false},"author":2,"featured_media":0,"parent":42133,"menu_order":0,"comment_status":"closed","ping_status":"closed","template":"","meta":{"_acf_changed":false,"_monsterinsights_skip_tracking":false,"_monsterinsights_sitenote_active":false,"_monsterinsights_sitenote_note":"","_monsterinsights_sitenote_category":0,"footnotes":""},"class_list":["post-42377","page","type-page","status-publish","hentry"],"acf":[],"aioseo_notices":[],"publishpress_future_workflow_manual_trigger":{"enabledWorkflows":[]},"_links":{"self":[{"href":"https:\/\/cpa.ca\/fr\/wp-json\/wp\/v2\/pages\/42377","targetHints":{"allow":["GET"]}}],"collection":[{"href":"https:\/\/cpa.ca\/fr\/wp-json\/wp\/v2\/pages"}],"about":[{"href":"https:\/\/cpa.ca\/fr\/wp-json\/wp\/v2\/types\/page"}],"author":[{"embeddable":true,"href":"https:\/\/cpa.ca\/fr\/wp-json\/wp\/v2\/users\/2"}],"replies":[{"embeddable":true,"href":"https:\/\/cpa.ca\/fr\/wp-json\/wp\/v2\/comments?post=42377"}],"version-history":[{"count":6,"href":"https:\/\/cpa.ca\/fr\/wp-json\/wp\/v2\/pages\/42377\/revisions"}],"predecessor-version":[{"id":42711,"href":"https:\/\/cpa.ca\/fr\/wp-json\/wp\/v2\/pages\/42377\/revisions\/42711"}],"up":[{"embeddable":true,"href":"https:\/\/cpa.ca\/fr\/wp-json\/wp\/v2\/pages\/42133"}],"wp:attachment":[{"href":"https:\/\/cpa.ca\/fr\/wp-json\/wp\/v2\/media?parent=42377"}],"curies":[{"name":"wp","href":"https:\/\/api.w.org\/{rel}","templated":true}]}}