{"id":42388,"date":"2025-04-09T16:48:40","date_gmt":"2025-04-09T20:48:40","guid":{"rendered":"https:\/\/cpa.ca\/satellite\/satellite-event-abstract-submissions\/"},"modified":"2025-07-15T12:05:33","modified_gmt":"2025-07-15T16:05:33","slug":"abstracts","status":"publish","type":"page","link":"https:\/\/cpa.ca\/fr\/satellite\/abstracts\/","title":{"rendered":"Soumissions de r\u00e9sum\u00e9s de conf\u00e9rences satellites"},"content":{"rendered":"<h2><strong>1<sup>re<\/sup> conf\u00e9rence satellite annuelle de la SCP\u00a0:<\/strong><\/h2>\n<h2><strong>l\u2019IA en psychologie \u00e0 la lumi\u00e8re des trois fondements de la SCP<\/strong><\/h2>\n<p style=\"text-align: center;\"><img decoding=\"async\" src=\"https:\/\/cpa.ca\/docs\/File\/Satellite\/AI-in-Psychology-Conference-FR.jpg\" alt=\"conf\u00e9rence satellite annuelle de la SCP\" \/><\/p>\n<div style=\"background: linear-gradient(rgba(255, 255, 255, 0.8), rgba(255, 255, 255, 0.9)), url('https:\/\/cpa.ca\/docs\/File\/Satellite\/AI-in-Psychology-Background.png'); background-position: center; background-repeat: no-repeat; background-size: 90%;\">\n<p>Chaque ann\u00e9e, la SCP organise un congr\u00e8s qui r\u00e9unit plus de 1\u2009200 membres de partout au Canada pour partager des id\u00e9es, r\u00e9seauter et faire progresser la psychologie scientifique. Mais nous savons que les d\u00e9bats importants ne s\u2019arr\u00eatent pas lorsque le congr\u00e8s se termine.<\/p>\n<p>La conf\u00e9rence satellite annuelle est un \u00e9v\u00e9nement de deux jours qui permet \u00e0 nos membres de participer \u00e0 des discussions cibl\u00e9es sur des th\u00e9matiques urgentes.<\/p>\n<p>Le th\u00e8me de cette ann\u00e9e est l\u2019intelligence artificielle (IA) en psychologie. Pour s\u2019adapter \u00e0 l\u2019IA dans le domaine de la psychologie, il faut faire preuve d\u2019innovation, collaborer et oser de nouvelles id\u00e9es. Cette conf\u00e9rence servira de plateforme de r\u00e9flexion sur l\u2019impact de l\u2019IA \u00e0 la lumi\u00e8re des trois axes de la SCP\u00a0: la science, la pratique et l\u2019\u00e9ducation.<\/p>\n<h3 style=\"font-weight:bolder; font-style:italic; \">Les candidatures pour les r\u00e9sum\u00e9s sont maintenant ferm\u00e9es.<\/h3>\n<p><!--\n\n\n<h2><strong><em>Exigences relatives aux propositions<\/em><\/strong><\/h2>\n\n\nToutes les personnes qui souhaitent pr\u00e9senter une communication, une table ronde ou un atelier doivent remplir le <a href=\"https:\/\/cpa.ca\/machform\/view.php?id=135403\"><strong>formulaire de pr\u00e9sentation de communications de la conf\u00e9rence satellite<\/strong><\/a>. Les r\u00e9sum\u00e9s doivent \u00eatre pr\u00e9sent\u00e9s \u00e0 l\u2019aide du <a href=\"https:\/\/cpa.ca\/docs\/File\/Satellite\/CPA Satellite Conference Abstract Submission Form.pdf\">mod\u00e8le de pr\u00e9sentation de communications<\/a> (PDF).\n\nToutes les propositions de communication doivent comprendre les informations suivantes :\n\n\n<ol style=\"list-style-type: upper-alpha;\">\n \t\n\n<li>Titre de la communication\/s\u00e9ance<\/li>\n\n\n \t\n\n<li>Renseignements sur l\u2019auteur ou les auteurs<\/li>\n\n\n \t\n\n<li>Axe de l\u2019intervention (c.-\u00e0-d., <a href=\"https:\/\/cpa.ca\/fr\/science\/\">science<\/a>, <a href=\"https:\/\/cpa.ca\/fr\/pratique\/\">pratique<\/a>, ou <a href=\"https:\/\/cpa.ca\/fr\/education\/\">\u00e9ducation<\/a>)<\/li>\n\n\n \t\n\n<li>Toute information suppl\u00e9mentaire requise par le type de communication (voir ci-dessous)<\/li>\n\n\n<\/ol>\n\n\nIl existe trois formats de communications :\n\n\n<ol>\n \t\n\n<li>Communication\/pr\u00e9sentation orale de 12 minutes (10 minutes + 2 minutes consacr\u00e9es aux questions-r\u00e9ponses).\n\n\n<ul>\n \t\n\n<li>Une br\u00e8ve discussion portant sur un seul sujet ou probl\u00e8me.<\/li>\n\n\n \t\n\n<li>Les intervenants seront regroup\u00e9s en s\u00e9ances th\u00e9matiques.<\/li>\n\n\n<\/ul>\n\n\n<\/li>\n\n\n \t\n\n<li>Table ronde (55 minutes)\n\n\n<ul>\n \t\n\n<li>Une discussion plus longue entre plusieurs intervenants portant sur une ou plusieurs questions.<\/li>\n\n\n \t\n\n<li>Les intervenants doivent pr\u00e9ciser les noms d\u2019au moins deux autres pan\u00e9listes (maximum quatre pan\u00e9listes au total) au moment de pr\u00e9senter leur r\u00e9sum\u00e9.<\/li>\n\n\n \t\n\n<li>Les r\u00e9sum\u00e9s doivent comporter une description de la s\u00e9ance ainsi qu\u2019une br\u00e8ve description de la contribution de chacun des pan\u00e9listes, sans informations permettant de les identifier.<\/li>\n\n\n<\/ul>\n\n\n<\/li>\n\n\n \t\n\n<li>Atelier (55 minutes ou 85 minutes)\n\n\n<ul>\n \t\n\n<li>a. Une s\u00e9ance interactive destin\u00e9e \u00e0 faciliter l\u2019apprentissage actif et l\u2019interaction, avec notamment des \u00e9changes et des questions-r\u00e9ponses. Au moins la moiti\u00e9 de la s\u00e9ance doit \u00eatre consacr\u00e9e aux \u00e9changes avec le public.<\/li>\n\n\n<\/ul>\n\n\n<\/li>\n\n\n<\/ol>\n\n\nInstructions relatives aux r\u00e9sum\u00e9s :\n\n\n<ol>\n \t\n\n<li>Les r\u00e9sum\u00e9s ne doivent pas d\u00e9passer 1\u2009400 caract\u00e8res, r\u00e9f\u00e9rences textuelles comprises.<\/li>\n\n\n \t\n\n<li>Il n\u2019est pas n\u00e9cessaire de fournir des r\u00e9f\u00e9rences dans les r\u00e9sum\u00e9s propos\u00e9s, mais les r\u00e9f\u00e9rences sont prises en compte dans le calcul du nombre de caract\u00e8res.<\/li>\n\n\n \t\n\n<li>Les propositions de r\u00e9sum\u00e9s <strong>ne doivent<\/strong> inclure <strong>aucun<\/strong> renseignement identificatoire. Les noms et affiliations des auteurs doivent \u00eatre fournis dans le formulaire de pr\u00e9sentation de communications de la conf\u00e9rence satellite seulement.<\/li>\n\n\n<\/ol>\n\n\n<em><strong>La date limite est <span style=\"text-decoration: line-through;\">le 20 juin<\/span> prolong\u00e9e jusqu'au 6 juillet.<\/strong><\/em>\n-----><br \/>\nSi vous avez des questions ou avez besoin d\u2019aide, veuillez communiquer avec le Dr Devin Fowlie \u00e0 <a href=\"mailto:education@cpa.ca\">education@cpa.ca<\/a>.<\/p>\n<p>&nbsp;<\/p>\n<p>&nbsp;<\/p>\n<p>&nbsp;<\/p>\n<p>&nbsp;<\/p>\n<\/div>\n<p>&nbsp;<\/p>\n","protected":false},"excerpt":{"rendered":"<p><!--more--><\/p>\n","protected":false},"author":2,"featured_media":0,"parent":42133,"menu_order":0,"comment_status":"closed","ping_status":"closed","template":"","meta":{"_acf_changed":false,"_monsterinsights_skip_tracking":false,"_monsterinsights_sitenote_active":false,"_monsterinsights_sitenote_note":"","_monsterinsights_sitenote_category":0,"footnotes":""},"class_list":["post-42388","page","type-page","status-publish","hentry"],"acf":[],"aioseo_notices":[],"publishpress_future_workflow_manual_trigger":{"enabledWorkflows":[]},"_links":{"self":[{"href":"https:\/\/cpa.ca\/fr\/wp-json\/wp\/v2\/pages\/42388","targetHints":{"allow":["GET"]}}],"collection":[{"href":"https:\/\/cpa.ca\/fr\/wp-json\/wp\/v2\/pages"}],"about":[{"href":"https:\/\/cpa.ca\/fr\/wp-json\/wp\/v2\/types\/page"}],"author":[{"embeddable":true,"href":"https:\/\/cpa.ca\/fr\/wp-json\/wp\/v2\/users\/2"}],"replies":[{"embeddable":true,"href":"https:\/\/cpa.ca\/fr\/wp-json\/wp\/v2\/comments?post=42388"}],"version-history":[{"count":6,"href":"https:\/\/cpa.ca\/fr\/wp-json\/wp\/v2\/pages\/42388\/revisions"}],"predecessor-version":[{"id":43720,"href":"https:\/\/cpa.ca\/fr\/wp-json\/wp\/v2\/pages\/42388\/revisions\/43720"}],"up":[{"embeddable":true,"href":"https:\/\/cpa.ca\/fr\/wp-json\/wp\/v2\/pages\/42133"}],"wp:attachment":[{"href":"https:\/\/cpa.ca\/fr\/wp-json\/wp\/v2\/media?parent=42388"}],"curies":[{"name":"wp","href":"https:\/\/api.w.org\/{rel}","templated":true}]}}