{"id":4248,"date":"2018-05-08T21:47:35","date_gmt":"2018-05-09T01:47:35","guid":{"rendered":"https:\/\/cpa.ca\/sections\/traumaticstress\/resources\/"},"modified":"2020-12-02T13:47:41","modified_gmt":"2020-12-02T18:47:41","slug":"resources","status":"publish","type":"page","link":"https:\/\/cpa.ca\/fr\/sections\/traumaticstress\/resources\/","title":{"rendered":"Section du stress traumatique : ressources et r\u00e9seaux pour les professionnels"},"content":{"rendered":"<h3>Ressources professionnelles<\/h3>\n<h4>Ressources pour l\u2019\u00e9valuation<\/h4>\n<ul>\n<li>\tRessources fournies par le <em>National Center for PTSD, U.S. Department of Veteran\u2019s Affairs<\/em> (anglais seulement) : <a target=\"_blank\" href=\"https:\/\/www.ptsd.va.gov\/professional\/assessment\/overview\/index.asp\" rel=\"noopener noreferrer\">https:\/\/www.ptsd.va.gov\/professional\/assessment\/overview\/index.asp<\/a><\/li>\n<li>\t<a target=\"_blank\" href=\"http:\/\/www.info-trauma.org\/flash\/media-f\/troussePsychotraumatique.pdf\" rel=\"noopener noreferrer\">Trousse de triage rapide<\/a> (Lien : Info-Trauma, document PDF)<\/li>\n<li>\t<a target=\"_blank\" href=\"http:\/\/www.info-trauma.org\/flash\/media-f\/trousse_diagnostic_rapide.pdf\" rel=\"noopener noreferrer\">Trousse de diagnostic rapide<\/a> (Lien : Info-Trauma, document PDF)<\/li>\n<li>\tListe de v\u00e9rification du TSPT pour le DSM 5 (anglais seulement) <a target=\"_blank\" href=\"https:\/\/www.ptsd.va.gov\/professional\/assessment\/adult-sr\/ptsd-checklist.asp\" rel=\"noopener noreferrer\">https:\/\/www.ptsd.va.gov\/professional\/assessment\/adult-sr\/ptsd-checklist.asp<\/a><\/li>\n<li>\t<a target=\"_blank\" href=\"http:\/\/www.info-trauma.org\/flash\/media-f\/guide_pour_les_victimes.pdf\" rel=\"noopener noreferrer\">Guide \u00e0 imprimer pour les victimes<\/a> (Lien : Info-Trauma, document PDF)<\/li>\n<\/ul>\n<h4>Ressources pour le traitement<\/h4>\n<p><em>Lignes directrices pour le traitement<\/em><\/p>\n<p>Ressource fournie par l\u2019<em>International Society for Traumatic Stress Studies<\/em> et pr\u00e9par\u00e9 par des experts dans chaque domaine et destin\u00e9 \u00e0 aider les cliniciens qui traitent les adultes, les adolescents et les enfants avec un TSPT (anglais seulement) : <a target=\"_blank\" href=\"http:\/\/www.istss.org\/treating-trauma\/international-practice-guidelines-for-post-trauma.aspx\" rel=\"noopener noreferrer\">http:\/\/www.istss.org\/treating-trauma\/international-practice-guidelines-for-post-trauma.aspx<\/a><\/p>\n<p><em>Lignes directrices de la pratique clinique pour le traitement du TSPT<\/em><br \/>\nInterventions recommend\u00e9es pour le traitement du TSPT chez les adultes, fourni par l\u2019<em>American Psychological Association<\/em> (anglais seulement) : <a target=\"_blank\" href=\"http:\/\/www.apa.org\/ptsd-guideline\/\" rel=\"noopener noreferrer\">http:\/\/www.apa.org\/ptsd-guideline\/<\/a><br \/>\n<!--\n<em>British Medical Journal Best Practice Guidelines for PTSD<\/em>\n<a target=\"_blank\" href=\"https:\/\/bestpractice.bmj.com\/topics\/en-gb\/430\/guidelines\" rel=\"noopener noreferrer\">https:\/\/bestpractice.bmj.com\/topics\/en-gb\/430\/guidelines<\/a> \n--><\/p>\n<h4>Ressources pour la recherche<\/h4>\n<ul>\n<li>\tPublished International Literature On Traumatic Stress : PILOTS<\/li>\n<li>\t<em>Clinician\u2019s Trauma Update<\/em>\n<ul>\tBr\u00e8ves mises \u00e0 jour sur les recherches cliniquement pertinentes pour les cliniciens en trauma (anglais seulement) :  <a target=\"_blank\" href=\"https:\/\/www.ptsd.va.gov\/professional\/publications\/ctu-online.asp\" rel=\"noopener noreferrer\">https:\/\/www.ptsd.va.gov\/professional\/publications\/ctu-online.asp<\/a> <\/ul>\n<\/li>\n<li>\t<em>National Centre for PTSD Veteran\u2019s Affairs Research Quarterly<\/em>\n<ul>\tUne revue de la litt\u00e9rature r\u00e9dig\u00e9e par des experts invit\u00e9s sur un sujet sp\u00e9cifiquement li\u00e9 au TSPT : <a target=\"_blank\" href=\"https:\/\/www.ptsd.va.gov\/\" rel=\"noopener noreferrer\">https:\/\/www.ptsd.va.gov\/<\/a> <\/ul>\n<\/li>\n<li>\t<em>ResearchGate<\/em>\n<ul>\tResearchGate.net permet aux utilisateurs de publier leurs profils et de se connecter avec d\u2019autres contacts. Les utilisateurs peuvent \u00e9galement inclure des renseignements comme des publications, des comp\u00e9tences de recherche et d\u2019autres informations pertinentes. Des outils pour la collaboration, tels que la conf\u00e9rence virtuelle, seront bient\u00f4t disponibles : <a target=\"_blank\" href=\"https:\/\/www.researchgate.net\" rel=\"noopener noreferrer\">https:\/\/www.researchgate.net<\/a> <\/ul>\n<\/li>\n<\/ul>\n<h4>Ressources en cas de catastrophes naturelles<\/h4>\n<p><em>Documents psychosociaux pour aider les intervenants en sant\u00e9 mentale en situation de catastrophe<\/em><br \/>\nL&#8217;information sur les ressources ci-dessous a \u00e9t\u00e9 fournie par l\u2019<em>International Society for Traumatic Stress Studies<\/em> et Raymond Lafond.  <\/p>\n<p><em>Services personnels : planification psychosociale en cas de catastrophes<\/em><br \/>\nDocument d\u2019aide \u00e0 la planification des services psychosociaux \u2013 le document d\u00e9crit \u00e9galement les r\u00e9actions psychosociales chez les adultes, les enfants et les personnes \u00e2g\u00e9es et explique comment intervenir :<br \/>\n<a target=\"_blank\" href=\"https:\/\/www.canada.ca\/fr\/sante-publique\/services\/rapports-publications\/faire-face-evenements-stressants.html\" rel=\"noopener noreferrer\">https:\/\/www.canada.ca\/fr\/sante-publique\/services\/rapports-publications\/faire-face-evenements-stressants.html<\/a><\/p>\n<p><em> Faire face aux \u00e9v\u00e9nements stressants : Comment aider les enfants<\/em><br \/>\nGuide sur la fa\u00e7on d\u2019aider les enfants \u00e2g\u00e9s de 1 \u00e0 6 ans et de 7 \u00e0 11 ans \u00e0 la suite d\u2019une catastrophe: <a target=\"_blank\" href=\"https:\/\/www.canada.ca\/fr\/sante-publique\/services\/rapports-publications\/faire-face-evenements-stressants\/comment-aider-enfants.html\" rel=\"noopener noreferrer\">https:\/\/www.canada.ca\/fr\/sante-publique\/services\/rapports-publications\/faire-face-evenements-stressants\/comment-aider-enfants.html<\/a><\/p>\n<p><em>Faire face aux \u00e9v\u00e9nements stressants : comment aider les adolescents<\/em><br \/>\nGuide sur la fa\u00e7on d\u2019aider les adolescents \u00e0 la suite d\u2019une catastrophe : <a target=\"_blank\" href=\"https:\/\/www.canada.ca\/fr\/sante-publique\/services\/rapports-publications\/faire-face-evenements-stressants\/comment-aider-adolescents.html\" rel=\"noopener noreferrer\">https:\/\/www.canada.ca\/fr\/sante-publique\/services\/rapports-publications\/faire-face-evenements-stressants\/comment-aider-adolescents.html<\/a><\/p>\n<p><em>Faire face aux \u00e9v\u00e9nements stressants : Prendre soin de soi, de sa famille et de sa collectivit\u00e9<\/em><br \/>\nDocument d\u2019aide sur la fa\u00e7on de prendre soin de nous-m\u00eame, de notre famille et de notre communaut\u00e9 en situation de catastrophe : <a target=\"_blank\" href=\"https:\/\/www.canada.ca\/fr\/sante-publique\/services\/rapports-publications\/faire-face-evenements-stressants\/prendre-soin-famille-collectivite.html\" rel=\"noopener noreferrer\">https:\/\/www.canada.ca\/fr\/sante-publique\/services\/rapports-publications\/faire-face-evenements-stressants\/prendre-soin-famille-collectivite.html<\/a><\/p>\n<p>Ces documents ont \u00e9t\u00e9 publi\u00e9s par l\u2019Agence de la Sant\u00e9 Publique du Canada, Ottawa (Ontario) K1A 0K9. Le contenu issu de ces documents peut \u00eatre reproduit sans frais \u00e0 des fins \u00e9ducatives (sans but lucratif) ou dans le cadre d\u2019une initiative de pr\u00e9vention, tant que sa source est pleinement reconnue. Pour plus d\u2019information sur l\u2019aspect psychosociale de la pr\u00e9paration en situation d\u2019urgence, veuillez consulter le manuel de <em>Services d&#8217;interventions d&#8217;urgence<\/em> \u00e0 l\u2019adresse suivante :<br \/>\n<a target=\"_blank\" href=\"https:\/\/www.canada.ca\/fr\/sante-publique\/services\/mesures-interventions-urgence\/centre-mesures-interventions-urgence\/services-interventions-urgence.html\" rel=\"noopener noreferrer\">https:\/\/www.canada.ca\/fr\/sante-publique\/services\/mesures-interventions-urgence\/centre-mesures-interventions-urgence\/services-interventions-urgence.html<\/a><\/p>\n<h4>R\u00e9seaux professionnels<\/h4>\n<p><em>LinkedIn<\/em><br \/>\nPrincipalement utilis\u00e9 pour les r\u00e9seaux professionnels, LinkedIn est un r\u00e9seau social \u00e0 vocation commerciale lanc\u00e9 en mai 2003.<br \/>\n<a target=\"_blank\" href=\"http:\/\/www.linkedin.com\" rel=\"noopener noreferrer\">http:\/\/www.linkedin.com<\/a><\/p>\n<p><em>ResearchGate<\/em><br \/>\nResearchGate.net permet \u00e0 ses utilisateurs de publier leurs profils et de se connecter parmi d\u2019autres contacts. Les utilisateurs peuvent fournir des renseignements tels que des publications, des comp\u00e9tences de recherche et d\u2019autres informations pertinentes. Des outils de collaboration, tels que l\u2019outil de conf\u00e9rence virtuel, seront bient\u00f4t int\u00e9gr\u00e9s.<br \/>\n<a target=\"_blank\" href=\"https:\/\/www.researchgate.net\" rel=\"noopener noreferrer\">https:\/\/www.researchgate.net<\/a><\/p>\n<p><em>BioMedExperts<\/em><br \/>\n<span style=\"text-decoration:line-through\">BioMedExperts est une nouvelle communaut\u00e9 en ligne qui permet de connecter les chercheurs dans le domaine biom\u00e9dical gr\u00e2ce \u00e0 l\u2019affichage et \u00e0 l\u2019analyse des r\u00e9seaux de co-auteurs avec lesquels chaque chercheur travaille pour la publication d\u2019articles scientifiques.<br \/>\n<a target=\"_blank\" href=\"http:\/\/www.biomedexperts.com\" rel=\"noopener noreferrer\">http:\/\/www.biomedexperts.com<\/a><\/span><br \/>\n  N.B. Site closed, recommends using <a target=\"_blank\" href=\"https:\/\/www.mendeley.com\" rel=\"noopener noreferrer\">https:\/\/www.mendeley.com<\/a>.<\/p>\n<p><!--  \n<a href=\"\/fr\/sections\/traumaticstress\/\">Back to TSS Homepage<\/a>\n --><\/p>\n<p><span>&nbsp;<\/span><\/p>\n","protected":false},"excerpt":{"rendered":"<p><!--more--><\/p>\n","protected":false},"author":2,"featured_media":0,"parent":4197,"menu_order":0,"comment_status":"closed","ping_status":"closed","template":"","meta":{"_acf_changed":false,"_monsterinsights_skip_tracking":false,"_monsterinsights_sitenote_active":false,"_monsterinsights_sitenote_note":"","_monsterinsights_sitenote_category":0,"footnotes":""},"class_list":["post-4248","page","type-page","status-publish","hentry"],"acf":[],"aioseo_notices":[],"publishpress_future_workflow_manual_trigger":{"enabledWorkflows":[]},"_links":{"self":[{"href":"https:\/\/cpa.ca\/fr\/wp-json\/wp\/v2\/pages\/4248","targetHints":{"allow":["GET"]}}],"collection":[{"href":"https:\/\/cpa.ca\/fr\/wp-json\/wp\/v2\/pages"}],"about":[{"href":"https:\/\/cpa.ca\/fr\/wp-json\/wp\/v2\/types\/page"}],"author":[{"embeddable":true,"href":"https:\/\/cpa.ca\/fr\/wp-json\/wp\/v2\/users\/2"}],"replies":[{"embeddable":true,"href":"https:\/\/cpa.ca\/fr\/wp-json\/wp\/v2\/comments?post=4248"}],"version-history":[{"count":9,"href":"https:\/\/cpa.ca\/fr\/wp-json\/wp\/v2\/pages\/4248\/revisions"}],"predecessor-version":[{"id":18189,"href":"https:\/\/cpa.ca\/fr\/wp-json\/wp\/v2\/pages\/4248\/revisions\/18189"}],"up":[{"embeddable":true,"href":"https:\/\/cpa.ca\/fr\/wp-json\/wp\/v2\/pages\/4197"}],"wp:attachment":[{"href":"https:\/\/cpa.ca\/fr\/wp-json\/wp\/v2\/media?parent=4248"}],"curies":[{"name":"wp","href":"https:\/\/api.w.org\/{rel}","templated":true}]}}