{"id":4335,"date":"2017-10-21T15:16:23","date_gmt":"2017-10-21T19:16:23","guid":{"rendered":"https:\/\/cpa.ca\/ce-que-nous-faisons\/science\/"},"modified":"2024-12-02T16:13:47","modified_gmt":"2024-12-02T21:13:47","slug":"science","status":"publish","type":"page","link":"https:\/\/cpa.ca\/fr\/science\/","title":{"rendered":"Science"},"content":{"rendered":"<p>Research, practice and education directs the CPA\u2019s mandate. In support of science, the CPA participates in various advocacy activities, liaises with the granting councils, seeks to develop various tools to foster research networks and collaboration among the membership, provides research and conference support funding, chairs or is a member of research-based alliances, and promotes psychological science and its impact on society.<\/p>\n<p>For information about the CPA\u2019s science activities, please contact Dr. Lauren Thompson, Scientific Affairs Leader, CPA, via email (<a href=\"mailto:science@cpa.ca\">science@cpa.ca<\/a>) or by phone (613-237-2144, ext. 1344 or toll-free: 1-888-472-0657 ext. 1344), or see the <a href=\"https:\/\/cpa.ca\/aboutcpa\/committees\/scientificaffairs\/\">Scientific Affairs Committee page<\/a>.<\/p>\n<div style=\"padding: 17px; text-align: center;\">\n<div style=\"line-height: 30px; vertical-align: middle; display: inline-block; width: 220px; height: 200px; max-width: 220px; max-height: 200px; padding: 20px; margin: 8px 8px 8px 8px; background-image: url('https:\/\/cpa.ca\/docs\/File\/CareerFair\/Blog_Career_Resources.jpg'); background-repeat: no-repeat; background-size: 100% 100%;\">\n<p style=\"font-size: 20pt;\"><a style=\"text-decoration: none;\" href=\"https:\/\/cpa.ca\/fr\/careers\/career-hub\/\"><span style=\"color: white; text-shadow: -1px 0 4px black, 0 1px 4px black, 1px 0 4px black, 0 -1px 4px black; font-weight: bolder; padding: 10px 0px 10px 0px;\">Carrefour de l\u2019emploi<\/span><\/a><\/p>\n<\/div>\n<div style=\"line-height: 30px; vertical-align: middle; display: inline-block; width: 220px; height: 200px; max-width: 220px; max-height: 200px; padding: 20px; margin: 8px 8px 8px 8px; background-image: url('https:\/\/cpa.ca\/wp-content\/uploads\/2021\/08\/ResearchFunding.png'); background-repeat: no-repeat; background-size: 100% 100%;\">\n<p style=\"font-size: 18pt;\"><a style=\"text-decoration: none;\" href=\"https:\/\/cpa.ca\/fr\/funding\/\"><span style=\"color: white; text-shadow: -1px 0 4px black, 0 1px 4px black, 1px 0 4px black, 0 -1px 4px black; font-weight: bolder; padding: 10px 0px 10px 0px;\">Financement de la recherche et de l\u2019organisation de conf\u00e9rences<\/span><\/a><\/p>\n<\/div>\n<div style=\"line-height: 30px; vertical-align: middle; display: inline-block; width: 220px; height: 200px; max-width: 220px; max-height: 200px; padding: 20px; margin: 8px 8px 8px 8px; background-image: url('https:\/\/cpa.ca\/wp-content\/uploads\/2021\/07\/R2P2-background.png'); background-repeat: no-repeat; background-size: 100% 100%;\">\n<p style=\"font-size: 18pt;\"><a style=\"text-decoration: none;\" href=\"https:\/\/cpa.ca\/fr\/science\/prpr\/\"><span style=\"color: white; text-shadow: -1px 0 4px black, 0 1px 4px black, 1px 0 4px black, 0 -1px 4px black; font-weight: bolder; padding: 10px 0px 10px 0px;\">Portail de recrutement de participants en recherche (P<sup>R<\/sup>P<sup>R<\/sup>)<\/span><\/a><\/p>\n<\/div>\n<div style=\"line-height: 30px; vertical-align: middle; display: inline-block; width: 220px; height: 200px; max-width: 220px; max-height: 200px; padding: 20px; margin: 8px 8px 8px 8px; background-image: url('https:\/\/cpa.ca\/wp-content\/uploads\/2021\/08\/taskforce.png'); background-repeat: no-repeat; background-size: 100% 100%;\">\n<p style=\"font-size: 18pt;\"><a style=\"text-decoration: none;\" href=\"https:\/\/cpa.ca\/fr\/supplyanddemand\/\"><span style=\"color: white; text-shadow: -1px 0 4px black, 0 1px 4px black, 1px 0 4px black, 0 -1px 4px black; font-weight: bolder; padding: 10px 0px 10px 0px;\">Supply And Demand of Psychologists<\/span><\/a><\/p>\n<\/div>\n<div style=\"line-height: 30px; vertical-align: middle; display: inline-block; width: 220px; height: 200px; max-width: 220px; max-height: 200px; padding: 20px; margin: 8px 8px 8px 8px; background-image: url('https:\/\/cpa.ca\/wp-content\/uploads\/2021\/08\/megaphone.png'); background-repeat: no-repeat; background-size: 100% 100%;\">\n<p style=\"font-size: 20pt;\"><a style=\"text-decoration: none;\" href=\"https:\/\/cpa.ca\/fr\/advocacy\/\"><span style=\"color: white; text-shadow: -1px 0 4px black, 0 1px 4px black, 1px 0 4px black, 0 -1px 4px black; font-weight: bolder; padding: 10px 0px 10px 0px;\">D\u00e9fense des int\u00e9r\u00eats<\/span><\/a><\/p>\n<\/div>\n<\/div>\n<hr \/>\n<h2>Nouvelles de la recherche<\/h2>\n<div id=\"cptui\" class=\"cptui-shortcode default-shortcode cptui-shortcode-378\">\n\t\n\t\t<div id=\"cptui-45903\" class=\"cptui-entry post-45903 post type-post status-publish format-standard hentry category-pratique category-recherche category-spotlight-fr\">\n\n\t\t\t\n\t\t\t<div class=\"cptui-entry-header\">\n\n\t\t\t\t\n\t\t\t\t<h4 class=\"cptui-entry-title\"><a class=\"cptui-link\" href=\"https:\/\/cpa.ca\/fr\/survey-the-future-of-psychology-in-canada\/\">Sondage &#8211; L\u2019avenir de la psychologie au Canada<\/a><\/h4>\n\n\t\t\t\t\n\t\t\t<\/div><!-- .cptui-entry-header -->\n\n\t\t\t<div class=\"cptui-entry-summary\">\n\n\t\t\t\t\n\t\t\t\t<p>Le paysage de la psychologie, tant comme profession que comme discipline, \u00e9volue rapidement.<\/p>\n<p><strong>Au moyen d\u2019un sondage<\/strong>, la SCP souhaite en savoir plus sur vous et sur ce que vous consid\u00e9rez comme les d\u00e9fis auxquels sera confront\u00e9e la psychologie dans les domaines suivants\u00a0: la science, la pratique, et la formation et l\u2019\u00e9ducation. Les r\u00e9sultats de ce sondage serviront \u00e0 orienter les activit\u00e9s et les efforts de sensibilisation et de repr\u00e9sentation des int\u00e9r\u00eats de la SCP au cours de l\u2019ann\u00e9e \u00e0 venir.<\/p>\n<p>Pour acc\u00e9der au sondage, veuillez cliquer sur l\u2019un des liens ci-dessous\u00a0:<\/p>\n<p><strong>Fran\u00e7ais <\/strong>: <u><a href=\"https:\/\/web2.cpa.ca\/membersurveys\/index.php\/457183?lang=fr\" target=\"_blank\" rel=\"noopener\">https:\/\/web2.cpa.ca\/membersurveys\/index.php\/457183?lang=fr<\/a><\/u><\/p>\n<p><strong>Anglais <\/strong>: <u><a href=\"https:\/\/web2.cpa.ca\/membersurveys\/index.php\/457183?lang=en\" target=\"_blank\" rel=\"noopener\">https:\/\/web2.cpa.ca\/membersurveys\/index.php\/457183?lang=en<\/a><\/u><\/p>\n<p>La date limite pour r\u00e9pondre au sondage est le <strong>vendredi 27 mars 2026.<\/strong><\/p>\n\n\t\t\t\t\n\t\t\t<\/div><!-- .cptui-entry-summary -->\n\n\t\t<\/div><!-- #cptui-xxxxx .cptui-entry -->\n\n\t\t\n\t\t<div id=\"cptui-43291\" class=\"cptui-entry post-43291 post type-post status-publish format-standard hentry category-recherche category-spotlight-fr\">\n\n\t\t\t\n\t\t\t<div class=\"cptui-entry-header\">\n\n\t\t\t\t\n\t\t\t\t<h4 class=\"cptui-entry-title\"><a class=\"cptui-link\" href=\"https:\/\/cpa.ca\/fr\/the-cpas-scientific-affairs-committee-is-seeking-new-members\/\">Le Comit\u00e9 des affaires scientifiques de la SCP est \u00e0 la recherche de nouveaux membres!<\/a><\/h4>\n\n\t\t\t\t\n\t\t\t<\/div><!-- .cptui-entry-header -->\n\n\t\t\t<div class=\"cptui-entry-summary\">\n\n\t\t\t\t\n\t\t\t\t<p>Le Comit\u00e9 des affaires scientifiques de la Soci\u00e9t\u00e9 canadienne de psychologie recrute actuellement de nouveaux membres. L\u2019objectif principal du Comit\u00e9 des affaires scientifiques est de faire progresser la psychologie scientifique en se penchant sur des questions importantes pour le milieu de la recherche en psychologie, les membres et les affili\u00e9s de la SCP et les groupes de chercheurs. Le comit\u00e9 est \u00e9galement responsable des politiques et des pratiques des revues et autres publications de la SCP.<\/p>\n<p>Chaque ann\u00e9e, les membres du Comit\u00e9 des affaires scientifiques se chargent d\u2019examiner les demandes de subventions de recherche pour les \u00e9tudiants, de donner leur avis sur diff\u00e9rentes questions ayant trait aux revues de la SCP (p.\u00a0ex., ententes de publication, vocabulaire du libre acc\u00e8s, normes de publication) et d\u2019examiner les propositions de num\u00e9ros sp\u00e9ciaux pr\u00e9sent\u00e9s aux revues. D\u2019autres activit\u00e9s auront lieu tout au long de leur mandat. Pour en savoir plus sur le Comit\u00e9 des affaires scientifiques ou pour lire le mandat du comit\u00e9, cliquez <a href=\"https:\/\/cpa.ca\/fr\/aproposdelascp\/comites\/scientificaffairs\/\">ici<\/a>.<\/p>\n<p>Si vous souhaitez vous impliquer dans le travail important du Comit\u00e9 des affaires scientifiques, veuillez envoyer une lettre d\u2019intention et un CV \u00e0 jour \u00e0 la Dre\u00a0Lauren Thompson, responsable des affaires scientifiques de la SCP, \u00e0 <a href=\"mailto:science@cpa.ca\">science@cpa.ca<\/a>. Dans votre lettre d\u2019intention, veuillez pr\u00e9ciser si votre travail de recherche rel\u00e8ve principalement du mandat du CRSH, du CRSNG ou des IRSC.<\/p>\n<hr \/>\n\n\t\t\t\t\n\t\t\t<\/div><!-- .cptui-entry-summary -->\n\n\t\t<\/div><!-- #cptui-xxxxx .cptui-entry -->\n\n\t\t<\/div>\n","protected":false},"excerpt":{"rendered":"<p><!--more--><\/p>\n","protected":false},"author":1,"featured_media":0,"parent":0,"menu_order":0,"comment_status":"closed","ping_status":"closed","template":"templates\/no-sidebar.php","meta":{"_acf_changed":false,"_monsterinsights_skip_tracking":false,"_monsterinsights_sitenote_active":false,"_monsterinsights_sitenote_note":"","_monsterinsights_sitenote_category":0,"footnotes":""},"class_list":["post-4335","page","type-page","status-publish","hentry"],"acf":[],"aioseo_notices":[],"publishpress_future_workflow_manual_trigger":{"enabledWorkflows":[]},"_links":{"self":[{"href":"https:\/\/cpa.ca\/fr\/wp-json\/wp\/v2\/pages\/4335","targetHints":{"allow":["GET"]}}],"collection":[{"href":"https:\/\/cpa.ca\/fr\/wp-json\/wp\/v2\/pages"}],"about":[{"href":"https:\/\/cpa.ca\/fr\/wp-json\/wp\/v2\/types\/page"}],"author":[{"embeddable":true,"href":"https:\/\/cpa.ca\/fr\/wp-json\/wp\/v2\/users\/1"}],"replies":[{"embeddable":true,"href":"https:\/\/cpa.ca\/fr\/wp-json\/wp\/v2\/comments?post=4335"}],"version-history":[{"count":6,"href":"https:\/\/cpa.ca\/fr\/wp-json\/wp\/v2\/pages\/4335\/revisions"}],"predecessor-version":[{"id":40952,"href":"https:\/\/cpa.ca\/fr\/wp-json\/wp\/v2\/pages\/4335\/revisions\/40952"}],"wp:attachment":[{"href":"https:\/\/cpa.ca\/fr\/wp-json\/wp\/v2\/media?parent=4335"}],"curies":[{"name":"wp","href":"https:\/\/api.w.org\/{rel}","templated":true}]}}