{"id":4360,"date":"2018-10-18T16:38:45","date_gmt":"2018-10-18T20:38:45","guid":{"rendered":"https:\/\/cpa.ca\/funding\/"},"modified":"2024-11-12T09:44:13","modified_gmt":"2024-11-12T14:44:13","slug":"funding","status":"publish","type":"page","link":"https:\/\/cpa.ca\/fr\/funding\/","title":{"rendered":"Financement de la recherche et de l\u2019organisation de conf\u00e9rences"},"content":{"rendered":"<div style=\"margin-left: 20px;\"><div id=\"cptui\" class=\"cptui-shortcode default-shortcode cptui-shortcode-378\">\n\t\n\t\t<div id=\"cptui-41722\" class=\"cptui-entry post-41722 post type-post status-publish format-standard hentry category-financement\">\n\n\t\t\t\n\t\t\t<div class=\"cptui-entry-header\">\n\n\t\t\t\t\n\t\t\t\t<h4 class=\"cptui-entry-title\"><a class=\"cptui-link\" href=\"https:\/\/cpa.ca\/fr\/bursary-for-equity-deserving-graduate-psychology-students\/\">Bourse pour les \u00e9tudiants dipl\u00f4m\u00e9s en psychologie m\u00e9ritant l\u2019\u00e9quit\u00e9<\/a><\/h4>\n\n\t\t\t\t\n\t\t\t<\/div><!-- .cptui-entry-header -->\n\n\t\t\t<div class=\"cptui-entry-summary\">\n\n\t\t\t\t\n\t\t\t\t<p> \u2013\u00a0<strong>FERM\u00c9 \u2013 pour 2026<\/strong><\/p>\n\n\t\t\t\t\n\t\t\t<\/div><!-- .cptui-entry-summary -->\n\n\t\t<\/div><!-- #cptui-xxxxx .cptui-entry -->\n\n\t\t\n\t\t<div id=\"cptui-44194\" class=\"cptui-entry post-44194 post type-post status-publish format-standard hentry category-financement\">\n\n\t\t\t\n\t\t\t<div class=\"cptui-entry-header\">\n\n\t\t\t\t\n\t\t\t\t<h4 class=\"cptui-entry-title\"><a class=\"cptui-link\" href=\"https:\/\/cpa.ca\/fr\/student-research-grants\/\">Subventions de recherche pour les \u00e9tudiants<\/a><\/h4>\n\n\t\t\t\t\n\t\t\t<\/div><!-- .cptui-entry-header -->\n\n\t\t\t<div class=\"cptui-entry-summary\">\n\n\t\t\t\t\n\t\t\t\t<p> &#8211; <strong> FERM\u00c9 pour 2026<\/strong><\/p>\n\n\t\t\t\t\n\t\t\t<\/div><!-- .cptui-entry-summary -->\n\n\t\t<\/div><!-- #cptui-xxxxx .cptui-entry -->\n\n\t\t\n\t\t<div id=\"cptui-44195\" class=\"cptui-entry post-44195 post type-post status-publish format-standard hentry category-financement\">\n\n\t\t\t\n\t\t\t<div class=\"cptui-entry-header\">\n\n\t\t\t\t\n\t\t\t\t<h4 class=\"cptui-entry-title\"><a class=\"cptui-link\" href=\"https:\/\/cpa.ca\/fr\/student-leadership-grants\/\">Bourse de leadership \u00e9tudiant<\/a><\/h4>\n\n\t\t\t\t\n\t\t\t<\/div><!-- .cptui-entry-header -->\n\n\t\t\t<div class=\"cptui-entry-summary\">\n\n\t\t\t\t\n\t\t\t\t<p> &#8211; <strong>LANC\u00c9 pour 2026<\/strong><\/p>\n\n\t\t\t\t\n\t\t\t<\/div><!-- .cptui-entry-summary -->\n\n\t\t<\/div><!-- #cptui-xxxxx .cptui-entry -->\n\n\t\t\n\t\t<div id=\"cptui-32822\" class=\"cptui-entry post-32822 post type-post status-publish format-standard hentry category-financement\">\n\n\t\t\t\n\t\t\t<div class=\"cptui-entry-header\">\n\n\t\t\t\t\n\t\t\t\t<h4 class=\"cptui-entry-title\"><a class=\"cptui-link\" href=\"https:\/\/cpa.ca\/fr\/cpas-indigenous-psychology-student-award-program\/\">Programme de bourses d&#8217;\u00e9tudes de SCP pour \u00e9tudiants autochtones<\/a><\/h4>\n\n\t\t\t\t\n\t\t\t<\/div><!-- .cptui-entry-header -->\n\n\t\t\t<div class=\"cptui-entry-summary\">\n\n\t\t\t\t\n\t\t\t\t<p> \u2013\u00a0<strong>FERM\u00c9<\/strong>\u00a0\u2013 pour 2025<\/p>\n\n\t\t\t\t\n\t\t\t<\/div><!-- .cptui-entry-summary -->\n\n\t\t<\/div><!-- #cptui-xxxxx .cptui-entry -->\n\n\t\t\n\t\t<div id=\"cptui-27858\" class=\"cptui-entry post-27858 post type-post status-publish format-standard hentry category-financement\">\n\n\t\t\t\n\t\t\t<div class=\"cptui-entry-header\">\n\n\t\t\t\t\n\t\t\t\t<h4 class=\"cptui-entry-title\"><a class=\"cptui-link\" href=\"https:\/\/cpa.ca\/fr\/formulaire-de-demande-de-bourse-internationale-de-la-societe-canadienne-de-psychologie\/\">Bourse internationale de la Soci\u00e9t\u00e9 canadienne de psychologie<\/a><\/h4>\n\n\t\t\t\t\n\t\t\t<\/div><!-- .cptui-entry-header -->\n\n\t\t\t<div class=\"cptui-entry-summary\">\n\n\t\t\t\t\n\t\t\t\t<p>\u2013 <strong>OUVERT<\/strong> \u2013 EN COURS<\/p>\n\n\t\t\t\t\n\t\t\t<\/div><!-- .cptui-entry-summary -->\n\n\t\t<\/div><!-- #cptui-xxxxx .cptui-entry -->\n\n\t\t\n\t\t<div id=\"cptui-24520\" class=\"cptui-entry post-24520 post type-post status-publish format-standard hentry category-financement\">\n\n\t\t\t\n\t\t\t<div class=\"cptui-entry-header\">\n\n\t\t\t\t\n\t\t\t\t<h4 class=\"cptui-entry-title\"><a class=\"cptui-link\" href=\"https:\/\/cpa.ca\/fr\/conference-support\/\">Soutien \u00e0 l\u2019organisation de conf\u00e9rences<\/a><\/h4>\n\n\t\t\t\t\n\t\t\t<\/div><!-- .cptui-entry-header -->\n\n\t\t\t<div class=\"cptui-entry-summary\">\n\n\t\t\t\t\n\t\t\t\t<p>\u2013\u00a0<strong>OUVERT<\/strong>\u00a0\u2013 EN COURS<\/p>\n\n\t\t\t\t\n\t\t\t<\/div><!-- .cptui-entry-summary -->\n\n\t\t<\/div><!-- #cptui-xxxxx .cptui-entry -->\n\n\t\t<\/div><\/div>\n<hr style=\"text-align: center; width: 50%;\" \/>\n<!-----\n&nbsp;\n\n\n<h2 style=\"display: inline-block;\">Conditions d'admissibilit\u00e9: bourses de leadership et subvention de recherche pour \u00e9tudiants<\/h2>\n\n\n\n\n<div style=\"width: 80%; margin-left: 50px;\">\n\n\n<h3>Admissibilit\u00e9<\/h3>\n\n\n[accordions id='24592']\n<em><strong>Les demandes qui ne remplissent pas toutes les exigences relatives aux propositions ne seront pas \u00e9tudi\u00e9es.<\/strong><\/em>\n\n\n<h3>\u00c9valuation<\/h3>\n\n\n[accordions id='24534']\n<span data-mce-type=\"bookmark\" style=\"display: inline-block; width: 0px; overflow: hidden; line-height: 0;\" class=\"mce_SELRES_start\"><\/span><\/div>\n\n\n\n\n\n<hr \/>\n\n\n\n\n\n<h2>AUTRES POSSIBILIT\u00c9S DE FINANCEMENT<\/h2>\n\n\n---------><\/p>\n<div style=\"margin-left: 50px;\">\n<div id=\"cptui\" class=\"cptui-shortcode default-shortcode cptui-shortcode-378\">\n\t<\/div>\n<\/div>\n","protected":false},"excerpt":{"rendered":"<p><!--more--><\/p>\n","protected":false},"author":2,"featured_media":0,"parent":0,"menu_order":0,"comment_status":"closed","ping_status":"closed","template":"","meta":{"_acf_changed":false,"_monsterinsights_skip_tracking":false,"_monsterinsights_sitenote_active":false,"_monsterinsights_sitenote_note":"","_monsterinsights_sitenote_category":0,"footnotes":""},"class_list":["post-4360","page","type-page","status-publish","hentry"],"acf":[],"aioseo_notices":[],"publishpress_future_workflow_manual_trigger":{"enabledWorkflows":[]},"_links":{"self":[{"href":"https:\/\/cpa.ca\/fr\/wp-json\/wp\/v2\/pages\/4360","targetHints":{"allow":["GET"]}}],"collection":[{"href":"https:\/\/cpa.ca\/fr\/wp-json\/wp\/v2\/pages"}],"about":[{"href":"https:\/\/cpa.ca\/fr\/wp-json\/wp\/v2\/types\/page"}],"author":[{"embeddable":true,"href":"https:\/\/cpa.ca\/fr\/wp-json\/wp\/v2\/users\/2"}],"replies":[{"embeddable":true,"href":"https:\/\/cpa.ca\/fr\/wp-json\/wp\/v2\/comments?post=4360"}],"version-history":[{"count":6,"href":"https:\/\/cpa.ca\/fr\/wp-json\/wp\/v2\/pages\/4360\/revisions"}],"predecessor-version":[{"id":40462,"href":"https:\/\/cpa.ca\/fr\/wp-json\/wp\/v2\/pages\/4360\/revisions\/40462"}],"wp:attachment":[{"href":"https:\/\/cpa.ca\/fr\/wp-json\/wp\/v2\/media?parent=4360"}],"curies":[{"name":"wp","href":"https:\/\/api.w.org\/{rel}","templated":true}]}}