{"id":43978,"date":"2025-08-18T13:34:40","date_gmt":"2025-08-18T17:34:40","guid":{"rendered":"https:\/\/cpa.ca\/lunchbox-lectures\/"},"modified":"2026-03-12T15:58:29","modified_gmt":"2026-03-12T19:58:29","slug":"lunchbox","status":"publish","type":"page","link":"https:\/\/cpa.ca\/fr\/lunchbox\/","title":{"rendered":"Lunchbox Lectures"},"content":{"rendered":"<div class=\"textwrapleft\" style=\"max-width: 35%;\"><img decoding=\"async\" src=\"https:\/\/cpa.ca\/docs\/File\/Education\/Lunchbox Lectures-Final Logo-600px-Red.png\" alt=\"Lunchbox Lectures series\" \/><\/div>\n<div>\n<p>The CPA\u2019s <em>Lunchbox Lectures<\/em> is an opportunity to hear from leading researchers and practitioners across the full spectrum of psychological science. Each monthly session highlights current issues, emerging research, and innovative approaches shaping the discipline today.<\/p>\n<p>We designed this series to help inform, broaden perspectives, and spark new ideas, giving you a forum for learning and professional growth throughout the year. All lectures are free for members and just $15 for non-members.<\/p>\n<p>All Lunchbox Lectures are eligible for <strong>1.5 CE credits*<\/strong>.<\/p>\n<p><em>Something to share? If you are interested in being a part of the Lunchbox Lectures seminar series, email <a href=\"mailto:education@cpa.ca\">education@cpa.ca<\/a> with your submission idea. Submissions for the winter term series are open until October 1<sup>st<\/sup>, 2025.<\/em><\/p>\n<\/div>\n<hr \/>\n<h2>Sessions de la s\u00e9rie de d\u00eeners-conf\u00e9rences &#8211; hiver 2026<\/h2>\n<h2><\/h2>\n<div><center><a class=\"myButton\" href=\"https:\/\/secure.cpa.ca\/Apps\/Pages\/ams-event-details\/299538?isPreview=False&amp;quantity=1&amp;isforcedSessionClear=True&amp;app=AppName\" target=\"_blank\" rel=\"noopener noreferrer\">Inscription<br \/>\nhiver 2026<\/a><\/center><\/div>\n<table width=\"95%\">\n<thead>\n<tr>\n<td><strong>\u00a0<\/strong><\/td>\n<td><strong>Date et heure<\/strong><\/td>\n<td style=\"min-width: 50%;\" width=\"50%\"><strong>Titre et Conf\u00e9renci\u00e8re\/conf\u00e9rencier<\/strong><\/td>\n<td><strong>Cr\u00e9dit de formation continue*<\/strong><\/td>\n<\/tr>\n<\/thead>\n<tbody>\n<tr>\n<td><strong>Janvier<\/strong><\/td>\n<td>\u00a027 janvier 12 h (HAE)<\/td>\n<td><strong>More Than Medicine: The Critical Role of Psychology in Cancer Care<\/strong><br \/>\nDre Sheila Garland<br \/>\nUniversit\u00e9 Memorial de Terre-Neuve<br \/>\nProfesseure de psychologie et d\u2019oncologie<\/td>\n<td>\u00a01.5<\/td>\n<\/tr>\n<tr>\n<td><strong>February<\/strong><\/td>\n<td>27 f\u00e9vrier 12 h (HAE)<\/td>\n<td><strong><span data-olk-copy-source=\"MessageBody\">Navigating New Roads of Intimacy: Implementing a Transdiagnostic Men\u2019s Sexual Health Intervention<\/span><\/strong><br \/>\nDr. Daniel Tassone<br \/>\nVA Palo Alto Health Care System<br \/>\nPsychologue clinicien<\/td>\n<td>1.5<\/td>\n<\/tr>\n<tr>\n<td><strong>March<\/strong><\/td>\n<td>25 mars 12 h (HAE)<\/td>\n<td>\u00a0<strong>Toward an RTI Model for Supporting Gifted Learners in Canadian Schools<\/strong><br \/>\nDr. Diana Cassie<br \/>\nOntario School Psychologist<\/td>\n<td>1.5<\/td>\n<\/tr>\n<p><!------\n\n<tr>\n\n\n<td><strong>April<\/strong><\/td>\n\n\n\n\n<td>\u00c0 communiquer<\/td>\n\n\n\n\n<td>TBA<\/td>\n\n\n\n\n<td>1.5<\/td>\n\n\n<\/tr>\n\n-----><br \/>\n<\/tbody>\n<\/table>\n<p>&nbsp;<\/p>\n<hr \/>\n<h2>Sessions de la s\u00e9rie de d\u00eeners-conf\u00e9rences &#8211; automne 2025<\/h2>\n<p><!---\n\n\n<div><center><a class=\"myButton\" href=\"https:\/\/secure.cpa.ca\/Apps\/ShoppingCart\/AddRegistrationToCart\/283718?isPreview=False&amp;quantity=1&amp;isforcedSessionClear=True&amp;app=AppName\" target=\"_blank\" rel=\"noopener noreferrer\">Inscription\nautomne 2025<\/a><\/center><\/div>\n\n\n----><\/p>\n<table width=\"95%\">\n<thead>\n<tr>\n<td><strong>\u00a0<\/strong><\/td>\n<td><strong>Date et heure<\/strong><\/td>\n<td style=\"min-width: 50%;\" width=\"50%\"><strong>Titre et Conf\u00e9renci\u00e8re\/conf\u00e9rencier<\/strong><\/td>\n<td><strong>Cr\u00e9dit de formation continue*<\/strong><\/td>\n<\/tr>\n<\/thead>\n<tbody>\n<tr>\n<td><strong>September<\/strong><\/td>\n<td>\u00a0September 17, 12:30pm EDT<\/td>\n<td>\n<h4><strong>Movement in the classroom: insights from children with ADHD<\/strong><\/h4>\n<p>Dre Barbara Fenesi<br \/>\nWestern University<br \/>\nTier II Canada Research Chair &#8211; Science of Learning<\/td>\n<td>\u00a01.5<\/td>\n<\/tr>\n<tr>\n<td><strong>October<\/strong><\/td>\n<td>October 24, 3pm EDT<\/td>\n<td><strong>The Pull Toward Neutrality: Emotional and Cognitive Costs of Avoiding Extremes<\/strong><\/p>\n<p>Dr Thomas Vaughan-Johnston<br \/>\nCardiff University<br \/>\nAssistant Professor, School of Psychology<\/td>\n<td>1.5<\/td>\n<\/tr>\n<tr>\n<td><strong>November<\/strong><\/td>\n<td>November 19, 12:30pm EST<\/td>\n<td><strong>How Do Social Identities Relate to Intergroup Relations?<\/strong><\/p>\n<p>Dre Elizabeth Page-Gould<br \/>\nUniversity of Toronto Tier I Canada Research Chair &#8211; Social Psychophysiology<\/td>\n<td>1.5<\/td>\n<\/tr>\n<tr>\n<td><strong>December<\/strong><\/td>\n<td>TBA<\/td>\n<td>Dre Jesse Boss\u00e9<br \/>\nTall Tree Psychology Author of <em>Beyond the trans-cis binary: A healthcare provider&#8217;s guide to detransition and non-linear gender trajectories<\/em><\/td>\n<td>1.5<\/td>\n<\/tr>\n<\/tbody>\n<\/table>\n<p>&nbsp;<\/p>\n<p>&nbsp;<\/p>\n","protected":false},"excerpt":{"rendered":"<p>The CPA\u2019s Lunchbox Lectures is an opportunity to hear from leading researchers and practitioners across the full spectrum of psychological science. Each monthly session highlights current issues, emerging research, and innovative approaches shaping the discipline today. We designed this series to help inform, broaden perspectives, and spark new ideas, giving you a forum for learning [&hellip;]<\/p>\n","protected":false},"author":2,"featured_media":0,"parent":0,"menu_order":0,"comment_status":"closed","ping_status":"closed","template":"templates\/no-sidebar.php","meta":{"_acf_changed":false,"_monsterinsights_skip_tracking":false,"_monsterinsights_sitenote_active":false,"_monsterinsights_sitenote_note":"","_monsterinsights_sitenote_category":0,"footnotes":""},"class_list":["post-43978","page","type-page","status-publish","hentry"],"acf":[],"aioseo_notices":[],"publishpress_future_workflow_manual_trigger":{"enabledWorkflows":[]},"_links":{"self":[{"href":"https:\/\/cpa.ca\/fr\/wp-json\/wp\/v2\/pages\/43978","targetHints":{"allow":["GET"]}}],"collection":[{"href":"https:\/\/cpa.ca\/fr\/wp-json\/wp\/v2\/pages"}],"about":[{"href":"https:\/\/cpa.ca\/fr\/wp-json\/wp\/v2\/types\/page"}],"author":[{"embeddable":true,"href":"https:\/\/cpa.ca\/fr\/wp-json\/wp\/v2\/users\/2"}],"replies":[{"embeddable":true,"href":"https:\/\/cpa.ca\/fr\/wp-json\/wp\/v2\/comments?post=43978"}],"version-history":[{"count":6,"href":"https:\/\/cpa.ca\/fr\/wp-json\/wp\/v2\/pages\/43978\/revisions"}],"predecessor-version":[{"id":46629,"href":"https:\/\/cpa.ca\/fr\/wp-json\/wp\/v2\/pages\/43978\/revisions\/46629"}],"wp:attachment":[{"href":"https:\/\/cpa.ca\/fr\/wp-json\/wp\/v2\/media?parent=43978"}],"curies":[{"name":"wp","href":"https:\/\/api.w.org\/{rel}","templated":true}]}}