{"id":47338,"date":"2026-05-13T11:04:59","date_gmt":"2026-05-13T15:04:59","guid":{"rendered":"https:\/\/cpa.ca\/sections\/suicide-prevention\/"},"modified":"2026-05-13T11:07:50","modified_gmt":"2026-05-13T15:07:50","slug":"suicide-prevention","status":"publish","type":"page","link":"https:\/\/cpa.ca\/fr\/sections\/suicide-prevention\/","title":{"rendered":"Section de la pr\u00e9vention du suicide"},"content":{"rendered":"<p><img loading=\"lazy\" decoding=\"async\" class=\"textwrapleft\" style=\"max-width: 130px;\" src=\"https:\/\/cpa.ca\/docs\/File\/Sections\/SuicidePrevention\/SwirlingSkyM.jpg\" alt=\"Suicide Prevention Section\" width=\"130\" height=\"130\" \/><\/p>\n<h4 style=\"display: inline-block;\">Pr\u00e9sident(e): Marnin J. Heisel, Ph.D., C.Psych.<\/h4>\n<p><strong>Courriel ::<\/strong> <a href=\"mailto:Marnin.Heisel@lhsc.on.ca\">Marnin.Heisel@lhsc.on.ca<\/a><\/p>\n<h4 style=\"display: inline-block;\">Mission :<\/h4>\n<p>L\u2019objectif de la Section de la pr\u00e9vention du suicide de la SCP est de promouvoir et de soutenir, au sein du domaine de la psychologie au Canada, la science et la pratique de la suicidologie, entendue comme l\u2019\u00e9tude et la pr\u00e9vention du suicide.<\/p>\n<p>Conform\u00e9ment \u00e0 la mission de la SCP, la Section de la pr\u00e9vention du suicide vise \u00e0 faire progresser la pr\u00e9vention du suicide au Canada par le biais de la recherche en psychologie, des initiatives en soins de sant\u00e9 et en sant\u00e9 publique, de la formation, de la traduction et de la diffusion des connaissances, ainsi que de la d\u00e9fense des int\u00e9r\u00eats.<\/p>\n","protected":false},"excerpt":{"rendered":"<p>Pr\u00e9sident(e): Marnin J. Heisel, Ph.D., C.Psych. Courriel :: Marnin.Heisel@lhsc.on.ca Mission : L\u2019objectif de la Section de la pr\u00e9vention du suicide de la SCP est de promouvoir et de soutenir, au sein du domaine de la psychologie au Canada, la science et la pratique de la suicidologie, entendue comme l\u2019\u00e9tude et la pr\u00e9vention du suicide. Conform\u00e9ment [&hellip;]<\/p>\n","protected":false},"author":2,"featured_media":0,"parent":2692,"menu_order":0,"comment_status":"closed","ping_status":"closed","template":"","meta":{"_acf_changed":false,"_monsterinsights_skip_tracking":false,"_monsterinsights_sitenote_active":false,"_monsterinsights_sitenote_note":"","_monsterinsights_sitenote_category":0,"footnotes":""},"class_list":["post-47338","page","type-page","status-publish","hentry"],"acf":[],"aioseo_notices":[],"publishpress_future_workflow_manual_trigger":{"enabledWorkflows":[]},"_links":{"self":[{"href":"https:\/\/cpa.ca\/fr\/wp-json\/wp\/v2\/pages\/47338","targetHints":{"allow":["GET"]}}],"collection":[{"href":"https:\/\/cpa.ca\/fr\/wp-json\/wp\/v2\/pages"}],"about":[{"href":"https:\/\/cpa.ca\/fr\/wp-json\/wp\/v2\/types\/page"}],"author":[{"embeddable":true,"href":"https:\/\/cpa.ca\/fr\/wp-json\/wp\/v2\/users\/2"}],"replies":[{"embeddable":true,"href":"https:\/\/cpa.ca\/fr\/wp-json\/wp\/v2\/comments?post=47338"}],"version-history":[{"count":3,"href":"https:\/\/cpa.ca\/fr\/wp-json\/wp\/v2\/pages\/47338\/revisions"}],"predecessor-version":[{"id":47342,"href":"https:\/\/cpa.ca\/fr\/wp-json\/wp\/v2\/pages\/47338\/revisions\/47342"}],"up":[{"embeddable":true,"href":"https:\/\/cpa.ca\/fr\/wp-json\/wp\/v2\/pages\/2692"}],"wp:attachment":[{"href":"https:\/\/cpa.ca\/fr\/wp-json\/wp\/v2\/media?parent=47338"}],"curies":[{"name":"wp","href":"https:\/\/api.w.org\/{rel}","templated":true}]}}