{"id":4789,"date":"2017-10-21T15:17:00","date_gmt":"2017-10-21T19:17:00","guid":{"rendered":"https:\/\/cpa.ca\/education\/"},"modified":"2025-08-18T17:13:16","modified_gmt":"2025-08-18T21:13:16","slug":"education","status":"publish","type":"page","link":"https:\/\/cpa.ca\/fr\/education\/","title":{"rendered":"\u00c9ducation"},"content":{"rendered":"<p>Research, practice, and education directs the CPA\u2019s mandate. In support of education, the CPA promotes excellence and innovation in the education and training of psychology in Canada by liaising with the Chairs of Departments of Psychology in Canada, supporting and promoting education and training in psychology through all stages of university study, identifying issues impacting teachers and students of psychology, post-degree and post-licensure continuing education needs, development of accreditation standards and guidelines for training in psychology, recognizing contributions of teachers, trainers and students, and educating the public and other stakeholders on psychological topics.<\/p>\n<p>For information about the CPA\u2019s education activities, please contact Devin Fowlie, Education and Professional Development Director, CPA, via email (<a href=\"mailto:education@cpa.ca\">education@cpa.ca<\/a>) or by phone (613-237-2144, ext. 1328 or toll-free: 1-888-472-0657 ext. 1328), or see the <a href=\"https:\/\/cpa.ca\/fr\/aproposdelascp\/comites\/educationandtraining\/\">Education and Training Committee page<\/a>.<\/p>\n<div style=\"padding: 17px; text-align: center;\">\n<div style=\";border:thin gray solid;line-height: 30px; vertical-align: middle; display: inline-block; width: 220px; height: 200px; max-width: 220px; max-height: 200px; \"><a href=\"https:\/\/cpa.ca\/fr\/lunchbox\/\"><img decoding=\"async\" style=\"max-width: 220px; max-height: 200px; vertical-align: middle; display: inline-block; margin-top: 20px;\" src=\"https:\/\/cpa.ca\/docs\/File\/Education\/Lunchbox Lectures-Final Logo-600px-Red.png\" \/><\/a><\/p>\n<\/div>\n<div style=\"line-height: 30px; vertical-align: middle; display: inline-block; width: 220px; height: 200px; max-width: 220px; max-height: 200px; padding: 20px; margin: 8px 8px 8px 8px; background-image: url('https:\/\/cpa.ca\/wp-content\/uploads\/2017\/10\/ProdAd200_OnlineCourses.png'); background-repeat: no-repeat; background-size: 100% 100%;\">\n<p style=\"font-size: 17pt;\"><a style=\"text-decoration: none;\" href=\"https:\/\/cpa.ca\/fr\/professionaldevelopment\/\"><span style=\"color: white; text-shadow: -1px 0 4px black, 0 1px 4px black, 1px 0 4px black, 0 -1px 4px black; font-weight: bolder; padding: 10px 0px 10px 0px;\">Cours de perfectionnement professionnel continu<\/span><\/a><\/p>\n<\/div>\n<div style=\"line-height: 30px; vertical-align: middle; display: inline-block; width: 220px; height: 200px; max-width: 220px; max-height: 200px; padding: 20px; margin: 8px 8px 8px 8px; background-image: url('https:\/\/cpa.ca\/wp-content\/uploads\/2021\/08\/taskforce.png'); background-repeat: no-repeat; background-size: 100% 100%;\">\n<p style=\"font-size: 19pt;\"><a style=\"text-decoration: none;\" href=\"https:\/\/cpa.ca\/fr\/agrement\/\"><span style=\"color: white; text-shadow: -1px 0 4px black, 0 1px 4px black, 1px 0 4px black, 0 -1px 4px black; font-weight: bolder; padding: 10px 0px 10px 0px;\">Agr\u00e9ment<\/span><\/a><\/p>\n<\/div>\n<div style=\"line-height: 30px; vertical-align: middle; display: inline-block; width: 220px; height: 200px; max-width: 220px; max-height: 200px; padding: 20px; margin: 8px 8px 8px 8px; background-image: url('https:\/\/cpa.ca\/wp-content\/uploads\/2018\/08\/Students-400x400.jpg'); background-repeat: no-repeat; background-size: 100% 100%;\">\n<p style=\"font-size: 19pt;\"><a style=\"text-decoration: none;\" href=\"https:\/\/cpa.ca\/fr\/etudiants\/\"><span style=\"color: white; text-shadow: -1px 0 4px black, 0 1px 4px black, 1px 0 4px black, 0 -1px 4px black; font-weight: bolder; padding: 10px 0px 10px 0px;\">Section des \u00e9tudiants<\/span><\/a><\/p>\n<\/div>\n<div style=\"line-height: 30px; vertical-align: middle; display: inline-block; width: 220px; height: 200px; max-width: 220px; max-height: 200px; padding: 20px; margin: 8px 8px 8px 8px; background-image: url('https:\/\/cpa.ca\/stockphotos\/EducationalM.jpg'); background-repeat: no-repeat; background-size: 100% 100%;\">\n<p style=\"font-size: 18pt;\"><a style=\"text-decoration: none;\" href=\"https:\/\/cpa.ca\/fr\/sections\/educational\/\"><span style=\"color: white; text-shadow: -1px 0 4px black, 0 1px 4px black, 1px 0 4px black, 0 -1px 4px black; font-weight: bolder; padding: 10px 0px 10px 0px;\">Education and School Psychology Section<\/span><\/a><\/p>\n<\/div>\n<div style=\"line-height: 30px; vertical-align: middle; display: inline-block; width: 220px; height: 200px; max-width: 220px; max-height: 200px; padding: 20px; margin: 8px 8px 8px 8px; background-image: url('https:\/\/cpa.ca\/wp-content\/uploads\/2021\/08\/PWFactSheets.png'); background-repeat: no-repeat; background-size: 100% 100%;\">\n<p style=\"font-size: 18pt;\"><a style=\"text-decoration: none;\" href=\"https:\/\/cpa.ca\/fr\/lapsychologiepeutvousaider\/\"><span style=\"color: white; text-shadow: -1px 0 4px black, 0 1px 4px black, 1px 0 4px black, 0 -1px 4px black; font-weight: bolder; padding: 10px 0px 10px 0px;\">La psychologie peut vous aider<\/span><\/a><\/p>\n<\/div>\n<div style=\"line-height: 30px; vertical-align: middle; display: inline-block; width: 220px; height: 200px; max-width: 220px; max-height: 200px; padding: 20px; margin: 8px 8px 8px 8px; background-image: url('https:\/\/cpa.ca\/wp-content\/uploads\/2021\/08\/Resources.png'); background-repeat: no-repeat; background-size: 100% 100%;\">\n<p style=\"font-size: 19pt;\"><a style=\"text-decoration: none;\" href=\"https:\/\/cpa.ca\/fr\/psychological-resources\/\"><span style=\"color: white; text-shadow: -1px 0 4px black, 0 1px 4px black, 1px 0 4px black, 0 -1px 4px black; font-weight: bolder; padding: 10px 0px 10px 0px;\">CPA Reports and Resources<\/span><\/a><\/p>\n<\/div>\n<\/div>\n<p><!------------\n\nL\u2019\u00e9ducation \u00e9tant l\u2019un de ses trois piliers, la SCP soutient et encourage l\u2019excellence et l\u2019innovation en mati\u00e8re d\u2019enseignement de la psychologie et de la formation des psychologues au Canada. Pour accomplir cela, elle :\n\n\n<ul>\n \t\n\n<li>\tsoutient et favorise l\u2019enseignement et la formation en psychologie \u00e0 toutes les \u00e9tapes du parcours universitaire<\/li>\n\n\n \t\n\n<li>\td\u00e9termine les questions qui ont une incidence sur les enseignants et les \u00e9tudiants en psychologie, et pr\u00e9conise des solutions<\/li>\n\n\n \t\n\n<li>\tformation continue des chercheurs en psychologie et des psychologues praticiens apr\u00e8s l\u2019obtention du dipl\u00f4me et de l\u2019autorisation d\u2019exercer<\/li>\n\n\n \t\n\n<li>\t\u00e9laboration de normes d\u2019agr\u00e9ment et de lignes directrices relatives \u00e0 la formation en psychologie, en particulier les proc\u00e9dures d\u2019agr\u00e9ment des programmes de doctorat et d\u2019internat en psychologie professionnelle<\/li>\n\n\n \t\n\n<li>\thabilet\u00e9s et comp\u00e9tences avant et apr\u00e8s l\u2019obtention du dipl\u00f4me, qui outilleront les psychologues et pr\u00e9pareront ceux-ci \u00e0 assumer leur r\u00f4le de scientifique, d\u2019\u00e9ducateur ou de praticien<\/li>\n\n\n \t\n\n<li>\treconnaissance de la contribution des enseignants, des formateurs et des \u00e9tudiants en psychologie<\/li>\n\n\n \t\n\n<li>\ttravail en liaison avec les pr\u00e9sidents des d\u00e9partements de psychologie au Canada<\/li>\n\n\n \t\n\n<li>\tsensibilisation du public et d\u2019autres intervenants sur des sujets qui touchent la psychologie<\/li>\n\n\n<\/ul>\n\n\nSi vous avez des questions ou des commentaires sur les activit\u00e9s d\u2019\u00e9ducation et de perfectionnement professionnel de la SCP, veuillez communiquer avec nous \u00e0 <a href=\"mailto:education@cpa.ca\">education@cpa.ca<\/a>\n\n--><\/p>\n","protected":false},"excerpt":{"rendered":"<p><!--more--><\/p>\n","protected":false},"author":1,"featured_media":0,"parent":0,"menu_order":2,"comment_status":"closed","ping_status":"closed","template":"templates\/no-sidebar.php","meta":{"_acf_changed":false,"_monsterinsights_skip_tracking":false,"_monsterinsights_sitenote_active":false,"_monsterinsights_sitenote_note":"","_monsterinsights_sitenote_category":0,"footnotes":""},"class_list":["post-4789","page","type-page","status-publish","hentry"],"acf":[],"aioseo_notices":[],"publishpress_future_workflow_manual_trigger":{"enabledWorkflows":[]},"_links":{"self":[{"href":"https:\/\/cpa.ca\/fr\/wp-json\/wp\/v2\/pages\/4789","targetHints":{"allow":["GET"]}}],"collection":[{"href":"https:\/\/cpa.ca\/fr\/wp-json\/wp\/v2\/pages"}],"about":[{"href":"https:\/\/cpa.ca\/fr\/wp-json\/wp\/v2\/types\/page"}],"author":[{"embeddable":true,"href":"https:\/\/cpa.ca\/fr\/wp-json\/wp\/v2\/users\/1"}],"replies":[{"embeddable":true,"href":"https:\/\/cpa.ca\/fr\/wp-json\/wp\/v2\/comments?post=4789"}],"version-history":[{"count":7,"href":"https:\/\/cpa.ca\/fr\/wp-json\/wp\/v2\/pages\/4789\/revisions"}],"predecessor-version":[{"id":44000,"href":"https:\/\/cpa.ca\/fr\/wp-json\/wp\/v2\/pages\/4789\/revisions\/44000"}],"wp:attachment":[{"href":"https:\/\/cpa.ca\/fr\/wp-json\/wp\/v2\/media?parent=4789"}],"curies":[{"name":"wp","href":"https:\/\/api.w.org\/{rel}","templated":true}]}}