{"id":8313,"date":"2019-07-26T14:56:18","date_gmt":"2019-07-26T18:56:18","guid":{"rendered":"https:\/\/cpa.ca\/?page_id=8313"},"modified":"2025-09-24T15:59:20","modified_gmt":"2025-09-24T19:59:20","slug":"reconciliation","status":"publish","type":"page","link":"https:\/\/cpa.ca\/fr\/aproposdelascp\/comites\/reconciliation\/","title":{"rendered":"Groupe de travail sur le partage des connaissances\/Comit\u00e9 permanent sur la r\u00e9conciliation avec les peuples autochtones"},"content":{"rendered":"<table border=\"1\" cellspacing=\"0\" cellpadding=\"4\">\n<tbody>\n<tr>\n<td valign=\"top\">\n<h4>Pr\u00e9sidente :<\/h4>\n<\/td>\n<td valign=\"top\">Jennifer Chalmers<\/td>\n<\/tr>\n<tr>\n<td valign=\"top\" width=\"280px\">\n<h4>Membres :<\/h4>\n<\/td>\n<td valign=\"top\">\n<article style=\"-webkit-column-width: 250px; -moz-column-width: 250px; column-width: 250px;\">Stephane Day<br \/>\nNatasha Wawrykow<br \/>\nRoger John<br \/>\nRick Wabano (Community member)<br \/>\nKokhum Beverly Keeshig-Soonias<br \/>\nJoshua Madsen<br \/>\nMeghan Norris<br \/>\nJean Roussel<br \/>\nAllison Reeves<br \/>\nIloradanon Efimoff<br \/>\nLisa Votta-Bleeker, CPA Staff Member (ex-officio)<\/article>\n<\/td>\n<\/tr>\n<td valign=\"top\">\n<h4>Mandat :<\/h4>\n<\/td>\n<td valign=\"top\">Le Groupe de travail sur le partage des connaissances\/Comit\u00e9 permanent sur la r\u00e9conciliation avec les peuples autochtones a pour mandat d\u2019aider la SCP et ses membres \u00e0 poursuivre le travail de v\u00e9rit\u00e9 et de r\u00e9conciliation dans le contexte de la psychologie au Canada. <\/td>\n<\/tr>\n<tr>\n<td valign=\"top\">\n<h4>Objectifs :<\/h4>\n<\/td>\n<td valign=\"top\">Faciliter et \u00e9tablir des relations de collaboration avec les peuples autochtones afin de d\u00e9velopper une meilleure compr\u00e9hension et des soutiens adapt\u00e9s \u00e0 leurs besoins en mati\u00e8re de sant\u00e9 et de bien-\u00eatre.<\/p>\n<p>Continuer \u00e0 explorer et \u00e0 comprendre la v\u00e9rit\u00e9 d\u2019un point de vue autochtone sur la voie de la r\u00e9conciliation.\n<\/td>\n<\/tr>\n<tr>\n<td valign=\"top\">\n<h4>Page Web :<\/h4>\n<\/td>\n<td valign=\"top\"><a href=\"https:\/\/cpa.ca\/fr\/aproposdelascp\/comites\/reconciliation\/\">https:\/\/cpa.ca\/fr\/aproposdelascp\/comites\/reconciliation\/<\/a><\/td>\n<\/tr>\n<tr>\n<td valign=\"top\">\n<h4>Pour nous joindre :<\/h4>\n<\/td>\n<td valign=\"top\"><a href=\"mailto:governance@cpa.ca\">governance@cpa.ca<\/a><\/td>\n<\/tr>\n<\/tbody>\n<\/table>\n<p><!--\n\n\n<h4>Accountability and Objectives<\/h4>\n\n\nThe Committee on Ee.\n\nThe Committee .\n\n--><\/p>\n<div style=\"margin-left: 20px;\"><div id=\"cptui\" class=\"cptui-shortcode default-shortcode cptui-shortcode-378\">\n\t<\/div><\/div>\n","protected":false},"excerpt":{"rendered":"<p> <!--more--><\/p>\n","protected":false},"author":2,"featured_media":0,"parent":1281,"menu_order":0,"comment_status":"closed","ping_status":"closed","template":"templates\/no-sidebar.php","meta":{"_acf_changed":false,"_monsterinsights_skip_tracking":false,"_monsterinsights_sitenote_active":false,"_monsterinsights_sitenote_note":"","_monsterinsights_sitenote_category":0,"footnotes":""},"class_list":["post-8313","page","type-page","status-publish","hentry"],"acf":[],"aioseo_notices":[],"publishpress_future_workflow_manual_trigger":{"enabledWorkflows":[]},"_links":{"self":[{"href":"https:\/\/cpa.ca\/fr\/wp-json\/wp\/v2\/pages\/8313","targetHints":{"allow":["GET"]}}],"collection":[{"href":"https:\/\/cpa.ca\/fr\/wp-json\/wp\/v2\/pages"}],"about":[{"href":"https:\/\/cpa.ca\/fr\/wp-json\/wp\/v2\/types\/page"}],"author":[{"embeddable":true,"href":"https:\/\/cpa.ca\/fr\/wp-json\/wp\/v2\/users\/2"}],"replies":[{"embeddable":true,"href":"https:\/\/cpa.ca\/fr\/wp-json\/wp\/v2\/comments?post=8313"}],"version-history":[{"count":6,"href":"https:\/\/cpa.ca\/fr\/wp-json\/wp\/v2\/pages\/8313\/revisions"}],"predecessor-version":[{"id":44478,"href":"https:\/\/cpa.ca\/fr\/wp-json\/wp\/v2\/pages\/8313\/revisions\/44478"}],"up":[{"embeddable":true,"href":"https:\/\/cpa.ca\/fr\/wp-json\/wp\/v2\/pages\/1281"}],"wp:attachment":[{"href":"https:\/\/cpa.ca\/fr\/wp-json\/wp\/v2\/media?parent=8313"}],"curies":[{"name":"wp","href":"https:\/\/api.w.org\/{rel}","templated":true}]}}