{"id":8589,"date":"2019-08-30T13:47:39","date_gmt":"2019-08-30T17:47:39","guid":{"rendered":"https:\/\/cpa.ca\/advocacy\/very-involved-psychologist-vip-very-involved-psychological-researcher-vipr\/"},"modified":"2019-09-09T10:58:06","modified_gmt":"2019-09-09T14:58:06","slug":"vip-vipr","status":"publish","type":"page","link":"https:\/\/cpa.ca\/fr\/advocacy\/vip-vipr\/","title":{"rendered":"PIR \/  CPIR"},"content":{"rendered":"<h2>Psychologues et chercheurs en psychologie impliqu\u00e9s recherch\u00e9s!<\/h2>\n<p>Vous vous int\u00e9ressez \u00e0 la politique ou \u00eates d\u00e9j\u00e0 engag\u00e9 sur le plan politique? Vous aimeriez d\u00e9fendre les int\u00e9r\u00eats de la sant\u00e9 psychologique et de la recherche en psychologie? <\/p>\n<p>M\u00eame si les politiciens f\u00e9d\u00e9raux n\u2019ont jamais \u00e9t\u00e9 aussi sensibilis\u00e9s qu\u2019aujourd\u2019hui aux questions de sant\u00e9 mentale, il reste encore beaucoup \u00e0 faire pour transformer cette sensibilisation en action, et ce, dans le but de rendre les soins fond\u00e9s sur des donn\u00e9es probantes accessibles aux personnes qui en ont besoin et d\u2019appuyer la recherche, dont l\u2019apport est essentiel \u00e0 l\u2019\u00e9laboration des politiques et des programmes. <\/p>\n<p>La SCP veut faire participer directement ses membres \u00e0 ses efforts de repr\u00e9sentation. Nous aimerions profiter de vos exp\u00e9riences personnelles et de vos contacts potentiels avec les d\u00e9put\u00e9s. Les personnes inform\u00e9es, qui ont envie de rencontrer leurs d\u00e9put\u00e9s locaux, sont les mieux plac\u00e9es pour d\u00e9fendre la cause de la psychologie, surtout si elles ont d\u00e9j\u00e0 \u00e9tabli des relations de travail avec eux. <\/p>\n<p>M\u00eame si les sondages r\u00e9v\u00e8lent que les soins de sant\u00e9 sont d\u2019une importance capitale pour les Canadiens, cela n\u2019influence pas n\u00e9cessairement l\u2019\u00e9lecteur lorsque vient le temps de d\u00e9poser son bulletin de vote. N\u00e9anmoins, la SCP veut s\u2019assurer que la sant\u00e9 psychologique et la recherche en psychologie sont \u00e0 l\u2019ordre du jour des politiciens apr\u00e8s les \u00e9lections. Nous sommes donc \u00e0 la recherche de membres d\u00e9vou\u00e9s, qui accepteront de rendre visite \u00e0 leurs d\u00e9put\u00e9s locaux, seuls ou en petits groupes, pour discuter des mesures que pourrait prendre le gouvernement f\u00e9d\u00e9ral pour faire progresser la sant\u00e9 mentale et la recherche en psychologie. Aucune exp\u00e9rience politique n\u2019est n\u00e9cessaire; il suffit d\u2019avoir du temps et de s\u2019int\u00e9resser aux questions qui pr\u00e9occupent la psychologie. Alors que le financement de la recherche, surtout assur\u00e9 par les conseils subventionnaires du Canada, \u00e9mane du gouvernement f\u00e9d\u00e9ral, les services de sant\u00e9 rel\u00e8vent en grande partie des provinces et des territoires. Toutefois, dans le message qu\u2019elle adresse au gouvernement f\u00e9d\u00e9ral, la SCP r\u00e9clame un traitement \u00e9gal de la sant\u00e9 mentale dans la l\u00e9gislation, ainsi que des mesures visant \u00e0 encourager les employeurs du pays en entier \u00e0 fournir \u00e0 leurs employ\u00e9s des r\u00e9gimes priv\u00e9s d\u2019assurance-maladie qui couvrent des traitements dont les r\u00e9sultats sont prouv\u00e9s cliniquement.<\/p>\n<p>Si vous avez envie de vous impliquer de cette fa\u00e7on, veuillez vous inscrire sur notre microsite consacr\u00e9 aux activit\u00e9s de repr\u00e9sentation de la SCP, en envoyant vos coordonn\u00e9es \u00e0 <a href=\"mailto:advocacy@cpa.ca\">advocacy@cpa.ca<\/a>. Apr\u00e8s les \u00e9lections, la SCP vous enverra une feuille de route, o\u00f9 nous vous sugg\u00e9rerons diverses fa\u00e7ons de prendre contact avec votre d\u00e9put\u00e9. La feuille de route renfermera \u00e9galement de l\u2019information sur des questions, en lien avec la pratique ou la recherche, que vous pourriez envisager d\u2019aborder avec eux. Aucun de ces sujets ne vous est impos\u00e9; il ne s\u2019agit que de suggestions. Nous pouvons vous aider \u00e0 pr\u00e9parer votre rencontre avec votre d\u00e9put\u00e9, et nous serons tr\u00e8s heureux de savoir comment cela s\u2019est pass\u00e9. Si votre d\u00e9put\u00e9 semble ouvert et dispos\u00e9 \u00e0 d\u00e9fendre le dossier de la sant\u00e9 psychologique et de la recherche en psychologie, nous pouvons le relancer et solliciter une rencontre avec lui, ici \u00e0 Ottawa. <\/p>\n<p>Nous esp\u00e9rons que vous consulterez notre microsite et que vous trouverez utile l\u2019information qu\u2019il renferme sur les questions li\u00e9es aux soins psychologiques et \u00e0 la recherche au Canada. Nous esp\u00e9rons que vous porterez ces questions \u00e0 l\u2019attention de vos candidats, pendant la campagne \u00e9lectorale, et de votre d\u00e9put\u00e9, apr\u00e8s les \u00e9lections, et que vous leur parlerez de l\u2019impact qu\u2019ont les questions li\u00e9es aux soins de sant\u00e9 mentale et \u00e0 la recherche en psychologie sur leur collectivit\u00e9. <\/p>\n<p>Travaillons ensemble pour donner libre cours \u00e0 la psychologie! <\/p>\n","protected":false},"excerpt":{"rendered":"<p>Psychologues et chercheurs en psychologie impliqu\u00e9s recherch\u00e9s!<\/p>\n","protected":false},"author":2,"featured_media":0,"parent":2838,"menu_order":0,"comment_status":"closed","ping_status":"closed","template":"templates\/no-sidebar.php","meta":{"_acf_changed":false,"_monsterinsights_skip_tracking":false,"_monsterinsights_sitenote_active":false,"_monsterinsights_sitenote_note":"","_monsterinsights_sitenote_category":0,"footnotes":""},"class_list":["post-8589","page","type-page","status-publish","hentry"],"acf":[],"aioseo_notices":[],"publishpress_future_workflow_manual_trigger":{"enabledWorkflows":[]},"_links":{"self":[{"href":"https:\/\/cpa.ca\/fr\/wp-json\/wp\/v2\/pages\/8589","targetHints":{"allow":["GET"]}}],"collection":[{"href":"https:\/\/cpa.ca\/fr\/wp-json\/wp\/v2\/pages"}],"about":[{"href":"https:\/\/cpa.ca\/fr\/wp-json\/wp\/v2\/types\/page"}],"author":[{"embeddable":true,"href":"https:\/\/cpa.ca\/fr\/wp-json\/wp\/v2\/users\/2"}],"replies":[{"embeddable":true,"href":"https:\/\/cpa.ca\/fr\/wp-json\/wp\/v2\/comments?post=8589"}],"version-history":[{"count":8,"href":"https:\/\/cpa.ca\/fr\/wp-json\/wp\/v2\/pages\/8589\/revisions"}],"predecessor-version":[{"id":8796,"href":"https:\/\/cpa.ca\/fr\/wp-json\/wp\/v2\/pages\/8589\/revisions\/8796"}],"up":[{"embeddable":true,"href":"https:\/\/cpa.ca\/fr\/wp-json\/wp\/v2\/pages\/2838"}],"wp:attachment":[{"href":"https:\/\/cpa.ca\/fr\/wp-json\/wp\/v2\/media?parent=8589"}],"curies":[{"name":"wp","href":"https:\/\/api.w.org\/{rel}","templated":true}]}}