{"id":8655,"date":"2019-09-04T12:56:34","date_gmt":"2019-09-04T16:56:34","guid":{"rendered":"https:\/\/cpa.ca\/advocacy\/reports\/"},"modified":"2025-01-21T13:35:18","modified_gmt":"2025-01-21T18:35:18","slug":"resources","status":"publish","type":"page","link":"https:\/\/cpa.ca\/fr\/advocacy\/resources\/","title":{"rendered":"Ressources de d\u00e9fense des int\u00e9r\u00eats"},"content":{"rendered":"<h3>Dans son m\u00e9moire pr\u00e9budg\u00e9taire de 2018, le GIAS (organisations et associations nationales qui s\u2019int\u00e9ressent \u00e0 la sant\u00e9 et \u00e0 l\u2019am\u00e9lioration des soins de sant\u00e9)<\/h3>\n<ul>\n<li>Met l\u2019accent sur les a\u00een\u00e9s et la sant\u00e9 mentale.&nbsp;Pour toutes les organisations membres du GIAS, la sant\u00e9 mentale est une priorit\u00e9. La d\u00e9claration de consensus sur laquelle repose ce m\u00e9moire pr\u00e9budg\u00e9taire se trouve \u00e0 l\u2019adresse <a href=\"https:\/\/static1.squarespace.com\/static\/5cd45467fb22a5107d310b81\/t\/5cd970364e17b6275641e3d0\/1557753912601\/Heal_Canadian-Way_2.0_FR_web.pdf\" target=\"_blank\" rel=\"noopener noreferrer\">https:\/\/static1.squarespace.com\/static\/5cd45467fb22a5107d310b81\/t\/5cd970364e17b6275641e3d0\/1557753912601\/Heal_Canadian-Way_2.0_FR_web.pdf<\/a>.<\/li>\n<li>Le GIAS a \u00e9galement effectu\u00e9 un sondage en juin 2019, qui montre que 94&nbsp;% des Canadiens appuient la parit\u00e9 entre soins de sant\u00e9 mentale et soins de sant\u00e9 physique. Voici le lien qui conduit au communiqu\u00e9 de presse du GIAS sur les r\u00e9sultats du sondage <a href=\"https:\/\/healthaction.ca\/heal-news-releases-blog\/federal-budget-2019-healthcare-sector-applauds-focus-on-seniors-b93g8\" target=\"_blank\" rel=\"noopener noreferrer\">https:\/\/healthaction.ca\/heal-news-releases-blog\/federal-budget-2019-healthcare-sector-applauds-focus-on-seniors-b93g8<\/a>. Voici le lien qui m\u00e8ne aux donn\u00e9es de l\u2019enqu\u00eate sur les personnes \u00e2g\u00e9es <a href=\"https:\/\/static1.squarespace.com\/static\/5cd45467fb22a5107d310b81\/t\/5cd972f2e624d80001dfed4b\/1557754610509\/HEAL---Abacus-Data-2019_second-release-March25.pdf\" target=\"_blank\" rel=\"noopener noreferrer\">https:\/\/static1.squarespace.com\/static\/5cd45467fb22a5107d310b81\/t\/5cd972f2e624d80001dfed4b\/1557754610509\/HEAL&#8212;Abacus-Data-2019_second-release-March25.pdf<\/a><\/li>\n<\/ul>\n<h3>Commission de la sant\u00e9 mentale du Canada (CSMC)<\/h3>\n<ul>\n<li>Faire valoir les arguments en faveur des investissements dans le syst\u00e8me de sant\u00e9 mentale du Canada \u00e0 l\u2019aide de consid\u00e9rations \u00e9conomiques&nbsp; <a href=\"https:\/\/www.mentalhealthcommission.ca\/sites\/default\/files\/2017-03\/case_for_investment_fr.pdf\" target=\"_blank\" rel=\"noopener noreferrer\">https:\/\/www.mentalhealthcommission.ca\/sites\/default\/files\/2017-03\/case_for_investment_fr.pdf<\/a><\/li>\n<li>Options pour am\u00e9liorer l\u2019acc\u00e8s aux services de counseling, de psychoth\u00e9rapie et de psychologie pour les maladies et les probl\u00e8mes associ\u00e9s \u00e0 la sant\u00e9 mentale <a href=\"https:\/\/www.mentalhealthcommission.ca\/sites\/default\/files\/2017-07\/Options_pour_ameliorer_lacces_aux_services_de_counseling_de_psychotherapie_et_de_psychologie_fr.pdf\" target=\"_blank\" rel=\"noopener noreferrer\">https:\/\/www.mentalhealthcommission.ca\/sites\/default\/files\/2017-07\/Options_pour_ameliorer_lacces_aux_services_de_counseling_de_psychotherapie_et_de_psychologie_fr.pdf<\/a><\/li>\n<li>Am\u00e9liorer l\u2019acc\u00e8s aux services de psychoth\u00e9rapie&nbsp;:&nbsp;Relier les le\u00e7ons apprises de l\u2019Australie et du Royaume-Uni au contexte canadien <a href=\"https:\/\/www.mentalhealthcommission.ca\/sites\/default\/files\/2018-09\/Ameliorer_lacces_aux_services_de_psychotherapie_2018.pdf\" target=\"_blank\" rel=\"noopener noreferrer\">https:\/\/www.mentalhealthcommission.ca\/sites\/default\/files\/2018-09\/Ameliorer_lacces_aux_services_de_psychotherapie_2018.pdf<\/a><\/li>\n<\/ul>\n<h3>Association canadienne pour la sant\u00e9 mentale<\/h3>\n<ul>\n<li>Faits saillants sur la maladie mentale <a href=\"https:\/\/cmha.ca\/fr\/faits-saillants-sur-la-maladie-mentale\" target=\"_blank\" rel=\"noopener noreferrer\">https:\/\/cmha.ca\/fr\/faits-saillants-sur-la-maladie-mentale<\/a> et <a href=\"https:\/\/mdsc.ca\/documents\/Media%20Room\/Quick%20Facts%203rd%20Edition%20Fre%20Nov%2012%2009.pdf\" target=\"_blank\" rel=\"noopener noreferrer\">https:\/\/mdsc.ca\/documents\/Media%20Room\/Quick%20Facts%203rd%20Edition%20Fre%20Nov%2012%2009.pdf<\/a><\/li>\n<\/ul>\n<h3>Conference Board du Canada<\/h3>\n<ul>\n<li>Rapports sur l\u2019impact de la sant\u00e9 mentale sur l\u2019\u00e9conomie et sur l\u2019harmonisation des r\u00e9gimes d\u2019assurance-sant\u00e9 <a href=\"https:\/\/www.conferenceboard.ca\/press\/newsrelease\/16-09-01\/Unmet_Mental_Health_Care_Needs_Costing_Canadian_Economy_Billions.aspx\" target=\"_blank\" rel=\"noopener noreferrer\"> https:\/\/www.conferenceboard.ca\/press\/newsrelease\/16-09-01\/Unmet_Mental_Health_Care_Needs_Costing_Canadian_Economy_Billions.aspx<\/a>, <a href=\"https:\/\/www.conferenceboard.ca\/insights\/blogs\/finding-the-gaps-in-your-companys-mental-health-programs\" target=\"_blank\" rel=\"noopener noreferrer\">https:\/\/www.conferenceboard.ca\/insights\/blogs\/finding-the-gaps-in-your-companys-mental-health-programs<\/a><\/li>\n<\/ul>\n<h3>Institut canadien d\u2019information sur la sant\u00e9<\/h3>\n<ul>\n<li>Aper\u00e7u de la sant\u00e9 mentale au Canada en 2019 <a href=\"https:\/\/www.cihi.ca\/sites\/default\/files\/document\/mental-health-chartbook-report-2019-fr-web.pdf\" target=\"_blank\" rel=\"noopener noreferrer\">https:\/\/www.cihi.ca\/sites\/default\/files\/document\/mental-health-chartbook-report-2019-fr-web.pdf<\/a><\/li>\n<\/ul>\n<h3>Divers documents portant sur la parit\u00e9 entre soins de sant\u00e9 mentale et soins de sant\u00e9 physique et sur le traitement \u00e9gal de la maladie mentale dans les r\u00e9gimes d\u2019assurance-maladie<\/h3>\n<ul>\n<li>Alliance canadienne pour la maladie mentale et la sant\u00e9 mentale &#8211; Document sur le r\u00f4le du gouvernement f\u00e9d\u00e9ral relativement \u00e0 la sant\u00e9 mentale <a href=\"https:\/\/www.camimh.ca\/wp-content\/uploads\/2016\/09\/CAMIMH_MHN_FR_Final_small.pdf\" target=\"_blank\" rel=\"noopener noreferrer\">https:\/\/www.camimh.ca\/wp-content\/uploads\/2016\/09\/CAMIMH_MHN_FR_Final_small.pdf<\/a><\/li>\n<li>Article d\u2019Options politiques sur l\u2019assurance-m\u00e9dicaments \u2013 voir la section sur l\u2019assurance-maladie <a href=\"https:\/\/policyoptions.irpp.org\/magazines\/june-2019\/big-hurdles-remain-in-pharmacare-implementation-plan\/?mc_cid=8a40cc4279&amp;mc_eid=2b20e1cb59\" target=\"_blank\" rel=\"noopener noreferrer\">https:\/\/policyoptions.irpp.org\/magazines\/june-2019\/big-hurdles-remain-in-pharmacare-implementation-plan\/?mc_cid=8a40cc4279&amp;mc_eid=2b20e1cb59<\/a><\/li>\n<li>Rapport de l\u2019Association canadienne pour la sant\u00e9 mentale sur la Loi sur la parit\u00e9 en sant\u00e9 mentale <a href=\"https:\/\/cmha.ca\/wp-content\/uploads\/2018\/09\/CMHA-Parity-Paper-Full-Report-FR.pdf\" target=\"_blank\" rel=\"noopener noreferrer\">https:\/\/cmha.ca\/wp-content\/uploads\/2018\/09\/CMHA-Parity-Paper-Full-Report-FR.pdf<\/a><\/li>\n<li>American Psychological Association \u2013 article sur la parit\u00e9 en sant\u00e9 mentale et faits en bref <a href=\"https:\/\/www.apaservices.org\/practice\/news\/parity-employers-guide.pdf\" target=\"_blank\" rel=\"noopener noreferrer\">https:\/\/www.apa.org\/helpcenter\/parity-law-resources<\/a> et <a href=\"https:\/\/www.apa.org\/helpcenter\/parity-law-resources\" target=\"_blank\" rel=\"noopener noreferrer\">https:\/\/www.apaservices.org\/practice\/news\/parity-employers-guide.pdf<\/a><\/li>\n<li>Article du Journal de l\u2019Association m\u00e9dicale canadienne sur l\u2019inefficacit\u00e9 croissante de l\u2019assurance-maladie priv\u00e9e au Canada <a href=\"https:\/\/www.ncbi.nlm.nih.gov\/pmc\/articles\/PMC4150733\/\" target=\"_blank\" rel=\"noopener noreferrer\">https:\/\/www.ncbi.nlm.nih.gov\/pmc\/articles\/PMC4150733\/<\/a><\/li>\n<\/ul>\n<h3>Soci\u00e9t\u00e9 canadienne de psychologie (SCP) soumissions r\u00e9centes au gouvernement<\/h3>\n<ul>\n<li><em><span style=\"font-weight: bolder; font-size: large;\">M\u00e9moire pr\u00e9budg\u00e9taire de la SCP de 2019, qui met l\u2019accent sur le changement climatique<\/span><\/em> <a href=\"https:\/\/cpa.ca\/docs\/File\/Government%20Relations\/SCP_2020_Pre-Budget%20Submission_FR.pdf\" target=\"_blank\" rel=\"noopener noreferrer\">https:\/\/cpa.ca\/docs\/File\/Government%20Relations\/SCP_2020_Pre-Budget%20Submission_FR.pdf<\/a><\/li>\n<li>La sant\u00e9 mentale des agriculteurs <a href=\"https:\/\/cpa.ca\/fr\/submissions\/\" target=\"_blank\" rel=\"noopener noreferrer\">https:\/\/cpa.ca\/fr\/submissions\/<\/a><\/li>\n<li>La sant\u00e9 mentale des enfants et des jeunes <a href=\"https:\/\/www.youtube.com\/watch?v=8-tGo9MiZ2k\" target=\"_blank\" rel=\"noopener noreferrer\">https:\/\/www.youtube.com\/watch&nbsp;?v&nbsp;=8-tGo9MiZ2k<\/a><\/li>\n<li>L\u2019assurance-m\u00e9dicaments <a href=\"https:\/\/cpa.ca\/docs\/File\/Government%20Relations\/Hoskins%20Pharmacare%20Letter%20September%202018%20FINAL.pdf\" target=\"_blank\" rel=\"noopener noreferrer\">https:\/\/cpa.ca\/docs\/File\/Government&nbsp;%20Relations\/Hoskins&nbsp;%20Pharmacare&nbsp;%20Letter&nbsp;%20September&nbsp;%202018&nbsp;%20FINAL.pdf<\/a><\/li>\n<li>Entente sur les tiers pays s\u00fbrs <a href=\"https:\/\/cpa.ca\/docs\/File\/Government%20Relations\/Joint%20Open%20Letter%20-%20Safe%20Third%20Country%20Agreement.pdf\" target=\"_blank\" rel=\"noopener noreferrer\">https:\/\/cpa.ca\/docs\/File\/Government&nbsp;%20Relations\/Joint&nbsp;%20Open&nbsp;%20Letter&nbsp;%20-&nbsp;%20Safe&nbsp;%20Third&nbsp;%20Country&nbsp;%20Agreement.pdf<\/a><\/li>\n<li>Mesures fiscales pour les personnes handicap\u00e9es <a href=\"https:\/\/www.facebook.com\/watch\/?v=1813354368736318\" target=\"_blank\" rel=\"noopener noreferrer\">https:\/\/www.facebook.com\/CPA.SCP\/videos\/1813354368736318\/<\/a> et <a href=\"https:\/\/cpa.ca\/docs\/File\/Government%20Relations\/MinofFinance_DTC_October2017.pdf\" target=\"_blank\" rel=\"noopener noreferrer\">https:\/\/cpa.ca\/docs\/File\/Government Relations\/MinofFinance_DTC_October2017.pdf<\/a><\/li>\n<li>La sant\u00e9 mentale des anciens combattants <a href=\"https:\/\/cpa.ca\/docs\/File\/Government%20Relations\/Presentation%20to%20Veterans%20CommitteeApril27FINAL.pdf\" target=\"_blank\" rel=\"noopener noreferrer\">https:\/\/cpa.ca\/docs\/File\/Government&nbsp;%20Relations\/Presentation&nbsp;%20to&nbsp;%20Veterans&nbsp;%20CommitteeApril27FINAL.pdf<\/a><\/li>\n<li>Transferts f\u00e9d\u00e9raux aux provinces et aux territoires destin\u00e9s \u00e0 la sant\u00e9 mentale <a href=\"https:\/\/cpa.ca\/docs\/File\/Government%20Relations\/Targeting_Funds_for_Better_Access_to_Quality_Mental_Health_Care_for_Canadians_March2017.pdf\" target=\"_blank\" rel=\"noopener noreferrer\">https:\/\/cpa.ca\/docs\/File\/Government Relations\/Targeting_Funds_for_Better_Access_to_Quality_Mental_Health_Care_for_Canadians_March2017.pdf<\/a> et <a href=\"https:\/\/cpa.ca\/docs\/File\/Government%20Relations\/Targeting%20funds%20for%20better%20access%20to%20quality%20mental%20health%20care%20for%20Canadians%20February%202017final.pdf\" target=\"_blank\" rel=\"noopener noreferrer\">https:\/\/cpa.ca\/docs\/File\/Government%20Relations\/Targeting%20funds%20for%20better%20access%20to%20quality%20mental%20health%20care%20for%20Canadians%20February%202017final.pdf<\/a><\/li>\n<li>L\u2019int\u00e9gration des services de sant\u00e9 mentale dans les soins primaires (avec le Coll\u00e8ge des m\u00e9decins de famille du Canada) <a href=\"https:\/\/cpa.ca\/docs\/File\/Press%20Release\/Mental%20Health%20joint%20letter%20Jan%202017%20CFPC%20CPA.pdf\" target=\"_blank\" rel=\"noopener noreferrer\">https:\/\/cpa.ca\/docs\/File\/Press&nbsp;%20Release\/Mental&nbsp;%20Health&nbsp;%20joint&nbsp;%20letter&nbsp;%20Jan&nbsp;%202017&nbsp;%20CFPC&nbsp;%20CPA.pdf<\/a><\/li>\n<\/ul>\n<h3>\u00c9nonc\u00e9s et documents de positions r\u00e9cents \u00e9labor\u00e9s par la SCP portant sur la pratique&nbsp;:<\/h3>\n<ul>\n<li>Champs d\u2019activit\u00e9s des psychologues <a href=\"https:\/\/cpa.ca\/docs\/File\/Position\/PracticingToScopePaper_June30_FINAL.pdf\" target=\"_blank\" rel=\"noopener noreferrer\">https:\/\/cpa.ca\/docs\/File\/Position\/PracticingToScopePaper_June30_FINAL.pdf<\/a><\/li>\n<li>L\u2019efficacit\u00e9 et l\u2019efficience des traitements psychologiques <a href=\"https:\/\/cpa.ca\/docs\/File\/Practice\/TheEfficacyAndEffectivenessOfPsychologicalTreatments_web.pdf\" target=\"_blank\" rel=\"noopener noreferrer\">https:\/\/cpa.ca\/docs\/File\/Practice\/TheEfficacyAndEffectivenessOfPsychologicalTreatments_web.pdf<\/a><\/li>\n<li>\u00ab&nbsp;An Imperative for Change: Access to Psychological Services for Canada <a href=\"https:\/\/cpa.ca\/docs\/File\/Position\/An_Imperative_for_Change.pdf\" target=\"_blank\" rel=\"noopener noreferrer\">https:\/\/cpa.ca\/docs\/File\/Position\/An_Imperative_for_Change.pdf<\/a><\/li>\n<li>Les services neuropsychologiques au Canada <a href=\"https:\/\/cpa.ca\/docs\/File\/Position\/15-267_A-3.1%20(b)%20Corrected%20Position%20Statment%20on%20Neuropsychological%20Services%20in%20CanadaFINALjan2016FRENCH.pdf\" target=\"_blank\" rel=\"noopener noreferrer\">https:\/\/cpa.ca\/docs\/File\/Position\/15-267_A-3.1%20(b)%20Corrected%20Position%20Statment%20on%20Neuropsychological%20Services%20in%20CanadaFINALjan2016FRENCH.pdf<\/a><\/li>\n<li>Recommandations relatives au cannabis <a href=\"https:\/\/cpa.ca\/docs\/File\/Position\/Position_Paper_Recommendations_for_the_Legalization_of_Cannabis_in_Canada-September_2017-FRENCH.pdf\" target=\"_blank\" rel=\"noopener noreferrer\">https:\/\/cpa.ca\/docs\/File\/Position\/Position_Paper_Recommendations_for_the_Legalization_of_Cannabis_in_Canada-September_2017-FRENCH.pdf<\/a><\/li>\n<li>La sant\u00e9 et le bien-\u00eatre des personnes LGBTIQ+ <a href=\"https:\/\/cpa.ca\/docs\/File\/Position\/IPsyNet%20Statement%20English.pdf\" target=\"_blank\" rel=\"noopener noreferrer\">https:\/\/cpa.ca\/docs\/File\/Position\/IPsyNet%20Statement%20English.pdf<\/a><\/li>\n<li>Les th\u00e9rapies de conversion <a href=\"https:\/\/cpa.ca\/docs\/File\/Position\/SOGII%20Policy%20Statement%20-%20LGB%20Conversion%20Therapy%20FINALAPPROVED2015.pdf\" target=\"_blank\" rel=\"noopener noreferrer\">https:\/\/cpa.ca\/docs\/File\/Position\/SOGII%20Policy%20Statement%20-%20LGB%20Conversion%20Therapy%20FINALAPPROVED2015.pdf<\/a><\/li>\n<li>La crise des opio\u00efdes <a href=\"https:\/\/cpa.ca\/docs\/File\/Task_Forces\/OpioidTaskforceReport_June2019.pdf\" target=\"_blank\" rel=\"noopener noreferrer\">https:\/\/cpa.ca\/docs\/File\/Task_Forces\/OpioidTaskforceReport_June2019.pdf<\/a><\/li>\n<li>Suivi des progr\u00e8s et des r\u00e9sultats de la psychoth\u00e9rapie <a href=\"https:\/\/cpa.ca\/docs\/File\/Task_Forces\/Treatment%20Progress%20and%20Outcome%20Monitoring%20Task%20Force%20Report_Final.pdf\" target=\"_blank\" rel=\"noopener noreferrer\">https:\/\/cpa.ca\/docs\/File\/Task_Forces\/Treatment%20Progress%20and%20Outcome%20Monitoring%20Task%20Force%20Report_Final.pdf<\/a><\/li>\n<li>La r\u00e9ponse de la psychologie au rapport de la Commission de v\u00e9rit\u00e9 et r\u00e9conciliation du Canada <a href=\"https:\/\/cpa.ca\/docs\/File\/Task_Forces\/TRC%20Task%20Force%20Report_FINAL.pdf\" target=\"_blank\" rel=\"noopener noreferrer\">https:\/\/cpa.ca\/docs\/File\/Task_Forces\/TRC%20Task%20Force%20Report_FINAL.pdf<\/a><\/li>\n<li>Aide m\u00e9dicale \u00e0 mourir <a href=\"https:\/\/cpa.ca\/docs\/File\/Task_Forces\/Medical%20Assistance%20in%20Dying%20and%20End%20of%20Life%20Care_FINAL.pdf\" target=\"_blank\" rel=\"noopener noreferrer\">https:\/\/cpa.ca\/docs\/File\/Task_Forces\/Medical&nbsp;%20Assistance&nbsp;%20in&nbsp;%20Dying&nbsp;%20and&nbsp;%20End&nbsp;%20of&nbsp;%20Life&nbsp;%20Care_FINAL.pdf<\/a><\/li>\n<li>L\u2019offre et la demande de programmes d\u2019internat\/stage en psychologie <a href=\"https:\/\/cpa.ca\/docs\/File\/SupplyAndDemand\/CPA_Internship_Residency_SupplyandDemand_TaskForceReport_March2017.pdf\" target=\"_blank\" rel=\"noopener noreferrer\">https:\/\/cpa.ca\/docs\/File\/SupplyAndDemand\/CPA_Internship_Residency_SupplyandDemand_TaskForceReport_March2017.pdf<\/a><\/li>\n<li>\u00c9valuations de l\u2019aptitude \u00e0 subir un proc\u00e8s et de la responsabilit\u00e9 p\u00e9nale <a href=\"https:\/\/cpa.ca\/docs\/File\/Position\/Fitness%20to%20Stand%20Trial%20and%20Criminal%20Responsibility%20Assessments%20in%20Canada.pdf\" target=\"_blank\" rel=\"noopener noreferrer\">https:\/\/cpa.ca\/docs\/File\/Position\/Fitness%20to%20Stand%20Trial%20and%20Criminal%20Responsibility%20Assessments%20in%20Canada.pdf<\/a><\/li>\n<li>Le renforcement de la psychologie dans les soins primaires <a href=\"https:\/\/cpa.ca\/docs\/File\/PracticeDirectorate\/StrengtheningPrimaryCare-FINAL_SEPTEMBER_8_2017.pdf\" target=\"_blank\" rel=\"noopener noreferrer\">https:\/\/cpa.ca\/docs\/File\/PracticeDirectorate\/StrengtheningPrimaryCare-FINAL_SEPTEMBER_8_2017.pdf<\/a><\/li>\n<\/ul>\n<h3>Examen du soutien f\u00e9d\u00e9ral aux sciences et r\u00e9ponses de la SCP<\/h3>\n<ul>\n<li>Rapport final <a href=\"http:\/\/www.sciencereview.ca\/eic\/site\/059.nsf\/eng\/home\" target=\"_blank\" rel=\"noopener noreferrer\">http:\/\/www.sciencereview.ca\/eic\/site\/059.nsf\/eng\/home<\/a><\/li>\n<li>R\u00e9ponse de la SCP  <a href=\"https:\/\/cpa.ca\/docs\/File\/Government%20Relations\/Trudeau_Duncan_Feb2018.pdf\" target=\"_blank\" rel=\"noopener noreferrer\">https:\/\/cpa.ca\/docs\/File\/Government%20Relations\/Trudeau_Duncan_Feb2018.pdf<\/a><\/li>\n<li>M\u00e9moire pr\u00e9sent\u00e9 par la SCP  <a href=\"https:\/\/cpa.ca\/docs\/File\/News\/CPA_ScienceReviewSubmission_Final_30Sept2016.pdf\" target=\"_blank\" rel=\"noopener noreferrer\">https:\/\/cpa.ca\/docs\/File\/News\/CPA_ScienceReviewSubmission_Final_30Sept2016.pdf<\/a><\/li>\n<\/ul>\n<h3>Outils de d\u00e9fense des int\u00e9r\u00eats<\/h3>\n<ul>\n<li>L\u2019acc\u00e8s aux services de sant\u00e9 \u2013 Outils et documents utiles pour organiser une rencontre avec des politiciens <a href=\"https:\/\/cpa.ca\/fr\/pratique\/accesstoservice\/\" target=\"_blank\" rel=\"noopener noreferrer\">https:\/\/cpa.ca\/fr\/pratique\/accesstoservice\/<\/a><\/li>\n<p> \t<!--\n\n<li>Trousse de repr\u00e9sentation au nom de la recherche en psychologie  <a href=\"https:\/\/cpa.ca\/docs\/File\/Science\/CPAAdvocacyKit_FR_Final_Web.pdf\" target=\"_blank\" rel=\"noopener noreferrer\">https:\/\/cpa.ca\/docs\/File\/Science\/CPAAdvocacyKit_FR_Final_Web.pdf<\/a><\/li>\n\n--><br \/>\n \t<!--\n\n<li>Feuille de route de la politique scientifique de la SCP  https:\/\/cpa.ca\/fr\/science\/sciencepolicyroadmap\/<\/li>\n\n--><\/p>\n<li>Bulletin PSYence  <a href=\"https:\/\/cpa.ca\/fr\/science\/psyence\/\" target=\"_blank\" rel=\"noopener noreferrer\">https:\/\/cpa.ca\/fr\/science\/psyence\/<\/a><\/li>\n<\/ul>\n","protected":false},"excerpt":{"rendered":"<p><!--more--><\/p>\n","protected":false},"author":2,"featured_media":0,"parent":2838,"menu_order":0,"comment_status":"closed","ping_status":"closed","template":"","meta":{"_acf_changed":false,"_monsterinsights_skip_tracking":false,"_monsterinsights_sitenote_active":false,"_monsterinsights_sitenote_note":"","_monsterinsights_sitenote_category":0,"footnotes":""},"class_list":["post-8655","page","type-page","status-publish","hentry"],"acf":[],"aioseo_notices":[],"publishpress_future_workflow_manual_trigger":{"enabledWorkflows":[]},"_links":{"self":[{"href":"https:\/\/cpa.ca\/fr\/wp-json\/wp\/v2\/pages\/8655","targetHints":{"allow":["GET"]}}],"collection":[{"href":"https:\/\/cpa.ca\/fr\/wp-json\/wp\/v2\/pages"}],"about":[{"href":"https:\/\/cpa.ca\/fr\/wp-json\/wp\/v2\/types\/page"}],"author":[{"embeddable":true,"href":"https:\/\/cpa.ca\/fr\/wp-json\/wp\/v2\/users\/2"}],"replies":[{"embeddable":true,"href":"https:\/\/cpa.ca\/fr\/wp-json\/wp\/v2\/comments?post=8655"}],"version-history":[{"count":6,"href":"https:\/\/cpa.ca\/fr\/wp-json\/wp\/v2\/pages\/8655\/revisions"}],"predecessor-version":[{"id":41411,"href":"https:\/\/cpa.ca\/fr\/wp-json\/wp\/v2\/pages\/8655\/revisions\/41411"}],"up":[{"embeddable":true,"href":"https:\/\/cpa.ca\/fr\/wp-json\/wp\/v2\/pages\/2838"}],"wp:attachment":[{"href":"https:\/\/cpa.ca\/fr\/wp-json\/wp\/v2\/media?parent=8655"}],"curies":[{"name":"wp","href":"https:\/\/api.w.org\/{rel}","templated":true}]}}