{"id":878,"date":"2017-11-03T17:36:26","date_gmt":"2017-11-03T21:36:26","guid":{"rendered":"https:\/\/cpa.ca\/?page_id=878"},"modified":"2025-12-16T10:14:22","modified_gmt":"2025-12-16T15:14:22","slug":"renewalfr","status":"publish","type":"page","link":"https:\/\/cpa.ca\/fr\/adhesion\/renewalfr\/","title":{"rendered":"Renouvellement de l\u2019adh\u00e9sion \u00e0 la SCP"},"content":{"rendered":"<div>\n<h3 style=\"display: inline-block; color: #b50029; font-size: larger;\">La p\u00e9riode de renouvellement de l\u2019adh\u00e9sion pour l\u2019ann\u00e9e 2026 est ouverte.<\/h3>\n<p>Les membres, les affili\u00e9s et les associ\u00e9s pourront pr\u00e9senter une demande d\u2019adh\u00e9sion pour l\u2019<strong>ann\u00e9e de cotisation\u00a02026<\/strong> sur le site Web de la SCP.<br \/>\n<!--------\n\n\n<h3 style=\"display: inline-block; color: #b50029; font-size: larger;\"><strong>La p\u00e9riode d\u2019adh\u00e9sion pour l\u2019ann\u00e9e en cours, 2025, est maintenant termin\u00e9e.<\/strong><\/h3>\n\n\nLes membres, les affili\u00e9s et les associ\u00e9s pourront pr\u00e9senter une demande d\u2019adh\u00e9sion pour l\u2019<strong>ann\u00e9e de cotisation\u00a02026<\/strong> sur le site Web de la SCP \u00e0 compter du mi-d\u00e9cembre, 2025. Les demandes d\u2019adh\u00e9sion pour l\u2019ann\u00e9e 2026 ne seront pas possibles avant cette date.<!-------------- END RENEWALS CLOSED -------------------------------------><br \/>\n<!----- -----------><\/p>\n<div style=\"text-align: center; display: xhidden;\"><a class=\"RedButton\" style=\"color: #fff;\" href=\"https:\/\/secure.cpa.ca\/Apps\/Formes\/EntreeFormulaire\/frCollect?pageRenderType=Bootstrap3&amp;formId=287788&amp;ignoreHeadeFooter=False\" target=\"_blank\" rel=\"noopener noreferrer\">RENOUVELER<br \/>\nPOUR 2026<\/a>.<\/div>\n<p><!----- -----------><\/p>\n<p><!----- OPENS IN DECEMBER ------<iframe loading=\"lazy\" title=\"YouTube video player\" src=\"https:\/\/www.youtube.com\/embed\/OjyGMGMddBs?si=B2tIyyWKPBGOYtWc\" width=\"560\" height=\"315\" frameborder=\"0\" allowfullscreen=\"allowfullscreen\"><\/iframe>--------><br \/>\n<!-----NOW OPEN ---------><br \/>\n<iframe loading=\"lazy\" title=\"YouTube video player\" src=\"https:\/\/www.youtube.com\/embed\/h6egJoYQB2o?si=mHA7Fba99Ec0JLfp\" width=\"560\" height=\"315\" frameborder=\"0\" allowfullscreen=\"allowfullscreen\"><\/iframe><\/p>\n<\/div>\n<p><!----\nLa p\u00e9riode de renouvellement de l\u2019adh\u00e9sion pour l\u2019ann\u00e9e 2025 <strong>est ouverte!<\/strong>\n----------><br \/>\nVotre adh\u00e9sion \u00e0 la SCP est valide pour une ann\u00e9e civile. La cotisation annuelle \u00e0 la SCP couvre la p\u00e9riode du <strong>1<sup>er<\/sup> janvier au 31 d\u00e9cembre<\/strong> de chaque ann\u00e9e.<\/p>\n<p>En vous connectant \u00e0 votre <a href=\"https:\/\/secure.cpa.ca\/apps\/Membership?returnUrl=\/apps\/Pages\/my-profile\">profil de membre<\/a> et en renouvelant votre adh\u00e9sion, vous continuerez de b\u00e9n\u00e9ficier de l\u2019acc\u00e8s exclusif \u00e0 tous les <strong>avantages, services et \u00e9conomies<\/strong> auxquels vous avez droit en tant que membre de la plus grande et la plus importante organisation du Canada vou\u00e9e aux psychologues et \u00e0 la psychologie.<\/p>\n<p><strong>RENOUVELEZ VOTRE ADH\u00c9SION EN LIGNE<\/strong>!<\/p>\n<p>Lorsque vous renouvellerez votre adh\u00e9sion, veuillez prendre un moment pour :<\/p>\n<ul>\n<li>V\u00e9rifier votre cat\u00e9gorie de membre<\/li>\n<li>Mettre \u00e0 jour vos coordonn\u00e9es (adresse personnelle et\/ou professionnelle, num\u00e9ro de t\u00e9l\u00e9phone et adresse \u00e9lectronique)<\/li>\n<li>Confirmer votre langue de communication pr\u00e9f\u00e9r\u00e9e<\/li>\n<li>Vous joindre \u00e0 une ou plusieurs <a href=\"https:\/\/cpa.ca\/fr\/sections\/\">sections<\/a> (moyennant des <a href=\"https:\/\/cpa.ca\/fr\/adhesion\/devenezmembre\/droitsdadhesion\/#sectionfees\">frais suppl\u00e9mentaires<\/a>)<\/li>\n<\/ul>\n<p><span style=\"color: #b50029;\">PROCESSUS DE RENOUVELLEMENT \u00c9TAPE PAR \u00c9TAPE : CLIQUEZ <a href=\"https:\/\/cpa.ca\/fr\/adhesion\/renewalfr\/step-by-step\/\">ICI<\/a><\/span><\/p>\n<p><strong>Options de paiement en ligne<\/strong><br \/>\nNous acceptons les paiements par VISA et MasterCard.<\/p>\n<p>Si vous d\u00e9cidez de payer par ch\u00e8que, veuillez libeller votre ch\u00e8que \u00e0 l\u2019ordre de la <strong>Soci\u00e9t\u00e9 canadienne de psychologie<\/strong>. Les ch\u00e8ques peuvent \u00eatre envoy\u00e9s par la poste \u00e0 :<\/p>\n<p>Soci\u00e9t\u00e9 canadienne de psychologie<br \/>\n1101 promenade Prince of Wales, bureau #230<br \/>\nOttawa, ON K2C 3W7<br \/>\n\u00c0 l\u2019attention de : Renouvellement de l\u2019adh\u00e9sion \u00e0 la SCP<\/p>\n<p>L\u2019adh\u00e9sion n\u2019est pas active tant que le paiement n\u2019est pas re\u00e7u et que le paiement (en totalit\u00e9) n\u2019est pas trait\u00e9.<\/p>\n<p>Il est possible de changer de cat\u00e9gorie pour passer \u00e0 un <strong>niveau inf\u00e9rieur, <\/strong>mais ce, au moment du renouvellement de l\u2019adh\u00e9sion seulement. Par exemple, si vous \u00eates membre de la SCP, vous ne pouvez changer de cat\u00e9gorie qu\u2019au moment de renouveler votre adh\u00e9sion. Vous ne pourrez pas renouveler votre adh\u00e9sion en tant que membre, puis changer de cat\u00e9gorie au cours de la m\u00eame ann\u00e9e de cotisation; vous devrez attendre la p\u00e9riode de renouvellement de l\u2019ann\u00e9e suivante. Il est possible de changer de cat\u00e9gorie pour passer \u00e0 un <strong>niveau sup\u00e9rieur<\/strong> \u00e0 n\u2019importe quel moment au cours de l\u2019ann\u00e9e. Si vous souhaitez passer \u00e0 une cat\u00e9gorie de niveau sup\u00e9rieur, veuillez communiquer avec les Services aux membres \u00e0 <a href=\"mailto:membership@cpa.ca\"><strong>membership@cpa.ca<\/strong><\/a><strong>.<\/strong><\/p>\n<p><strong>VEUILLEZ NOTER\u00a0: <\/strong>En raison du volume \u00e9lev\u00e9 de demandes que nous recevons entre d\u00e9cembre et f\u00e9vrier, le traitement des demandes peut prendre entre <strong>deux et trois semaines<\/strong>. Si vous faites une demande entre le 22 d\u00e9cembre et le 4 janvier, votre demande sera examin\u00e9e au d\u00e9but de la semaine du 5 janvier.<\/p>\n<p>Merci de votre soutien continu \u00e0 la Soci\u00e9t\u00e9 canadienne de psychologie; nous sommes impatients de vous servir de nouveau en 2026!<\/p>\n","protected":false},"excerpt":{"rendered":"<p><!--more--><\/p>\n","protected":false},"author":2,"featured_media":0,"parent":1414,"menu_order":0,"comment_status":"closed","ping_status":"closed","template":"","meta":{"_acf_changed":false,"_monsterinsights_skip_tracking":false,"_monsterinsights_sitenote_active":false,"_monsterinsights_sitenote_note":"","_monsterinsights_sitenote_category":0,"footnotes":""},"class_list":["post-878","page","type-page","status-publish","hentry"],"acf":[],"aioseo_notices":[],"publishpress_future_workflow_manual_trigger":{"enabledWorkflows":[]},"_links":{"self":[{"href":"https:\/\/cpa.ca\/fr\/wp-json\/wp\/v2\/pages\/878","targetHints":{"allow":["GET"]}}],"collection":[{"href":"https:\/\/cpa.ca\/fr\/wp-json\/wp\/v2\/pages"}],"about":[{"href":"https:\/\/cpa.ca\/fr\/wp-json\/wp\/v2\/types\/page"}],"author":[{"embeddable":true,"href":"https:\/\/cpa.ca\/fr\/wp-json\/wp\/v2\/users\/2"}],"replies":[{"embeddable":true,"href":"https:\/\/cpa.ca\/fr\/wp-json\/wp\/v2\/comments?post=878"}],"version-history":[{"count":6,"href":"https:\/\/cpa.ca\/fr\/wp-json\/wp\/v2\/pages\/878\/revisions"}],"predecessor-version":[{"id":45556,"href":"https:\/\/cpa.ca\/fr\/wp-json\/wp\/v2\/pages\/878\/revisions\/45556"}],"up":[{"embeddable":true,"href":"https:\/\/cpa.ca\/fr\/wp-json\/wp\/v2\/pages\/1414"}],"wp:attachment":[{"href":"https:\/\/cpa.ca\/fr\/wp-json\/wp\/v2\/media?parent=878"}],"curies":[{"name":"wp","href":"https:\/\/api.w.org\/{rel}","templated":true}]}}