{"id":907,"date":"2017-09-18T14:05:13","date_gmt":"2017-09-18T18:05:13","guid":{"rendered":"https:\/\/cpa.ca\/?page_id=907"},"modified":"2026-02-05T13:53:47","modified_gmt":"2026-02-05T18:53:47","slug":"aproposdelascp","status":"publish","type":"page","link":"https:\/\/cpa.ca\/fr\/aproposdelascp\/","title":{"rendered":"\u00c0 propos de la SCP"},"content":{"rendered":"<h3>La mission et le mandat de la Soci\u00e9t\u00e9 canadienne de psychologie<\/h3>\n<p>La SCP a \u00e9t\u00e9 cr\u00e9\u00e9e en 1939 et a \u00e9t\u00e9 constitu\u00e9e en corporation en vertu de la partie II de la Loi sur les corporations canadiennes en mai 1950. En ao\u00fbt 2013, la SCP a obtenu son certificat de prorogation, exig\u00e9 par la nouvelle <em>Loi canadienne sur les organisations \u00e0 but non lucratif (Loi BNL).<\/em><\/p>\n<p><strong>Vision :<\/strong> La SCP envisage une soci\u00e9t\u00e9 qui valorise et applique la psychologie scientifique au b\u00e9n\u00e9fice des personnes, des collectivit\u00e9s, des organisations et des peuples.<\/p>\n<p><strong>Mission :<\/strong> Nous servirons le public et les membres de la SCP en faisant progresser la psychologie scientifique, la pratique et l\u2019enseignement de la psychologie au moyen de la recherche, la d\u00e9fense des int\u00e9r\u00eats et la collaboration.<\/p>\n<hr \/>\n<h4 style=\"font-weight: bolder;\">Plan strat\u00e9gique de 2025-2030<\/h4>\n<p>Pour s\u2019assurer de remplir sa mission et ses responsabilit\u00e9s, la SCP est guid\u00e9e par un plan strat\u00e9gique qui \u00e9nonce des buts, des objectifs, des activit\u00e9s et des lignes directrices clairs pour la p\u00e9riode de 2025-2030.<\/p>\n<p>Le plan strat\u00e9gique de 2025-2030 de la SCP est la feuille de route qui nous permettra de grandir en tant qu\u2019association. Cela nous permettra \u00e0 notre tour de soutenir notre profession et notre discipline au b\u00e9n\u00e9fice des individus, des collectivit\u00e9s, des organisations et des populations. Le plan strat\u00e9gique demeure fond\u00e9 sur le postulat selon lequel la recherche en psychologie, la pratique de la psychologie et la formation en psychologie sont particuli\u00e8rement pertinentes pour les politiques publiques et le bien collectif.<\/p>\n<p>Au cours des cinq prochaines ann\u00e9es, gr\u00e2ce \u00e0 nos principes directeurs et nos principes g\u00e9n\u00e9raux, \u00e0 nos valeurs \u00e9thiques, \u00e0 nos politiques et \u00e0 nos activit\u00e9s, nous continuerons de nous concentrer sur notre r\u00f4le de porte-parole national et de chef de file dans le domaine de la psychologie. Nous sommes d\u00e9termin\u00e9s \u00e0 faire en sorte que nos initiatives soient inspir\u00e9es par notre engagement profond \u00e0 faire progresser la psychologie scientifique, et la pratique et l\u2019enseignement de la psychologie, par la recherche, la d\u00e9fense des int\u00e9r\u00eats et la collaboration, tout en renfor\u00e7ant notre engagement envers l\u2019inclusion des groupes historiquement sous-repr\u00e9sent\u00e9s et marginalis\u00e9s, ainsi que notre responsabilit\u00e9 \u00e0 l\u2019\u00e9gard de la r\u00e9conciliation avec les peuples autochtones en r\u00e9pondant aux appels \u00e0 l\u2019action et \u00e0 la justice.<\/p>\n<p><strong>PRIORIT\u00c9S STRAT\u00c9GIQUES<\/strong><\/p>\n<p>Nous accomplirons notre mission gr\u00e2ce \u00e0 des activit\u00e9s qui appuient cinq priorit\u00e9s strat\u00e9giques. Nous allons\u00a0:<\/p>\n<ul>\n<li>nous faire le porte-parole national et le chef de file de la psychologie.<\/li>\n<li>d\u00e9fendre le r\u00f4le, la n\u00e9cessit\u00e9 et la contribution de la psychologie \u00e0 l\u2019am\u00e9lioration de notre sant\u00e9, et de notre bien-\u00eatre social et \u00e9conomique.<\/li>\n<li>promouvoir la valeur, le r\u00f4le unique et l\u2019impact de la psychologie aupr\u00e8s du public.<\/li>\n<li>soutenir, promouvoir et faire progresser une profession, une discipline et une association qui est diversifi\u00e9e, juste, inclusive et accessible.<\/li>\n<li>promouvoir une profession, une discipline et une association qui, par des appels \u00e0 l\u2019action et \u00e0 la justice, soutiennent les connaissances et les pratiques autochtones et contribuent \u00e0 la r\u00e9conciliation avec les peuples autochtones.<\/li>\n<\/ul>\n<p>Cliquez sur les liens suivants pour consulter le plan strat\u00e9gique de 2025-2030 de la SCP, ainsi que les principes directeurs et les principes g\u00e9n\u00e9raux actualis\u00e9s.<\/p>\n<ul>\n<li><a href=\"https:\/\/cpa.ca\/docs\/File\/Governance\/Guiding and Operating Principles FR.pdf\" target=\"_blank\" rel=\"noopener\">Guiding and Operating Principles FR.pdf<\/a><\/li>\n<li><a href=\"https:\/\/cpa.ca\/docs\/File\/Governance\/CPA 2025-2030 STRATEGIC PLAN FR.pdf\" target=\"_blank\" rel=\"noopener\">CPA 2025-2030 STRATEGIC PLAN FR.pdf<\/a><\/li>\n<\/ul>\n<hr \/>\n<p><!--------------------------\n\n\n<h4 style=\"font-weight: bolder;\">Plan strat\u00e9gique de 2020-2025<\/h4>\n\n\nPour s\u2019assurer qu\u2019elle remplit sa mission et ses responsabilit\u00e9s, la SCP est guid\u00e9e par un plan strat\u00e9gique qui \u00e9nonce des buts, des objectifs, des activit\u00e9s et des lignes directrices clairs pour la p\u00e9riode de 2020-2025. Le plan strat\u00e9gique de la SCP est fond\u00e9 sur la conviction profonde que la recherche en psychologie et la pratique de la psychologie sont d\u2019une grande pertinence pour les politiques publiques et le bien collectif. L\u2019intention de la SCP est de r\u00e9aliser cette vision par l\u2019entremise de l\u2019ensemble de ses principes, politiques et activit\u00e9s. \u00c0 titre de porte-parole national de la psychologie, la SCP imagine une soci\u00e9t\u00e9 o\u00f9 la compr\u00e9hension des divers besoins, comportements et aspirations de l\u2019\u00eatre humain est le moteur de la l\u00e9gislation, des politiques et des programmes destin\u00e9s aux personnes, aux organisations et aux collectivit\u00e9s. Les priorit\u00e9s strat\u00e9giques de la SCP ciblent les activit\u00e9s qui nous aideront \u00e0 concr\u00e9tiser cette contribution. L\u2019impact de notre contribution sera mesur\u00e9 par l\u2019orientation et le succ\u00e8s de nos activit\u00e9s, organis\u00e9es pour faire progresser la recherche, les connaissances et l\u2019application de la psychologie au service de la soci\u00e9t\u00e9 par l\u2019interm\u00e9diaire de la d\u00e9fense des int\u00e9r\u00eats, du soutien et de la collaboration.\n\nCliquez ici pour voir <a href=\"\/docs\/File\/Governance\/MVG - FR - FINAL.pdf\" target=\"_blank\" rel=\"noopener noreferrer\"><strong>le plan strat\u00e9gique 2020-2025 de la SCP<\/strong><\/a> et ses <a href=\"\/docs\/File\/Governance\/Guiding and Operating Principles - FR - FINAL.pdf\" target=\"_blank\" rel=\"noopener noreferrer\"><strong>\u00a0directives op\u00e9rationnelles et principes directeurs<\/strong><\/a>.\n\n\n\n<hr \/>\n\n\n\n-------------------><\/p>\n<h4>Comment fonctionne la SCP?<\/h4>\n<p>La Soci\u00e9t\u00e9 canadienne de psychologie est une association nationale qui se consacre \u00e0 la science, la pratique et l\u2019enseignement de la psychologie au Canada. Avec plus de 7 000 membres et affili\u00e9s, la SCP est la plus grande association professionnelle de psychologues au Canada.<\/p>\n<p>La vision, la politique et les priorit\u00e9s de la SCP sont \u00e9tablies par le conseil d\u2019administration de l\u2019association, conform\u00e9ment au Plan strat\u00e9gique. Le conseil d\u2019administration est \u00e9lu parmi les membres de la SCP, tandis que les personnes qui sont \u00e0 la pr\u00e9sidence sont nomm\u00e9es parmi les membres du conseil d\u2019administration de la SCP. Les trois comit\u00e9s piliers de la SCP (affaires professionnelles, affaires scientifiques, \u00e9ducation et formation) sont pr\u00e9sid\u00e9s par l\u2019administrateur \u00e9lu au conseil d\u2019administration pour repr\u00e9senter le domaine en question (pratique, science ou \u00e9ducation). Deux si\u00e8ges au conseil d\u2019administration sont r\u00e9serv\u00e9s \u00e0 un repr\u00e9sentant de la Section des \u00e9tudiants et un autre, \u00e0 un repr\u00e9sentant du Conseil des sections de la SCP.<\/p>\n<p>La chef de la direction est responsable des activit\u00e9s de la SCP, lesquelles sont ex\u00e9cut\u00e9es par le personnel du si\u00e8ge social.<\/p>\n<p>&nbsp;<\/p>\n","protected":false},"excerpt":{"rendered":"<p><!--more--><\/p>\n","protected":false},"author":1,"featured_media":0,"parent":0,"menu_order":0,"comment_status":"closed","ping_status":"closed","template":"","meta":{"_acf_changed":false,"_monsterinsights_skip_tracking":false,"_monsterinsights_sitenote_active":false,"_monsterinsights_sitenote_note":"","_monsterinsights_sitenote_category":0,"footnotes":""},"class_list":["post-907","page","type-page","status-publish","hentry"],"acf":[],"aioseo_notices":[],"publishpress_future_workflow_manual_trigger":{"enabledWorkflows":[]},"_links":{"self":[{"href":"https:\/\/cpa.ca\/fr\/wp-json\/wp\/v2\/pages\/907","targetHints":{"allow":["GET"]}}],"collection":[{"href":"https:\/\/cpa.ca\/fr\/wp-json\/wp\/v2\/pages"}],"about":[{"href":"https:\/\/cpa.ca\/fr\/wp-json\/wp\/v2\/types\/page"}],"author":[{"embeddable":true,"href":"https:\/\/cpa.ca\/fr\/wp-json\/wp\/v2\/users\/1"}],"replies":[{"embeddable":true,"href":"https:\/\/cpa.ca\/fr\/wp-json\/wp\/v2\/comments?post=907"}],"version-history":[{"count":6,"href":"https:\/\/cpa.ca\/fr\/wp-json\/wp\/v2\/pages\/907\/revisions"}],"predecessor-version":[{"id":46058,"href":"https:\/\/cpa.ca\/fr\/wp-json\/wp\/v2\/pages\/907\/revisions\/46058"}],"wp:attachment":[{"href":"https:\/\/cpa.ca\/fr\/wp-json\/wp\/v2\/media?parent=907"}],"curies":[{"name":"wp","href":"https:\/\/api.w.org\/{rel}","templated":true}]}}