{"id":909,"date":"2017-09-18T14:04:04","date_gmt":"2017-09-18T18:04:04","guid":{"rendered":"https:\/\/cpa.ca\/?page_id=909"},"modified":"2021-02-23T15:25:17","modified_gmt":"2021-02-23T20:25:17","slug":"qui-sommes-nous","status":"publish","type":"page","link":"https:\/\/cpa.ca\/fr\/qui-sommes-nous\/","title":{"rendered":"Qui sommes nous"},"content":{"rendered":"<h2>Nous soutenons la psychologie au Canada<\/h2>\n<p>La Soci\u00e9t\u00e9 canadienne de psychologie (SCP) est la seule association nationale qui se consacre \u00e0 la fois \u00e0 la science, la pratique et l\u2019enseignement de la psychologie au Canada. Depuis 1939, nous soutenons la science, la pratique et l\u2019enseignement de la psychologie au Canada.<\/p>\n<p>La SCP, ce sont 7\u2009000 membres et affili\u00e9s, r\u00e9unis dans ce qu\u2019ils appellent leur communaut\u00e9 professionnelle, qui paient leur cotisation une fois par ann\u00e9e pour \u00eatre membres de l\u2019association ou pour le rester; la SPC, c\u2019est aussi un conseil d\u2019administration, des sections, des comit\u00e9s et des groupes de travail, des chercheurs, des praticiens, des formateurs, des consultants, et le public.<\/p>\n<p>Le si\u00e8ge social de la SCP est situ\u00e9 \u00e0 Ottawa, en Ontario. L\u2019adh\u00e9sion \u00e0 la SCP est volontaire.<\/p>\n","protected":false},"excerpt":{"rendered":"<p>Nous soutenons la psychologie au Canada La Soci\u00e9t\u00e9 canadienne de psychologie (SCP) est la seule association nationale qui se consacre \u00e0 la fois \u00e0 la science, la pratique et l\u2019enseignement de la psychologie au Canada. Depuis 1939, nous soutenons la science, la pratique et l\u2019enseignement de la psychologie au Canada. La SCP, ce sont 7\u2009000 [&hellip;]<\/p>\n","protected":false},"author":1,"featured_media":0,"parent":0,"menu_order":0,"comment_status":"closed","ping_status":"closed","template":"templates\/landing-page.php","meta":{"_acf_changed":false,"_monsterinsights_skip_tracking":false,"_monsterinsights_sitenote_active":false,"_monsterinsights_sitenote_note":"","_monsterinsights_sitenote_category":0,"footnotes":""},"class_list":["post-909","page","type-page","status-publish","hentry"],"acf":[],"aioseo_notices":[],"publishpress_future_workflow_manual_trigger":{"enabledWorkflows":[]},"_links":{"self":[{"href":"https:\/\/cpa.ca\/fr\/wp-json\/wp\/v2\/pages\/909","targetHints":{"allow":["GET"]}}],"collection":[{"href":"https:\/\/cpa.ca\/fr\/wp-json\/wp\/v2\/pages"}],"about":[{"href":"https:\/\/cpa.ca\/fr\/wp-json\/wp\/v2\/types\/page"}],"author":[{"embeddable":true,"href":"https:\/\/cpa.ca\/fr\/wp-json\/wp\/v2\/users\/1"}],"replies":[{"embeddable":true,"href":"https:\/\/cpa.ca\/fr\/wp-json\/wp\/v2\/comments?post=909"}],"version-history":[{"count":11,"href":"https:\/\/cpa.ca\/fr\/wp-json\/wp\/v2\/pages\/909\/revisions"}],"predecessor-version":[{"id":20604,"href":"https:\/\/cpa.ca\/fr\/wp-json\/wp\/v2\/pages\/909\/revisions\/20604"}],"wp:attachment":[{"href":"https:\/\/cpa.ca\/fr\/wp-json\/wp\/v2\/media?parent=909"}],"curies":[{"name":"wp","href":"https:\/\/api.w.org\/{rel}","templated":true}]}}