{"id":914,"date":"2018-04-07T15:20:23","date_gmt":"2018-04-07T15:20:23","guid":{"rendered":"https:\/\/cpa.ca\/?page_id=914"},"modified":"2019-01-29T09:50:31","modified_gmt":"2019-01-29T14:50:31","slug":"ce-que-nous-faisons","status":"publish","type":"page","link":"https:\/\/cpa.ca\/fr\/ce-que-nous-faisons\/","title":{"rendered":"Ce que nous faisons"},"content":{"rendered":"<p>Comme nous constituons la plus importante association nationale qui se consacre \u00e0 la recherche, la pratique et l\u2019enseignement de la psychologie au Canada, nous :<\/p>\n<ul>\n<li>\tfaisons de la repr\u00e9sentation et d\u00e9fendons les int\u00e9r\u00eats de la profession et de la discipline<\/li>\n<li>\tfinan\u00e7ons des travaux de recherche<\/li>\n<li>\tpr\u00e9sidons plusieurs alliances vou\u00e9es \u00e0 la sant\u00e9 mentale et \u00e0 la recherche en sant\u00e9 mentale, ou y si\u00e9geons<\/li>\n<li>\tfaisons la promotion de la recherche en psychologie et de la pratique fond\u00e9e sur des donn\u00e9es probantes<\/li>\n<li>\tpublions trois revues scientifiques avec comit\u00e9 de lecture<\/li>\n<li>\tproduisons de nombreuses publications et fiches d\u2019information<\/li>\n<li>\toffrons des cours et des ateliers de perfectionnement professionnel continu<\/li>\n<li>\tapprouvons les fournisseurs de formation continue<\/li>\n<li>\tfournissons des ressources au public<\/li>\n<li>\taccordons l\u2019agr\u00e9ment des programmes et des stages de formation de troisi\u00e8me cycle<\/li>\n<li>\toffrons des avantages aux membres et des rabais aupr\u00e8s de fournisseurs privil\u00e9gi\u00e9s<\/li>\n<li>\tcr\u00e9ons des groupes de travail et des comit\u00e9s<\/li>\n<li>\tappuyons 32 sections<\/li>\n<li>\tappuyons les \u00e9tudiants en psychologie<\/li>\n<li>\tfournissons des informations aux m\u00e9dias<\/li>\n<li>\ttravaillons en liaison avec des partenaires, des repr\u00e9sentants de la psychologie et d\u2019autres associations qui se consacrent \u00e0 la psychologie<\/li>\n<li>\ttenons un congr\u00e8s annuel<\/li>\n<\/ul>\n","protected":false},"excerpt":{"rendered":"<p>Comme nous constituons la plus importante association nationale qui se consacre \u00e0 la recherche, la pratique et l\u2019enseignement de la psychologie au Canada, nous : faisons de la repr\u00e9sentation et d\u00e9fendons les int\u00e9r\u00eats de la profession et de la discipline finan\u00e7ons des travaux de recherche pr\u00e9sidons plusieurs alliances vou\u00e9es \u00e0 la sant\u00e9 mentale et \u00e0 [&hellip;]<\/p>\n","protected":false},"author":1,"featured_media":0,"parent":0,"menu_order":0,"comment_status":"closed","ping_status":"closed","template":"templates\/landing-page.php","meta":{"_acf_changed":false,"_monsterinsights_skip_tracking":false,"_monsterinsights_sitenote_active":false,"_monsterinsights_sitenote_note":"","_monsterinsights_sitenote_category":0,"footnotes":""},"class_list":["post-914","page","type-page","status-publish","hentry"],"acf":[],"aioseo_notices":[],"publishpress_future_workflow_manual_trigger":{"enabledWorkflows":[]},"_links":{"self":[{"href":"https:\/\/cpa.ca\/fr\/wp-json\/wp\/v2\/pages\/914","targetHints":{"allow":["GET"]}}],"collection":[{"href":"https:\/\/cpa.ca\/fr\/wp-json\/wp\/v2\/pages"}],"about":[{"href":"https:\/\/cpa.ca\/fr\/wp-json\/wp\/v2\/types\/page"}],"author":[{"embeddable":true,"href":"https:\/\/cpa.ca\/fr\/wp-json\/wp\/v2\/users\/1"}],"replies":[{"embeddable":true,"href":"https:\/\/cpa.ca\/fr\/wp-json\/wp\/v2\/comments?post=914"}],"version-history":[{"count":5,"href":"https:\/\/cpa.ca\/fr\/wp-json\/wp\/v2\/pages\/914\/revisions"}],"predecessor-version":[{"id":6198,"href":"https:\/\/cpa.ca\/fr\/wp-json\/wp\/v2\/pages\/914\/revisions\/6198"}],"wp:attachment":[{"href":"https:\/\/cpa.ca\/fr\/wp-json\/wp\/v2\/media?parent=914"}],"curies":[{"name":"wp","href":"https:\/\/api.w.org\/{rel}","templated":true}]}}