{"id":917,"date":"2018-04-07T15:21:57","date_gmt":"2018-04-07T15:21:57","guid":{"rendered":"https:\/\/cpa.ca\/?page_id=917"},"modified":"2019-01-28T15:48:32","modified_gmt":"2019-01-28T20:48:32","slug":"qui-tu-es","status":"publish","type":"page","link":"https:\/\/cpa.ca\/fr\/qui-tu-es\/","title":{"rendered":"Si vous \u00eates"},"content":{"rendered":"<p>Par le truchement de l\u2019ensemble de ses principes, politiques et activit\u00e9s, la SCP s\u2019appuie sur l\u2019id\u00e9e que la science, la pratique et l\u2019enseignement de la psychologie sont d\u2019une grande pertinence pour la politique publique et le bien collectif. La contribution de la SCP, qui s\u2019est donn\u00e9 comme r\u00f4le celui de porte-parole national de la psychologie, sera mesur\u00e9e par les objectifs et le succ\u00e8s de ses activit\u00e9s, organis\u00e9es dans le but de soutenir l\u2019enseignement et la formation en psychologie, l\u2019\u00e9laboration et l\u2019application de la recherche et l\u2019accessibilit\u00e9 aux services et \u00e0 l\u2019expertise des psychologues praticiens. \u00c0 cette fin, la SCP travaille avec diligence pour fournir des informations utiles aux :<\/p>\n<div style=\"vertical-align:top;\">\n<div style=\"display:inline-block; width:250px;max-width:250px; height:100px; border:thin silver solid; padding:5px;margin:5px; text-align:center; font-size:14pt; vertical-align:top;\"><a href=\"\/fr\/adhesion\/\">Membres du SCP<\/a><\/div>\n<div style=\"display:inline-block; width:250px;max-width:250px; height:100px; border:thin silver solid; padding:5px;margin:5px; text-align:center; font-size:14pt; vertical-align:top;\"><a href=\"\/fr\/adhesion\/\">\u00e9tudiants et membres potentiels<\/a><\/div>\n<div style=\"display:inline-block; width:250px;max-width:250px; height:100px; border:thin silver solid; padding:5px;margin:5px; text-align:center; font-size:14pt; vertical-align:top;\"><a href=\"\/fr\/public\/\">membres du public<\/a><\/div>\n<div style=\"display:inline-block; width:250px;max-width:250px; height:100px; border:thin silver solid; padding:5px;margin:5px; text-align:center; font-size:14pt; vertical-align:top;\"><a href=\"\/fr\/education\/\">\u00e9ducateurs et formateurs<\/a><\/div>\n<div style=\"display:inline-block; width:250px;max-width:250px; height:100px; border:thin silver solid; padding:5px;margin:5px; text-align:center; font-size:14pt; vertical-align:top;\"><a href=\"\/fr\/practice\/accesstoservice\/\">fournisseurs de services de sant\u00e9<\/a><\/div>\n<div style=\"display:inline-block; width:250px;max-width:250px; height:100px; border:thin silver solid; padding:5px;margin:5px; text-align:center; font-size:14pt; vertical-align:top;\"><a href=\"\/fr\/science\/\">scientifiques<\/a><\/div>\n<div style=\"display:inline-block; width:250px;max-width:250px; height:100px; border:thin silver solid; padding:5px;margin:5px; text-align:center; font-size:14pt; vertical-align:top;\"><a href=\"\/fr\/submissions\/\">gouvernement<\/a><\/div>\n<div style=\"display:inline-block; width:250px;max-width:250px; height:100px; border:thin silver solid; padding:5px;margin:5px; text-align:center; font-size:14pt; vertical-align:top;\"><a href=\"\/fr\/mediarelations\/\">membres des m\u00e9dias<\/a><\/div>\n<\/div>\n","protected":false},"excerpt":{"rendered":"<p>Par le truchement de l\u2019ensemble de ses principes, politiques et activit\u00e9s, la SCP s\u2019appuie sur l\u2019id\u00e9e que la science, la pratique et l\u2019enseignement de la psychologie sont d\u2019une grande pertinence pour la politique publique et le bien collectif. La contribution de la SCP, qui s\u2019est donn\u00e9 comme r\u00f4le celui de porte-parole national de la psychologie, [&hellip;]<\/p>\n","protected":false},"author":1,"featured_media":0,"parent":0,"menu_order":0,"comment_status":"closed","ping_status":"closed","template":"templates\/landing-page.php","meta":{"_acf_changed":false,"_monsterinsights_skip_tracking":false,"_monsterinsights_sitenote_active":false,"_monsterinsights_sitenote_note":"","_monsterinsights_sitenote_category":0,"footnotes":""},"class_list":["post-917","page","type-page","status-publish","hentry"],"acf":[],"aioseo_notices":[],"publishpress_future_workflow_manual_trigger":{"enabledWorkflows":[]},"_links":{"self":[{"href":"https:\/\/cpa.ca\/fr\/wp-json\/wp\/v2\/pages\/917","targetHints":{"allow":["GET"]}}],"collection":[{"href":"https:\/\/cpa.ca\/fr\/wp-json\/wp\/v2\/pages"}],"about":[{"href":"https:\/\/cpa.ca\/fr\/wp-json\/wp\/v2\/types\/page"}],"author":[{"embeddable":true,"href":"https:\/\/cpa.ca\/fr\/wp-json\/wp\/v2\/users\/1"}],"replies":[{"embeddable":true,"href":"https:\/\/cpa.ca\/fr\/wp-json\/wp\/v2\/comments?post=917"}],"version-history":[{"count":26,"href":"https:\/\/cpa.ca\/fr\/wp-json\/wp\/v2\/pages\/917\/revisions"}],"predecessor-version":[{"id":6192,"href":"https:\/\/cpa.ca\/fr\/wp-json\/wp\/v2\/pages\/917\/revisions\/6192"}],"wp:attachment":[{"href":"https:\/\/cpa.ca\/fr\/wp-json\/wp\/v2\/media?parent=917"}],"curies":[{"name":"wp","href":"https:\/\/api.w.org\/{rel}","templated":true}]}}