{"id":919,"date":"2018-04-07T15:22:47","date_gmt":"2018-04-07T15:22:47","guid":{"rendered":"https:\/\/cpa.ca\/?page_id=919"},"modified":"2019-01-29T11:50:37","modified_gmt":"2019-01-29T16:50:37","slug":"sections-et-comites","status":"publish","type":"page","link":"https:\/\/cpa.ca\/fr\/sections-et-comites\/","title":{"rendered":"Sections et comit\u00e9s"},"content":{"rendered":"<p>Il existe de nombreuses fa\u00e7ons de contribuer au travail et aux activit\u00e9s de la SCP. Le succ\u00e8s de la SCP d\u00e9pend beaucoup du travail de ses b\u00e9n\u00e9voles, qui peuvent s\u2019impliquer de diff\u00e9rentes fa\u00e7ons, notamment en se joignant \u00e0 une section, un comit\u00e9 ou un groupe de travail, en repr\u00e9sentant une organisation externe vou\u00e9e \u00e0 la psychologie ou en se pr\u00e9sentant au conseil d\u2019administration de la SCP. Joignez-vous \u00e0 vos coll\u00e8gues et \u00e0 vos pairs afin de faire profiter la SCP de votre expertise, de diriger, d\u2019apprendre, de r\u00e9seauter, et, en fin de compte, de faire conna\u00eetre au public et aux d\u00e9cideurs la vaste contribution qu\u2019apporte la psychologie \u00e0 la soci\u00e9t\u00e9.<\/p>\n<h4>SECTIONS<\/h4>\n<p>La SCP encourage activement les groupes de membres et d\u2019affili\u00e9s qui ont des int\u00e9r\u00eats communs \u00e0 partager ces int\u00e9r\u00eats dans le cadre des objectifs de la SCP. Ces groupes, appel\u00e9s sections, offrent \u00e0 leurs membres et affili\u00e9s des possibilit\u00e9s de perfectionnement, de la formation et des ressources; ils aident \u00e9galement \u00e0 \u00e9laborer le programme du congr\u00e8s national et \u00e0 participer aux efforts de repr\u00e9sentation. Renseignez-vous maintenant sur les 32 sections de la SCP!<\/p>\n<h4>COMIT\u00c9S DE LA SCP<\/h4>\n<p>Vous voulez assumer un r\u00f4le de premier plan \u00e0 la SCP? Rejoignez les nombreux membres et affili\u00e9s de la SCP qui s\u2019impliquent au conseil d\u2019administration et dans les comit\u00e9s de gestion. Joignez un comit\u00e9 maintenant.<\/p>\n<h4>GROUPES DE TRAVAIL DE LA SCP<\/h4>\n<p>De temps \u00e0 autre, le conseil d\u2019administration de la SCP cr\u00e9e des groupes de travail pour une p\u00e9riode limit\u00e9e, qui sont charg\u00e9s d\u2019explorer diverses questions. Offrez votre expertise et vos connaissances en vous joignant \u00e0 un groupe de travail de la SCP ou en contribuant \u00e0 ses travaux. Pour en savoir plus sur les groupes de travail de la SCP.<\/p>\n","protected":false},"excerpt":{"rendered":"<p>Il existe de nombreuses fa\u00e7ons de contribuer au travail et aux activit\u00e9s de la SCP. Le succ\u00e8s de la SCP d\u00e9pend beaucoup du travail de ses b\u00e9n\u00e9voles, qui peuvent s\u2019impliquer de diff\u00e9rentes fa\u00e7ons, notamment en se joignant \u00e0 une section, un comit\u00e9 ou un groupe de travail, en repr\u00e9sentant une organisation externe vou\u00e9e \u00e0 la [&hellip;]<\/p>\n","protected":false},"author":1,"featured_media":0,"parent":0,"menu_order":0,"comment_status":"closed","ping_status":"closed","template":"templates\/landing-page.php","meta":{"_acf_changed":false,"_monsterinsights_skip_tracking":false,"_monsterinsights_sitenote_active":false,"_monsterinsights_sitenote_note":"","_monsterinsights_sitenote_category":0,"footnotes":""},"class_list":["post-919","page","type-page","status-publish","hentry"],"acf":[],"aioseo_notices":[],"publishpress_future_workflow_manual_trigger":{"enabledWorkflows":[]},"_links":{"self":[{"href":"https:\/\/cpa.ca\/fr\/wp-json\/wp\/v2\/pages\/919","targetHints":{"allow":["GET"]}}],"collection":[{"href":"https:\/\/cpa.ca\/fr\/wp-json\/wp\/v2\/pages"}],"about":[{"href":"https:\/\/cpa.ca\/fr\/wp-json\/wp\/v2\/types\/page"}],"author":[{"embeddable":true,"href":"https:\/\/cpa.ca\/fr\/wp-json\/wp\/v2\/users\/1"}],"replies":[{"embeddable":true,"href":"https:\/\/cpa.ca\/fr\/wp-json\/wp\/v2\/comments?post=919"}],"version-history":[{"count":10,"href":"https:\/\/cpa.ca\/fr\/wp-json\/wp\/v2\/pages\/919\/revisions"}],"predecessor-version":[{"id":6215,"href":"https:\/\/cpa.ca\/fr\/wp-json\/wp\/v2\/pages\/919\/revisions\/6215"}],"wp:attachment":[{"href":"https:\/\/cpa.ca\/fr\/wp-json\/wp\/v2\/media?parent=919"}],"curies":[{"name":"wp","href":"https:\/\/api.w.org\/{rel}","templated":true}]}}