{"id":921,"date":"2017-09-18T14:04:45","date_gmt":"2017-09-18T18:04:45","guid":{"rendered":"https:\/\/cpa.ca\/?page_id=921"},"modified":"2024-12-10T15:55:18","modified_gmt":"2024-12-10T20:55:18","slug":"publications-et-ressources","status":"publish","type":"page","link":"https:\/\/cpa.ca\/fr\/publications-et-ressources\/","title":{"rendered":"Publications et ressources"},"content":{"rendered":"<p><!---Publications landing page --><\/p>\n<p>La SCP est heureuse de mettre \u00e0 la disposition de ses membres, de ses affili\u00e9s et des membres du public, plusieurs publications et ressources.<\/p>\n<h4 style=\"font-style: italic;\">Revues de la SCP<\/h4>\n<p>La SCP a une longue histoire dans le monde de l\u2019\u00e9dition savante, qui remonte \u00e0 1940, avec la parution du <em>Bulletin of C.P.A.<\/em>, dirig\u00e9 par Donald O. Hebb.<\/p>\n<p>La SCP est heureuse de s\u2019associer avec l\u2019American Psychological Association pour publier les trois revues \u00e9valu\u00e9es par les pairs suivantes :<\/p>\n<ul>\n<li>Psychologie canadienne (PC)<\/li>\n<li>Revue canadienne des sciences du comportement (RCSC)<\/li>\n<li>Revue canadienne de psychologie exp\u00e9rimentale (RCPE)<\/li>\n<\/ul>\n<p>PC et la RCSC sont publi\u00e9es quatre fois par an, en janvier, en avril, en juillet et en octobre. La RCPE est publi\u00e9e quatre fois par ann\u00e9e, \u00e0 partir de mars, en collaboration avec la Soci\u00e9t\u00e9 canadienne pour le cerveau, le comportement et la science cognitive (SCCCSC).<\/p>\n<p><a href=\"\/fr\/journalalert\/\">Cliquez ici<\/a> pour en savoir plus sur chaque revue, sur les proc\u00e9dures \u00e0 suivre pour soumettre un article et faire une demande d\u2019autorisation de droit d\u2019auteur, et pour vous inscrire au service de notification par courriel, qui vous avise d\u00e8s que l\u2019une des revues de la SCP fait para\u00eetre un nouveau num\u00e9ro.<\/p>\n<h4 style=\"font-style: italic;\">Psynopsis<\/h4>\n<p><a href=\"\/fr\/Psynopsis\/\">Psynopsis<\/a> est le magazine des psychologues du Canada. Chacun des num\u00e9ros tri-annuel de Psynopsis est consacr\u00e9 \u00e0 un domaine de la recherche en psychologie ou de la pratique de la psychologie, et pr\u00e9sente des articles susceptibles d\u2019int\u00e9resser, non seulement la discipline et la profession, mais aussi un \u00e9ventail d\u2019intervenants qui ont recours au travail des psychologues ou en b\u00e9n\u00e9ficient.<\/p>\n<h4 style=\"font-style: italic;\">S\u00e9rie \u00ab\u2009La psychologie peut vous aider\u2009\u00bb<\/h4>\n<p>Les <a href=\"\/fr\/psychologyfactsheets\/\">fiches d\u2019information de la s\u00e9rie \u00ab\u2009La psychologie peut vous aider\u2009\u00bb<\/a> comptent vous fournir de l\u2019information fiable; chaque fiche d\u2019information pr\u00e9sente de l\u2019information facile \u00e0 lire sur diff\u00e9rents probl\u00e8mes psychologiques et sujets connexes, en plus de mettre en \u00e9vidence le r\u00f4le que peuvent jouer les psychologues pour surmonter ces probl\u00e8mes.<\/p>\n<h4 style=\"font-style: italic;\">Publications et rapports<\/h4>\n<p><a href=\"\/fr\/thecpastore\/purchasecpapublications\/\">fiches d\u2019information de la s\u00e9rie \u00ab\u2009La psychologie peut vous aider\u2009\u00bb<\/a> offertes gratuitement en t\u00e9l\u00e9chargement et des documents qui peuvent \u00eatre achet\u00e9s, comme notre tr\u00e8s populaire manuel d\u2019accompagnement du <em>Code canadien de d\u00e9ontologie professionnelle des psychologues<\/em>, le <em>Companion manual to the Canadian code of ethics for psychologists<\/em> (2017).<\/p>\n<h4 style=\"font-style: italic;\">APA PsycNet<sup>\u00ae<\/sup> Gold<\/h4>\n<p>Gr\u00e2ce \u00e0 un partenariat avec l\u2019APA, la SCP est heureuse d\u2019offrir \u00e0 ses membres l\u2019acc\u00e8s \u00e0 un tarif concurrentiel \u00e0 l\u2019abonnement aux bases de donn\u00e9es \u00e9lectroniques <a href=\"https:\/\/cpa.ca\/fr\/publications-et-ressources\/psycnet-gold\/\">APA PsycNet<sup>\u00ae<\/sup> Gold<\/a>, qui comprennent :<\/p>\n<ul>\n<li><strong>APA PsycInfo\u00ae<\/strong> \u2013 La plus grande base de donn\u00e9es mondiale de r\u00e9sum\u00e9s et de citations provenant d\u2019un large \u00e9ventail de publications de recherche en sciences du comportement<\/li>\n<li><strong>APA PsycArticles\u00ae<\/strong> \u2013 Plus d\u2019un si\u00e8cle d\u2019articles en texte int\u00e9gral tir\u00e9s des revues publi\u00e9es par l\u2019APA et la Soci\u00e9t\u00e9 canadienne de psychologie, et de certains ouvrages en langue anglaise du Hogrefe Publishing Group<\/li>\n<li><strong>APA PsycBooks\u00ae<\/strong> \u2013 Base de donn\u00e9es donnant acc\u00e8s \u00e0 tous les chapitres des plus r\u00e9cents ouvrages universitaires et professionnels publi\u00e9s par l\u2019APA, ainsi que des archives d\u00e9taill\u00e9es r\u00e9pertoriant des publications ant\u00e9rieures, des livres \u00e9puis\u00e9s, des ouvrages classiques et historiques<\/li>\n<li><strong>APA PsycTests\u00ae<\/strong> \u2013 Une solution pratique pour d\u00e9couvrir et utiliser des mesures, des tests et des instruments psychologiques<\/li>\n<li><strong>APA PsycExtra\u00ae<\/strong> \u2013 Base de donn\u00e9es de litt\u00e9rature grise, o\u00f9 trouver des rapports techniques, des communications pr\u00e9sent\u00e9es lors de congr\u00e8s, de la documentation pour les patients et d\u2019autres documents difficiles \u00e0 trouver<\/li>\n<\/ul>\n<h4 style=\"font-style: italic;\">Notes d\u2019id\u00e9es<\/h4>\n<p><a href=\"\/fr\/students\/MindPad\/\">Notes d\u2019id\u00e9es<\/a> est le bulletin r\u00e9dig\u00e9, r\u00e9vis\u00e9 et publi\u00e9 par les \u00e9tudiants en psychologie du Canada. Ses objectifs sont de :<\/p>\n<ol>\n<li>Fournir un bulletin professionnel r\u00e9dig\u00e9 et r\u00e9vis\u00e9 par les \u00e9tudiants en psychologie qui sont membres de la Soci\u00e9t\u00e9 canadienne de psychologie. Le contenu du bulletin doit pr\u00e9senter un int\u00e9r\u00eat pour toutes personnes qui exercent et qui \u00e9tudient la psychologie, mais les \u00e9tudiants en psychologie en constituent l\u2019auditoire principal.<\/li>\n<li>Offrir aux futurs chercheurs en psychologie et aux auteurs la possibilit\u00e9 de faire l\u2019exp\u00e9rience du processus de pr\u00e9sentation de manuscrits, lequel comprend la pr\u00e9sentation de l\u2019article, l\u2019\u00e9valuation et la pr\u00e9sentation du manuscrit modifi\u00e9 en fonction des commentaires de l\u2019auteur et de l\u2019\u00e9valuateur\/r\u00e9dacteur en chef.<\/li>\n<\/ol>\n<h4 style=\"font-style: italic;\">Portail de recrutement de participants \u00e0 la recherche(PRPR)<\/h4>\n<p>R\u00e9serv\u00e9 exclusivement aux membres de la SCP, le <a href=\"\/fr\/researchers\/r2p2\/\">Portail de recrutement de participants \u00e0 la recherche<\/a> permet aux membres de la SCP de recruter des membres souhaitant se porter volontaires pour leurs \u00e9tudes de recherche.<\/p>\n<p><!--\n\n\n<h4 style=\"font-style:italic\">Resources of Interest for Scientists and Practitioners (I don\u2019t know about including this here as the pages they link to have very old content; perhaps create it but then hide it for now)\nThe CPA also compiles lists of resources of relevant to scientists (\/fr\/researchers\/resources\/) and practitioners (\/fr\/practitioners\/resourcesofinterest\/)\n--><\/p>\n","protected":false},"excerpt":{"rendered":"<p>La SCP est heureuse de mettre \u00e0 la disposition de ses membres, de ses affili\u00e9s et des membres du public, plusieurs publications et ressources. Revues de la SCP La SCP a une longue histoire dans le monde de l\u2019\u00e9dition savante, qui remonte \u00e0 1940, avec la parution du Bulletin of C.P.A., dirig\u00e9 par Donald O. [&hellip;]<\/p>\n","protected":false},"author":1,"featured_media":0,"parent":0,"menu_order":0,"comment_status":"closed","ping_status":"closed","template":"templates\/landing-page.php","meta":{"_acf_changed":false,"_monsterinsights_skip_tracking":false,"_monsterinsights_sitenote_active":false,"_monsterinsights_sitenote_note":"","_monsterinsights_sitenote_category":0,"footnotes":""},"class_list":["post-921","page","type-page","status-publish","hentry"],"acf":[],"aioseo_notices":[],"publishpress_future_workflow_manual_trigger":{"enabledWorkflows":[]},"_links":{"self":[{"href":"https:\/\/cpa.ca\/fr\/wp-json\/wp\/v2\/pages\/921","targetHints":{"allow":["GET"]}}],"collection":[{"href":"https:\/\/cpa.ca\/fr\/wp-json\/wp\/v2\/pages"}],"about":[{"href":"https:\/\/cpa.ca\/fr\/wp-json\/wp\/v2\/types\/page"}],"author":[{"embeddable":true,"href":"https:\/\/cpa.ca\/fr\/wp-json\/wp\/v2\/users\/1"}],"replies":[{"embeddable":true,"href":"https:\/\/cpa.ca\/fr\/wp-json\/wp\/v2\/comments?post=921"}],"version-history":[{"count":6,"href":"https:\/\/cpa.ca\/fr\/wp-json\/wp\/v2\/pages\/921\/revisions"}],"predecessor-version":[{"id":41113,"href":"https:\/\/cpa.ca\/fr\/wp-json\/wp\/v2\/pages\/921\/revisions\/41113"}],"wp:attachment":[{"href":"https:\/\/cpa.ca\/fr\/wp-json\/wp\/v2\/media?parent=921"}],"curies":[{"name":"wp","href":"https:\/\/api.w.org\/{rel}","templated":true}]}}