{"id":924,"date":"2018-04-07T15:23:55","date_gmt":"2018-04-07T15:23:55","guid":{"rendered":"https:\/\/cpa.ca\/?page_id=924"},"modified":"2019-02-15T15:29:20","modified_gmt":"2019-02-15T20:29:20","slug":"liens-rapides","status":"publish","type":"page","link":"https:\/\/cpa.ca\/fr\/liens-rapides\/","title":{"rendered":"Liens rapides"},"content":{"rendered":"<div>\n<div style=\"padding:10px; text-align:center; vertical-align:top;border: thin silver solid; margin:5px; display:inline-block; height:200px; max-height:200px; width:200px;\">\n\t<a href=\"\/fr\/careers\/\"><\/p>\n<h4 style=\"height:50px; margin: 0px;\">Annonce de carri\u00e8re<img decoding=\"async\" src=\"\/wp-content\/uploads\/2017\/10\/ProductAd_Careesd.png\" style=\"max-width:100px; height:auto;display: block;  margin-left: auto; margin-right: auto;\" \/><\/h4>\n<p><\/a>\n\t<\/div>\n<div style=\"padding:10px; text-align:center; vertical-align:top;border: thin silver solid; margin:5px; display:inline-block; height:200px; max-height:200px; width:200px;\">\n\t<a href=\"\/fr\/aproposdelascp\/comites\/ethics\/\"><\/p>\n<h4 style=\"height:50px; margin: 0px;\">D\u00e9ontologie<img decoding=\"async\" src=\"\/wp-content\/plugins\/woocommerce\/assets\/images\/placeholder.png\" style=\"max-width:100px; height:auto;display: block;  margin-left: auto; margin-right: auto;\" \/><\/h4>\n<p><\/a>\n\t<\/div>\n<div style=\"padding:10px; text-align:center; vertical-align:top;border: thin silver solid; margin:5px; display:inline-block; height:200px; max-height:200px; width:200px;\">\n\t<a href=\"\/fr\/events\/\"><\/p>\n<h4 style=\"height:50px; margin: 0px;\">Coming Events<img decoding=\"async\" src=\"\/wp-content\/uploads\/2018\/12\/ProductAd_ComingEvents.png\" style=\"max-width:100px; height:auto;display: block;  margin-left: auto; margin-right: auto;\" \/><\/h4>\n<p><\/a>\n\t<\/div>\n<div style=\"padding:10px; text-align:center; vertical-align:top;border: thin silver solid; margin:5px; display:inline-block; height:200px; max-height:200px; width:200px;\">\n\t<a href=\"\/fr\/insurance\/\"><\/p>\n<h4 style=\"height:50px; margin: 0px;\">Assurance<img decoding=\"async\" src=\"\/wp-content\/plugins\/woocommerce\/assets\/images\/placeholder.png\" style=\"max-width:100px; height:auto;display: block;  margin-left: auto; margin-right: auto;\" \/><\/h4>\n<p><\/a>\n\t<\/div>\n<div style=\"padding:10px; text-align:center; vertical-align:top;border: thin silver solid; margin:5px; display:inline-block; height:200px; max-height:200px; width:200px;\">\n\t<a href=\"\/fr\/advertisewithcpa\/\"><\/p>\n<h4 style=\"height:50px; margin: 0px;\">Publicit\u00e9<img decoding=\"async\" src=\"\/wp-content\/uploads\/2018\/12\/ProductAd_Advertise.png\" style=\"max-width:100px; height:auto;display: block;  margin-left: auto; margin-right: auto;\" \/><\/h4>\n<p><\/a>\n\t<\/div>\n<div style=\"padding:10px; text-align:center; vertical-align:top;border: thin silver solid; margin:5px; display:inline-block; height:200px; max-height:200px; width:200px;\">\n\t<a href=\"\/fr\/lapsychologiepeutvousaider\/\"><\/p>\n<h4 style=\"height:50px; margin: 0px;\">La psychologie peut vous aider<img decoding=\"async\" src=\"\/wp-content\/uploads\/2018\/08\/FactSheetsL.jpg\" style=\"max-height:100px; width:auto;display: block;  margin-left: auto; margin-right: auto;\" \/><\/h4>\n<p><\/a>\n\t<\/div>\n<div style=\"padding: 10px; text-align: center; vertical-align: top; border: thin silver solid; margin: 5px; display: inline-block; height: 200px; max-height: 200px; width: 200px;\">\n\t<a href=\"\/fr\/professionaldevelopment\/webcourses\/\"><\/p>\n<h4 style=\"height: 50px; margin: 0px;\">Web-Based<br \/>Continuing Education<br \/>Courses<img decoding=\"async\" style=\"max-width: 100px; height: auto; display: block; margin-left: auto; margin-right: auto;\" src=\"\/wp-content\/plugins\/woocommerce\/assets\/images\/placeholder.png\" \/><\/h4>\n<p><\/a>\n<\/div>\n<\/div>\n","protected":false},"excerpt":{"rendered":"<p>Annonce de carri\u00e8re D\u00e9ontologie Coming Events Assurance Publicit\u00e9 La psychologie peut vous aider Web-BasedContinuing EducationCourses<\/p>\n","protected":false},"author":1,"featured_media":0,"parent":0,"menu_order":0,"comment_status":"closed","ping_status":"closed","template":"templates\/no-sidebar.php","meta":{"_acf_changed":false,"_monsterinsights_skip_tracking":false,"_monsterinsights_sitenote_active":false,"_monsterinsights_sitenote_note":"","_monsterinsights_sitenote_category":0,"footnotes":""},"class_list":["post-924","page","type-page","status-publish","hentry"],"acf":[],"aioseo_notices":[],"publishpress_future_workflow_manual_trigger":{"enabledWorkflows":[]},"_links":{"self":[{"href":"https:\/\/cpa.ca\/fr\/wp-json\/wp\/v2\/pages\/924","targetHints":{"allow":["GET"]}}],"collection":[{"href":"https:\/\/cpa.ca\/fr\/wp-json\/wp\/v2\/pages"}],"about":[{"href":"https:\/\/cpa.ca\/fr\/wp-json\/wp\/v2\/types\/page"}],"author":[{"embeddable":true,"href":"https:\/\/cpa.ca\/fr\/wp-json\/wp\/v2\/users\/1"}],"replies":[{"embeddable":true,"href":"https:\/\/cpa.ca\/fr\/wp-json\/wp\/v2\/comments?post=924"}],"version-history":[{"count":11,"href":"https:\/\/cpa.ca\/fr\/wp-json\/wp\/v2\/pages\/924\/revisions"}],"predecessor-version":[{"id":6388,"href":"https:\/\/cpa.ca\/fr\/wp-json\/wp\/v2\/pages\/924\/revisions\/6388"}],"wp:attachment":[{"href":"https:\/\/cpa.ca\/fr\/wp-json\/wp\/v2\/media?parent=924"}],"curies":[{"name":"wp","href":"https:\/\/api.w.org\/{rel}","templated":true}]}}