{"id":21473,"date":"2021-04-21T10:00:44","date_gmt":"2021-04-21T14:00:44","guid":{"rendered":"https:\/\/cpa.ca\/product\/covid-19-public-resources-member-messages\/"},"modified":"2022-03-25T15:15:23","modified_gmt":"2022-03-25T19:15:23","slug":"covid-19-public-resources-member-messages","status":"publish","type":"product","link":"https:\/\/cpa.ca\/fr\/produit\/covid-19-public-resources-member-messages\/","title":{"rendered":"Ressources COVID-19 et Messages aux membres"},"content":{"rendered":"<p>\u00c0 mesure que l\u2019impact de la COVID-19 se fait sentir dans le monde entier, nous reconnaissons la pression que met la crise actuelle, et en constante \u00e9volution, sur les \u00e9ducateurs, les enseignants, les superviseurs et les praticiens du domaine de la psychologie de partout au Canada. Au nom de la SCP, nous exprimons notre gratitude au grand nombre d\u2019entre vous, qui jouez un r\u00f4le de leadership dans leurs collectivit\u00e9s, et qui s\u2019efforcent de r\u00e9pondre aux besoins de leurs coll\u00e8gues, leurs \u00e9tudiants, leurs patients, le gouvernement et le public. Pour appuyer vos efforts et informer le public, nous avons compil\u00e9 et cr\u00e9\u00e9 diverses ressources.<br \/>\n<a href=\"https:\/\/cpa.ca\/fr\/corona-virus\/\">Cliquer ici pour plus d&#8217;information<\/a>.<\/p>\n","protected":false},"excerpt":{"rendered":"<p>Ressources COVID-19.<br \/>\n<a href=\"https:\/\/cpa.ca\/fr\/corona-virus\/\">Cliquer ici pour plus d&#8217;information<\/a>.<\/p>\n","protected":false},"featured_media":28895,"comment_status":"closed","ping_status":"closed","template":"","meta":{"_acf_changed":false,"_monsterinsights_skip_tracking":false,"_monsterinsights_sitenote_active":false,"_monsterinsights_sitenote_note":"","_monsterinsights_sitenote_category":0},"product_brand":[],"product_cat":[100],"product_tag":[],"class_list":{"0":"post-21473","1":"product","2":"type-product","3":"status-publish","4":"has-post-thumbnail","6":"product_cat-prestations-de-service","8":"first","9":"instock","10":"taxable","11":"shipping-taxable","12":"product-type-simple"},"acf":[],"aioseo_notices":[],"publishpress_future_workflow_manual_trigger":{"enabledWorkflows":[]},"_links":{"self":[{"href":"https:\/\/cpa.ca\/fr\/wp-json\/wp\/v2\/product\/21473","targetHints":{"allow":["GET"]}}],"collection":[{"href":"https:\/\/cpa.ca\/fr\/wp-json\/wp\/v2\/product"}],"about":[{"href":"https:\/\/cpa.ca\/fr\/wp-json\/wp\/v2\/types\/product"}],"replies":[{"embeddable":true,"href":"https:\/\/cpa.ca\/fr\/wp-json\/wp\/v2\/comments?post=21473"}],"wp:featuredmedia":[{"embeddable":true,"href":"https:\/\/cpa.ca\/fr\/wp-json\/wp\/v2\/media\/28895"}],"wp:attachment":[{"href":"https:\/\/cpa.ca\/fr\/wp-json\/wp\/v2\/media?parent=21473"}],"wp:term":[{"taxonomy":"product_brand","embeddable":true,"href":"https:\/\/cpa.ca\/fr\/wp-json\/wp\/v2\/product_brand?post=21473"},{"taxonomy":"product_cat","embeddable":true,"href":"https:\/\/cpa.ca\/fr\/wp-json\/wp\/v2\/product_cat?post=21473"},{"taxonomy":"product_tag","embeddable":true,"href":"https:\/\/cpa.ca\/fr\/wp-json\/wp\/v2\/product_tag?post=21473"}],"curies":[{"name":"wp","href":"https:\/\/api.w.org\/{rel}","templated":true}]}}