{"id":8969,"date":"2018-12-08T22:39:09","date_gmt":"2018-12-09T03:39:09","guid":{"rendered":"https:\/\/cpa.ca\/?post_type=product&#038;p=8969"},"modified":"2019-09-17T14:27:22","modified_gmt":"2019-09-17T18:27:22","slug":"portail-de-recrutement-de-participants-a-la-recherche","status":"publish","type":"product","link":"https:\/\/cpa.ca\/fr\/produit\/portail-de-recrutement-de-participants-a-la-recherche\/","title":{"rendered":"Portail de recrutement de participants \u00e0 la recherche (PRPR)"},"content":{"rendered":"<p>Ce portail, r\u00e9serv\u00e9 aux membres de la SCP seulement, a \u00e9t\u00e9 cr\u00e9\u00e9 afin de permettre aux membres de la SCP d\u2019afficher des demandes pour que d\u2019autres membres de la SCP servent de participants dans leurs \u00e9tudes de recherche.<\/p>\n<p>Pour afficher votre projet vous devez nous en fournir une br\u00e8ve description, indiquant qui vous cherchez \u00e0 recruter, l\u2019obligation des participants et la dur\u00e9e de la collecte de donn\u00e9es.<\/p>\n<p>Pour plus d\u2019informations, reportez-vous au Portail de recrutement de participants \u00e0 la recherche, qui d\u00e9crit le processus de proposition.<\/p>\n<p>Pr\u00e9sentez votre \u00e9tude en t\u00e9l\u00e9chargeant le formulaire PDF \u00e0 remplir et envoyez celui-ci par courriel \u00e0 Lisa Votta-Bleeker.<\/p>\n","protected":false},"excerpt":{"rendered":"<p>Ce portail, r\u00e9serv\u00e9 aux membres de la SCP seulement, a \u00e9t\u00e9 cr\u00e9\u00e9 afin de permettre aux membres de la SCP d\u2019afficher des demandes pour que d\u2019autres membres de la SCP servent de participants dans leurs \u00e9tudes de recherche.<\/p>\n<p>Pour afficher votre projet vous devez nous en fournir une br\u00e8ve description, indiquant qui vous cherchez \u00e0 recruter, l\u2019obligation des participants et la dur\u00e9e de la collecte de donn\u00e9es.<\/p>\n<p>Pour plus d\u2019informations, reportez-vous au Portail de recrutement de participants \u00e0 la recherche, qui d\u00e9crit le processus de proposition.<\/p>\n<p>Pr\u00e9sentez votre \u00e9tude en t\u00e9l\u00e9chargeant le formulaire PDF \u00e0 remplir et envoyez celui-ci par courriel \u00e0 Lisa Votta-Bleeker.<\/p>\n","protected":false},"featured_media":29103,"comment_status":"closed","ping_status":"closed","template":"","meta":{"_acf_changed":false,"_monsterinsights_skip_tracking":false,"_monsterinsights_sitenote_active":false,"_monsterinsights_sitenote_note":"","_monsterinsights_sitenote_category":0},"product_brand":[],"product_cat":[63,100],"product_tag":[],"class_list":{"0":"post-8969","1":"product","2":"type-product","3":"status-publish","4":"has-post-thumbnail","6":"product_cat-non-classifiee","7":"product_cat-prestations-de-service","9":"first","10":"instock","11":"taxable","12":"shipping-taxable","13":"product-type-simple"},"acf":[],"aioseo_notices":[],"publishpress_future_workflow_manual_trigger":{"enabledWorkflows":[]},"_links":{"self":[{"href":"https:\/\/cpa.ca\/fr\/wp-json\/wp\/v2\/product\/8969","targetHints":{"allow":["GET"]}}],"collection":[{"href":"https:\/\/cpa.ca\/fr\/wp-json\/wp\/v2\/product"}],"about":[{"href":"https:\/\/cpa.ca\/fr\/wp-json\/wp\/v2\/types\/product"}],"replies":[{"embeddable":true,"href":"https:\/\/cpa.ca\/fr\/wp-json\/wp\/v2\/comments?post=8969"}],"wp:featuredmedia":[{"embeddable":true,"href":"https:\/\/cpa.ca\/fr\/wp-json\/wp\/v2\/media\/29103"}],"wp:attachment":[{"href":"https:\/\/cpa.ca\/fr\/wp-json\/wp\/v2\/media?parent=8969"}],"wp:term":[{"taxonomy":"product_brand","embeddable":true,"href":"https:\/\/cpa.ca\/fr\/wp-json\/wp\/v2\/product_brand?post=8969"},{"taxonomy":"product_cat","embeddable":true,"href":"https:\/\/cpa.ca\/fr\/wp-json\/wp\/v2\/product_cat?post=8969"},{"taxonomy":"product_tag","embeddable":true,"href":"https:\/\/cpa.ca\/fr\/wp-json\/wp\/v2\/product_tag?post=8969"}],"curies":[{"name":"wp","href":"https:\/\/api.w.org\/{rel}","templated":true}]}}