{"id":8977,"date":"2018-12-08T17:59:52","date_gmt":"2018-12-08T22:59:52","guid":{"rendered":"https:\/\/cpa.ca\/?post_type=product&#038;p=8977"},"modified":"2019-09-17T15:05:27","modified_gmt":"2019-09-17T19:05:27","slug":"annoncer-des-offres-demploi","status":"publish","type":"product","link":"https:\/\/cpa.ca\/fr\/produit\/annoncer-des-offres-demploi\/","title":{"rendered":"Annoncer des offres d\u2019emploi"},"content":{"rendered":"<p>Le site Web de la SCP re\u00e7oit plus de 45 000 visiteurs uniques chaque mois et pr\u00e8s de 25% de tous les visiteurs se retrouvent sur la page <a href=\"\/fr\/careers\/\">Annoncer des offres d\u2019emploi<\/a>.<\/p>\n<p>Ce trafic en ligne r\u00e9gulier fournit \u00e0 votre annonce de carri\u00e8re une exposition maximale aux psychologues au Canada.<\/p>\n<p>Veuillez consulter <a href=\"\/fr\/careers\/advertise\/\">https:\/\/cpa.ca\/fr\/careers\/advertise\/<\/a> pour plus d&#8217;informations.<\/p>\n","protected":false},"excerpt":{"rendered":"<p>Le site Web de la SCP re\u00e7oit plus de 45 000 visiteurs uniques chaque mois et pr\u00e8s de 25% de tous les visiteurs se retrouvent sur la page <a href=\"\/fr\/careers\/\">Annoncer des offres d\u2019emploi<\/a>.<\/p>\n<p>Ce trafic en ligne r\u00e9gulier fournit \u00e0 votre annonce de carri\u00e8re une exposition maximale aux psychologues au Canada.<\/p>\n<p>Veuillez consulter <a href=\"\/fr\/careers\/advertise\/\">https:\/\/cpa.ca\/fr\/careers\/advertise\/<\/a> pour plus d&#8217;informations.<\/p>\n","protected":false},"featured_media":28906,"comment_status":"closed","ping_status":"closed","template":"","meta":{"_acf_changed":false,"_monsterinsights_skip_tracking":false,"_monsterinsights_sitenote_active":false,"_monsterinsights_sitenote_note":"","_monsterinsights_sitenote_category":0},"product_brand":[],"product_cat":[95,96],"product_tag":[],"class_list":{"0":"post-8977","1":"product","2":"type-product","3":"status-publish","4":"has-post-thumbnail","6":"product_cat-publicite","7":"product_cat-publicite-carriere","9":"first","10":"instock","11":"virtual","12":"taxable","13":"product-type-simple"},"acf":[],"aioseo_notices":[],"publishpress_future_workflow_manual_trigger":{"enabledWorkflows":[]},"_links":{"self":[{"href":"https:\/\/cpa.ca\/fr\/wp-json\/wp\/v2\/product\/8977","targetHints":{"allow":["GET"]}}],"collection":[{"href":"https:\/\/cpa.ca\/fr\/wp-json\/wp\/v2\/product"}],"about":[{"href":"https:\/\/cpa.ca\/fr\/wp-json\/wp\/v2\/types\/product"}],"replies":[{"embeddable":true,"href":"https:\/\/cpa.ca\/fr\/wp-json\/wp\/v2\/comments?post=8977"}],"wp:featuredmedia":[{"embeddable":true,"href":"https:\/\/cpa.ca\/fr\/wp-json\/wp\/v2\/media\/28906"}],"wp:attachment":[{"href":"https:\/\/cpa.ca\/fr\/wp-json\/wp\/v2\/media?parent=8977"}],"wp:term":[{"taxonomy":"product_brand","embeddable":true,"href":"https:\/\/cpa.ca\/fr\/wp-json\/wp\/v2\/product_brand?post=8977"},{"taxonomy":"product_cat","embeddable":true,"href":"https:\/\/cpa.ca\/fr\/wp-json\/wp\/v2\/product_cat?post=8977"},{"taxonomy":"product_tag","embeddable":true,"href":"https:\/\/cpa.ca\/fr\/wp-json\/wp\/v2\/product_tag?post=8977"}],"curies":[{"name":"wp","href":"https:\/\/api.w.org\/{rel}","templated":true}]}}