{"id":8981,"date":"2017-10-22T19:49:59","date_gmt":"2017-10-22T23:49:59","guid":{"rendered":"https:\/\/cpa.ca\/?post_type=product&#038;p=8981"},"modified":"2022-03-31T15:19:05","modified_gmt":"2022-03-31T19:19:05","slug":"annoncer-dans-psynopsis","status":"publish","type":"product","link":"https:\/\/cpa.ca\/fr\/produit\/annoncer-dans-psynopsis\/","title":{"rendered":"Annoncer dans Psynopsis"},"content":{"rendered":"<p>Par l\u2019interm\u00e9diaire de la publicit\u00e9, <em>Psynopsis<\/em> offre la possibilit\u00e9 de joindre les praticiens, les chercheurs, les universitaires, les \u00e9tudiants, le gouvernement et diff\u00e9rents intervenants en sant\u00e9 mentale. Les annonces commerciales qui ont un lien avec la psychologie et qui sont pertinentes pour les membres de la SCP sont accept\u00e9es.<\/p>\n<p> <a href=\"\/fr\/psynopsis\/advertising\/\">Cliquez ici<\/a> pour plus d&#8217;informations et les d\u00e9lais.<\/p>\n","protected":false},"excerpt":{"rendered":"<p>Par l\u2019interm\u00e9diaire de la publicit\u00e9, <em>Psynopsis<\/em> offre la possibilit\u00e9 de joindre les praticiens, les chercheurs, les universitaires, les \u00e9tudiants, le gouvernement et diff\u00e9rents intervenants en sant\u00e9 mentale. Les annonces commerciales qui ont un lien avec la psychologie et qui sont pertinentes pour les membres de la SCP sont accept\u00e9es.<\/p>\n<p> <a href=\"\/fr\/psynopsis\/advertising\/\">Cliquez ici<\/a> pour plus d&#8217;informations et les d\u00e9lais.<\/p>\n","protected":false},"featured_media":28910,"comment_status":"open","ping_status":"closed","template":"","meta":{"_acf_changed":false,"_monsterinsights_skip_tracking":false,"_monsterinsights_sitenote_active":false,"_monsterinsights_sitenote_note":"","_monsterinsights_sitenote_category":0},"product_brand":[],"product_cat":[95],"product_tag":[],"class_list":{"0":"post-8981","1":"product","2":"type-product","3":"status-publish","4":"has-post-thumbnail","6":"product_cat-publicite","8":"first","9":"instock","10":"virtual","11":"taxable","12":"product-type-simple"},"acf":[],"aioseo_notices":[],"publishpress_future_workflow_manual_trigger":{"enabledWorkflows":[]},"_links":{"self":[{"href":"https:\/\/cpa.ca\/fr\/wp-json\/wp\/v2\/product\/8981","targetHints":{"allow":["GET"]}}],"collection":[{"href":"https:\/\/cpa.ca\/fr\/wp-json\/wp\/v2\/product"}],"about":[{"href":"https:\/\/cpa.ca\/fr\/wp-json\/wp\/v2\/types\/product"}],"replies":[{"embeddable":true,"href":"https:\/\/cpa.ca\/fr\/wp-json\/wp\/v2\/comments?post=8981"}],"wp:featuredmedia":[{"embeddable":true,"href":"https:\/\/cpa.ca\/fr\/wp-json\/wp\/v2\/media\/28910"}],"wp:attachment":[{"href":"https:\/\/cpa.ca\/fr\/wp-json\/wp\/v2\/media?parent=8981"}],"wp:term":[{"taxonomy":"product_brand","embeddable":true,"href":"https:\/\/cpa.ca\/fr\/wp-json\/wp\/v2\/product_brand?post=8981"},{"taxonomy":"product_cat","embeddable":true,"href":"https:\/\/cpa.ca\/fr\/wp-json\/wp\/v2\/product_cat?post=8981"},{"taxonomy":"product_tag","embeddable":true,"href":"https:\/\/cpa.ca\/fr\/wp-json\/wp\/v2\/product_tag?post=8981"}],"curies":[{"name":"wp","href":"https:\/\/api.w.org\/{rel}","templated":true}]}}