{"id":8982,"date":"2017-10-19T14:53:06","date_gmt":"2017-10-19T18:53:06","guid":{"rendered":"https:\/\/cpa.ca\/?post_type=product&#038;p=8982"},"modified":"2022-03-31T15:18:28","modified_gmt":"2022-03-31T19:18:28","slug":"assurance-responsabilite-professionnelle","status":"publish","type":"product","link":"https:\/\/cpa.ca\/fr\/produit\/assurance-responsabilite-professionnelle\/","title":{"rendered":"Assurance-responsabilit\u00e9 professionnelle"},"content":{"rendered":"<p>Les membres de la Soci\u00e9t\u00e9 canadienne de psychologie ont acc\u00e8s \u00e0 un programme d\u2019assurance responsabilit\u00e9 professionnelle de premier plan g\u00e9r\u00e9 par BMS Canada Risk Services Ltd. (groupe BMS). BMS est le fournisseur officiel d\u2019assurance responsabilit\u00e9 civile professionnelle et d\u2019assurance responsabilit\u00e9 civile g\u00e9n\u00e9rale de la SCP. En choisissant un programme qui repose sur un mod\u00e8le commercial \u00ab pour les membres et par les membres \u00bb, la SCP et les associations provinciales\/territoriales participantes (Conseil des soci\u00e9t\u00e9s professionnelles de psychologues [CSPP]) ont uni leurs forces pour fournir \u00e0 leurs membres une plus grande couverture \u00e0 un co\u00fbt r\u00e9duit.<\/p>\n<p><a href=\"\/fr\/insurance\/business\/\"> Cliquez ici pour plus d&#8217;informations <\/a>.<\/p>\n","protected":false},"excerpt":{"rendered":"<p>BMS est le fournisseur officiel d\u2019assurance responsabilit\u00e9 civile professionnelle et d\u2019assurance responsabilit\u00e9 civile g\u00e9n\u00e9rale des membres de la SCP.<\/p>\n<p><a href=\"\/fr\/insurance\/business\/\"> Cliquez ici pour plus d&#8217;informations <\/a>.<\/p>\n","protected":false},"featured_media":28912,"comment_status":"closed","ping_status":"closed","template":"","meta":{"_acf_changed":false,"_monsterinsights_skip_tracking":false,"_monsterinsights_sitenote_active":false,"_monsterinsights_sitenote_note":"","_monsterinsights_sitenote_category":0},"product_brand":[],"product_cat":[100],"product_tag":[],"class_list":{"0":"post-8982","1":"product","2":"type-product","3":"status-publish","4":"has-post-thumbnail","6":"product_cat-prestations-de-service","8":"first","9":"instock","10":"virtual","11":"taxable","12":"product-type-simple"},"acf":[],"aioseo_notices":[],"publishpress_future_workflow_manual_trigger":{"enabledWorkflows":[]},"_links":{"self":[{"href":"https:\/\/cpa.ca\/fr\/wp-json\/wp\/v2\/product\/8982","targetHints":{"allow":["GET"]}}],"collection":[{"href":"https:\/\/cpa.ca\/fr\/wp-json\/wp\/v2\/product"}],"about":[{"href":"https:\/\/cpa.ca\/fr\/wp-json\/wp\/v2\/types\/product"}],"replies":[{"embeddable":true,"href":"https:\/\/cpa.ca\/fr\/wp-json\/wp\/v2\/comments?post=8982"}],"wp:featuredmedia":[{"embeddable":true,"href":"https:\/\/cpa.ca\/fr\/wp-json\/wp\/v2\/media\/28912"}],"wp:attachment":[{"href":"https:\/\/cpa.ca\/fr\/wp-json\/wp\/v2\/media?parent=8982"}],"wp:term":[{"taxonomy":"product_brand","embeddable":true,"href":"https:\/\/cpa.ca\/fr\/wp-json\/wp\/v2\/product_brand?post=8982"},{"taxonomy":"product_cat","embeddable":true,"href":"https:\/\/cpa.ca\/fr\/wp-json\/wp\/v2\/product_cat?post=8982"},{"taxonomy":"product_tag","embeddable":true,"href":"https:\/\/cpa.ca\/fr\/wp-json\/wp\/v2\/product_tag?post=8982"}],"curies":[{"name":"wp","href":"https:\/\/api.w.org\/{rel}","templated":true}]}}